{"id":846,"date":"2024-10-15T15:06:20","date_gmt":"2024-10-15T07:06:20","guid":{"rendered":"https:\/\/chnsensor.com\/?post_type=product&#038;p=846"},"modified":"2025-07-29T15:29:32","modified_gmt":"2025-07-29T07:29:32","slug":"saier-pp-float-level-sensor-low-or-high-alarm-float-switch","status":"publish","type":"product","link":"https:\/\/chnsensor.com\/es\/producto\/saier-pp-float-level-sensor-low-or-high-alarm-float-switch\/","title":{"rendered":"SAIER Float Level Sensor PP Low Or High Alarm Float Switch"},"content":{"rendered":"<p>Interruptor de flotador, se aplican al control de nivel y alarma de todo tipo de industria como la electr\u00f3nica, energ\u00eda el\u00e9ctrica, qu\u00edmica, tratamiento de aguas, suministro de agua y drenaje.<\/p>\n<h5 id=\"key-attributes\" class=\"att-title\" data-spm-anchor-id=\"a2700.details.0.i89.2c4a7df1kowDPF\">Atributos clave\uff1a<\/h5>\n<p><strong>Tipo<\/strong>\uff1aSensor de nivel de l\u00edquido<\/p>\n<p><strong>Salida<\/strong>\uff1aSe\u00f1al de conmutaci\u00f3n<\/p>\n<p><strong>Tipo de montaje:<\/strong>Vertical<\/p>\n<p><strong> N\u00famero de modelo<\/strong>SEN-PPi35<\/p>\n<p><strong>Teor\u00eda\uff1a<\/strong>Sensor de proximidad tipo Reed<\/p>\n<p><strong>Especificaci\u00f3n:<\/strong>Di\u00e1metro de la bola flotadora 24 mm, tornillo fijo M10<\/p>\n<p><strong>Potencia del interruptor:<\/strong>10 W, tipo normalmente abierto<\/p>\n<p><strong>Tensi\u00f3n nominal:<\/strong>Por debajo de DC24V<\/p>\n<p><strong>Rango de tensi\u00f3n de funcionamiento:<\/strong>Por debajo de DC110V<\/p>\n<p><strong>Requisito medio\uff1a<\/strong>El agua o el l\u00edquido no da\u00f1an la bola flotadora, 0~60\u2103<\/p>\n<div id=\"v-m8RHnWTD-1\" class=\"video-player\"><iframe title='Reproductor de video VideoPress' aria-label='Reproductor de video VideoPress' width='400' height='224' src='https:\/\/videopress.com\/embed\/m8RHnWTD?hd=1&amp;cover=1&amp;loop=0&amp;autoPlay=0&amp;permalink=1&amp;muted=0&amp;controls=1&amp;playsinline=0&amp;useAverageColor=0&amp;preloadContent=metadata' frameborder='0' allowfullscreen data-resize-to-parent=\"true\" allow='clipboard-write'><\/iframe><script src='https:\/\/s0.wp.com\/wp-content\/plugins\/video\/assets\/js\/next\/videopress-iframe.js'><\/script><\/div>","protected":false},"excerpt":{"rendered":"<p>Float Switch, apply to level control and alarm of all kinds of industry such as electronic, electric power, chemical, water treatment, water supply and drainage. Key attributes\uff1a Type\uff1aLiquid Level Sensor Output\uff1aSwitch Signal Mounting Type:Vertical Model Number:SEN-PPi35 Theory\uff1aReed Type Proximity Sensor Specifictation:Float Ball Diameter 24mm, Fixed Screw M10 Switch Power:10W, Normally Open Type Rated Voltage:Below DC24V [&hellip;]<\/p>\n","protected":false},"featured_media":836,"comment_status":"open","ping_status":"closed","template":"","meta":{"_eb_attr":"","jetpack_publicize_message":"","jetpack_publicize_feature_enabled":true,"jetpack_social_post_already_shared":true,"jetpack_social_options":{"image_generator_settings":{"template":"highway","default_image_id":0,"font":"","enabled":false},"version":2},"_wpas_customize_per_network":false},"product_brand":[],"product_cat":[132618,132620],"product_tag":[132635,132636],"class_list":{"0":"post-846","1":"product","2":"type-product","3":"status-publish","4":"has-post-thumbnail","6":"product_cat-float-level-switch","7":"product_cat-plastic-float-switch","8":"product_tag-float-level-sensor","9":"product_tag-pp-float-switch","11":"first","12":"instock","13":"shipping-taxable","14":"product-type-simple"},"yoast_head":"<!-- This site is optimized with the Yoast SEO plugin v27.6 - https:\/\/yoast.com\/product\/yoast-seo-wordpress\/ -->\n<title>SAIER Float Level Sensor PP Low Or High Alarm Float Switch - Professional manufacturer of sensors<\/title>\n<meta name=\"description\" content=\"Vertical Float Level Sensor Mini Pp Float Switch Water Level Control 25mm-300mm Magnetic Pp Plastic 10w 70w Water Tank Level Sensor Float Switch\" \/>\n<meta name=\"robots\" content=\"index, follow, max-snippet:-1, max-image-preview:large, max-video-preview:-1\" \/>\n<link rel=\"canonical\" href=\"https:\/\/chnsensor.com\/es\/producto\/saier-pp-float-level-sensor-low-or-high-alarm-float-switch\/\" \/>\n<meta property=\"og:locale\" content=\"es_ES\" \/>\n<meta property=\"og:type\" content=\"article\" \/>\n<meta property=\"og:title\" content=\"SAIER Float Level Sensor PP Low Or High Alarm Float Switch - Professional manufacturer of sensors\" \/>\n<meta property=\"og:description\" content=\"Vertical Float Level Sensor Mini Pp Float Switch Water Level Control 25mm-300mm Magnetic Pp Plastic 10w 70w Water Tank Level Sensor Float Switch\" \/>\n<meta property=\"og:url\" content=\"https:\/\/chnsensor.com\/es\/producto\/saier-pp-float-level-sensor-low-or-high-alarm-float-switch\/\" \/>\n<meta property=\"og:site_name\" content=\"Professional manufacturer of sensors\" \/>\n<meta property=\"article:modified_time\" content=\"2025-07-29T07:29:32+00:00\" \/>\n<meta property=\"og:image\" content=\"https:\/\/chnsensor.com\/wp-content\/uploads\/2024\/10\/PPI.png\" \/>\n\t<meta property=\"og:image:width\" content=\"800\" \/>\n\t<meta property=\"og:image:height\" content=\"800\" \/>\n\t<meta property=\"og:image:type\" content=\"image\/png\" \/>\n<meta name=\"twitter:card\" content=\"summary_large_image\" \/>\n<meta name=\"twitter:label1\" content=\"Tiempo de lectura\" \/>\n\t<meta name=\"twitter:data1\" content=\"1 minuto\" \/>\n<script type=\"application\/ld+json\" class=\"yoast-schema-graph\">{\"@context\":\"https:\\\/\\\/schema.org\",\"@graph\":[{\"@type\":\"WebPage\",\"@id\":\"https:\\\/\\\/chnsensor.com\\\/product\\\/saier-pp-float-level-sensor-low-or-high-alarm-float-switch\\\/\",\"url\":\"https:\\\/\\\/chnsensor.com\\\/product\\\/saier-pp-float-level-sensor-low-or-high-alarm-float-switch\\\/\",\"name\":\"SAIER Float Level Sensor PP Low Or High Alarm Float Switch - Professional manufacturer of sensors\",\"isPartOf\":{\"@id\":\"https:\\\/\\\/chnsensor.com\\\/#website\"},\"primaryImageOfPage\":{\"@id\":\"https:\\\/\\\/chnsensor.com\\\/product\\\/saier-pp-float-level-sensor-low-or-high-alarm-float-switch\\\/#primaryimage\"},\"image\":{\"@id\":\"https:\\\/\\\/chnsensor.com\\\/product\\\/saier-pp-float-level-sensor-low-or-high-alarm-float-switch\\\/#primaryimage\"},\"thumbnailUrl\":\"https:\\\/\\\/i0.wp.com\\\/chnsensor.com\\\/wp-content\\\/uploads\\\/2024\\\/10\\\/PPI.png?fit=800%2C800&ssl=1\",\"datePublished\":\"2024-10-15T07:06:20+00:00\",\"dateModified\":\"2025-07-29T07:29:32+00:00\",\"description\":\"Vertical Float Level Sensor Mini Pp Float Switch Water Level Control 25mm-300mm Magnetic Pp Plastic 10w 70w Water Tank Level Sensor Float Switch\",\"breadcrumb\":{\"@id\":\"https:\\\/\\\/chnsensor.com\\\/product\\\/saier-pp-float-level-sensor-low-or-high-alarm-float-switch\\\/#breadcrumb\"},\"inLanguage\":\"es\",\"potentialAction\":[{\"@type\":\"ReadAction\",\"target\":[\"https:\\\/\\\/chnsensor.com\\\/product\\\/saier-pp-float-level-sensor-low-or-high-alarm-float-switch\\\/\"]}]},{\"@type\":\"ImageObject\",\"inLanguage\":\"es\",\"@id\":\"https:\\\/\\\/chnsensor.com\\\/product\\\/saier-pp-float-level-sensor-low-or-high-alarm-float-switch\\\/#primaryimage\",\"url\":\"https:\\\/\\\/i0.wp.com\\\/chnsensor.com\\\/wp-content\\\/uploads\\\/2024\\\/10\\\/PPI.png?fit=800%2C800&ssl=1\",\"contentUrl\":\"https:\\\/\\\/i0.wp.com\\\/chnsensor.com\\\/wp-content\\\/uploads\\\/2024\\\/10\\\/PPI.png?fit=800%2C800&ssl=1\",\"width\":800,\"height\":800},{\"@type\":\"BreadcrumbList\",\"@id\":\"https:\\\/\\\/chnsensor.com\\\/product\\\/saier-pp-float-level-sensor-low-or-high-alarm-float-switch\\\/#breadcrumb\",\"itemListElement\":[{\"@type\":\"ListItem\",\"position\":1,\"name\":\"\u9996\u9875\",\"item\":\"https:\\\/\\\/chnsensor.com\\\/\"},{\"@type\":\"ListItem\",\"position\":2,\"name\":\"Products\",\"item\":\"https:\\\/\\\/chnsensor.com\\\/blogr\\\/\"},{\"@type\":\"ListItem\",\"position\":3,\"name\":\"SAIER Float Level Sensor PP Low Or High Alarm Float Switch\"}]},{\"@type\":\"WebSite\",\"@id\":\"https:\\\/\\\/chnsensor.com\\\/#website\",\"url\":\"https:\\\/\\\/chnsensor.com\\\/\",\"name\":\"Professional manufacturer of sensors\",\"description\":\"20 years experience in sensors development and manufacturing\",\"publisher\":{\"@id\":\"https:\\\/\\\/chnsensor.com\\\/#organization\"},\"potentialAction\":[{\"@type\":\"SearchAction\",\"target\":{\"@type\":\"EntryPoint\",\"urlTemplate\":\"https:\\\/\\\/chnsensor.com\\\/?s={search_term_string}\"},\"query-input\":{\"@type\":\"PropertyValueSpecification\",\"valueRequired\":true,\"valueName\":\"search_term_string\"}}],\"inLanguage\":\"es\"},{\"@type\":\"Organization\",\"@id\":\"https:\\\/\\\/chnsensor.com\\\/#organization\",\"name\":\"Foshan Shunde SAIER Sensor Co., Ltd.\",\"url\":\"https:\\\/\\\/chnsensor.com\\\/\",\"logo\":{\"@type\":\"ImageObject\",\"inLanguage\":\"es\",\"@id\":\"https:\\\/\\\/chnsensor.com\\\/#\\\/schema\\\/logo\\\/image\\\/\",\"url\":\"https:\\\/\\\/i0.wp.com\\\/chnsensor.com\\\/wp-content\\\/uploads\\\/2024\\\/09\\\/LOGO.png?fit=1704%2C653&ssl=1\",\"contentUrl\":\"https:\\\/\\\/i0.wp.com\\\/chnsensor.com\\\/wp-content\\\/uploads\\\/2024\\\/09\\\/LOGO.png?fit=1704%2C653&ssl=1\",\"width\":1704,\"height\":653,\"caption\":\"Foshan Shunde SAIER Sensor Co., Ltd.\"},\"image\":{\"@id\":\"https:\\\/\\\/chnsensor.com\\\/#\\\/schema\\\/logo\\\/image\\\/\"}}]}<\/script>\n<!-- \/ Yoast SEO plugin. -->","yoast_head_json":{"title":"SAIER Float Level Sensor PP Low Or High Alarm Float Switch - Professional manufacturer of sensors","description":"Vertical Float Level Sensor Mini Pp Float Switch Water Level Control 25mm-300mm Magnetic Pp Plastic 10w 70w Water Tank Level Sensor Float Switch","robots":{"index":"index","follow":"follow","max-snippet":"max-snippet:-1","max-image-preview":"max-image-preview:large","max-video-preview":"max-video-preview:-1"},"canonical":"https:\/\/chnsensor.com\/es\/producto\/saier-pp-float-level-sensor-low-or-high-alarm-float-switch\/","og_locale":"es_ES","og_type":"article","og_title":"SAIER Float Level Sensor PP Low Or High Alarm Float Switch - Professional manufacturer of sensors","og_description":"Vertical Float Level Sensor Mini Pp Float Switch Water Level Control 25mm-300mm Magnetic Pp Plastic 10w 70w Water Tank Level Sensor Float Switch","og_url":"https:\/\/chnsensor.com\/es\/producto\/saier-pp-float-level-sensor-low-or-high-alarm-float-switch\/","og_site_name":"Professional manufacturer of sensors","article_modified_time":"2025-07-29T07:29:32+00:00","og_image":[{"width":800,"height":800,"url":"https:\/\/chnsensor.com\/wp-content\/uploads\/2024\/10\/PPI.png","type":"image\/png"}],"twitter_card":"summary_large_image","twitter_misc":{"Tiempo de lectura":"1 minuto"},"schema":{"@context":"https:\/\/schema.org","@graph":[{"@type":"WebPage","@id":"https:\/\/chnsensor.com\/product\/saier-pp-float-level-sensor-low-or-high-alarm-float-switch\/","url":"https:\/\/chnsensor.com\/product\/saier-pp-float-level-sensor-low-or-high-alarm-float-switch\/","name":"SAIER Float Level Sensor PP Low Or High Alarm Float Switch - Professional manufacturer of sensors","isPartOf":{"@id":"https:\/\/chnsensor.com\/#website"},"primaryImageOfPage":{"@id":"https:\/\/chnsensor.com\/product\/saier-pp-float-level-sensor-low-or-high-alarm-float-switch\/#primaryimage"},"image":{"@id":"https:\/\/chnsensor.com\/product\/saier-pp-float-level-sensor-low-or-high-alarm-float-switch\/#primaryimage"},"thumbnailUrl":"https:\/\/i0.wp.com\/chnsensor.com\/wp-content\/uploads\/2024\/10\/PPI.png?fit=800%2C800&ssl=1","datePublished":"2024-10-15T07:06:20+00:00","dateModified":"2025-07-29T07:29:32+00:00","description":"Vertical Float Level Sensor Mini Pp Float Switch Water Level Control 25mm-300mm Magnetic Pp Plastic 10w 70w Water Tank Level Sensor Float Switch","breadcrumb":{"@id":"https:\/\/chnsensor.com\/product\/saier-pp-float-level-sensor-low-or-high-alarm-float-switch\/#breadcrumb"},"inLanguage":"es","potentialAction":[{"@type":"ReadAction","target":["https:\/\/chnsensor.com\/product\/saier-pp-float-level-sensor-low-or-high-alarm-float-switch\/"]}]},{"@type":"ImageObject","inLanguage":"es","@id":"https:\/\/chnsensor.com\/product\/saier-pp-float-level-sensor-low-or-high-alarm-float-switch\/#primaryimage","url":"https:\/\/i0.wp.com\/chnsensor.com\/wp-content\/uploads\/2024\/10\/PPI.png?fit=800%2C800&ssl=1","contentUrl":"https:\/\/i0.wp.com\/chnsensor.com\/wp-content\/uploads\/2024\/10\/PPI.png?fit=800%2C800&ssl=1","width":800,"height":800},{"@type":"BreadcrumbList","@id":"https:\/\/chnsensor.com\/product\/saier-pp-float-level-sensor-low-or-high-alarm-float-switch\/#breadcrumb","itemListElement":[{"@type":"ListItem","position":1,"name":"\u9996\u9875","item":"https:\/\/chnsensor.com\/"},{"@type":"ListItem","position":2,"name":"Products","item":"https:\/\/chnsensor.com\/blogr\/"},{"@type":"ListItem","position":3,"name":"SAIER Float Level Sensor PP Low Or High Alarm Float Switch"}]},{"@type":"WebSite","@id":"https:\/\/chnsensor.com\/#website","url":"https:\/\/chnsensor.com\/","name":"Fabricante profesional de sensores","description":"20 years experience in sensors development and manufacturing","publisher":{"@id":"https:\/\/chnsensor.com\/#organization"},"potentialAction":[{"@type":"SearchAction","target":{"@type":"EntryPoint","urlTemplate":"https:\/\/chnsensor.com\/?s={search_term_string}"},"query-input":{"@type":"PropertyValueSpecification","valueRequired":true,"valueName":"search_term_string"}}],"inLanguage":"es"},{"@type":"Organization","@id":"https:\/\/chnsensor.com\/#organization","name":"Foshan Shunde SAIER Sensor Co., Ltd.","url":"https:\/\/chnsensor.com\/","logo":{"@type":"ImageObject","inLanguage":"es","@id":"https:\/\/chnsensor.com\/#\/schema\/logo\/image\/","url":"https:\/\/i0.wp.com\/chnsensor.com\/wp-content\/uploads\/2024\/09\/LOGO.png?fit=1704%2C653&ssl=1","contentUrl":"https:\/\/i0.wp.com\/chnsensor.com\/wp-content\/uploads\/2024\/09\/LOGO.png?fit=1704%2C653&ssl=1","width":1704,"height":653,"caption":"Foshan Shunde SAIER Sensor Co., Ltd."},"image":{"@id":"https:\/\/chnsensor.com\/#\/schema\/logo\/image\/"}}]}},"jetpack_publicize_connections":[],"jetpack_likes_enabled":true,"jetpack_sharing_enabled":true,"jetpack-related-posts":[],"_links":{"self":[{"href":"https:\/\/chnsensor.com\/es\/wp-json\/wp\/v2\/product\/846","targetHints":{"allow":["GET"]}}],"collection":[{"href":"https:\/\/chnsensor.com\/es\/wp-json\/wp\/v2\/product"}],"about":[{"href":"https:\/\/chnsensor.com\/es\/wp-json\/wp\/v2\/types\/product"}],"replies":[{"embeddable":true,"href":"https:\/\/chnsensor.com\/es\/wp-json\/wp\/v2\/comments?post=846"}],"wp:featuredmedia":[{"embeddable":true,"href":"https:\/\/chnsensor.com\/es\/wp-json\/wp\/v2\/media\/836"}],"wp:attachment":[{"href":"https:\/\/chnsensor.com\/es\/wp-json\/wp\/v2\/media?parent=846"}],"wp:term":[{"taxonomy":"product_brand","embeddable":true,"href":"https:\/\/chnsensor.com\/es\/wp-json\/wp\/v2\/product_brand?post=846"},{"taxonomy":"product_cat","embeddable":true,"href":"https:\/\/chnsensor.com\/es\/wp-json\/wp\/v2\/product_cat?post=846"},{"taxonomy":"product_tag","embeddable":true,"href":"https:\/\/chnsensor.com\/es\/wp-json\/wp\/v2\/product_tag?post=846"}],"curies":[{"name":"wp","href":"https:\/\/api.w.org\/{rel}","templated":true}]}}