{"id":112,"date":"2024-09-13T20:29:29","date_gmt":"2024-09-13T12:29:29","guid":{"rendered":"https:\/\/chnsensor.com\/?page_id=112"},"modified":"2025-07-10T11:04:07","modified_gmt":"2025-07-10T03:04:07","slug":"contact-us","status":"publish","type":"page","link":"https:\/\/chnsensor.com\/tr\/contact-us\/","title":{"rendered":"Bize Ula\u015f\u0131n"},"content":{"rendered":"\t\t<div data-elementor-type=\"wp-page\" data-elementor-id=\"112\" class=\"elementor elementor-112\" data-elementor-post-type=\"page\">\n\t\t\t\t<div class=\"elementor-element elementor-element-c78b7ba e-flex e-con-boxed e-con e-parent\" data-id=\"c78b7ba\" data-element_type=\"container\" data-e-type=\"container\">\n\t\t\t\t\t<div class=\"e-con-inner\">\n\t\t\t\t<div class=\"elementor-element elementor-element-3f568b3 elementor-widget elementor-widget-heading\" data-id=\"3f568b3\" data-element_type=\"widget\" data-e-type=\"widget\" data-widget_type=\"heading.default\">\n\t\t\t\t<div class=\"elementor-widget-container\">\n\t\t\t\t\t<h1 class=\"elementor-heading-title elementor-size-default\">contact us<\/h1>\t\t\t\t<\/div>\n\t\t\t\t<\/div>\n\t\t\t\t<div class=\"elementor-element elementor-element-f22d68b elementor-widget elementor-widget-text-editor\" data-id=\"f22d68b\" data-element_type=\"widget\" data-e-type=\"widget\" data-widget_type=\"text-editor.default\">\n\t\t\t\t<div class=\"elementor-widget-container\">\n\t\t\t\t\t\t\t\t\t<p><strong>If you are interested in our products, you can leave your message, stating the products you are interested in, we will take the initiative to contact, or click the icon WhatsApp to communicate!<\/strong><\/p>\t\t\t\t\t\t\t\t<\/div>\n\t\t\t\t<\/div>\n\t\t\t\t<div class=\"elementor-element elementor-element-8c7fb07 elementor-view-default elementor-widget elementor-widget-icon\" data-id=\"8c7fb07\" data-element_type=\"widget\" data-e-type=\"widget\" data-widget_type=\"icon.default\">\n\t\t\t\t<div class=\"elementor-widget-container\">\n\t\t\t\t\t\t\t<div class=\"elementor-icon-wrapper\">\n\t\t\t<a class=\"elementor-icon\" href=\"https:\/\/wa.me\/008613727368090\">\n\t\t\t<svg aria-hidden=\"true\" class=\"e-font-icon-svg e-fab-whatsapp-square\" viewBox=\"0 0 448 512\" xmlns=\"http:\/\/www.w3.org\/2000\/svg\"><path d=\"M224 122.8c-72.7 0-131.8 59.1-131.9 131.8 0 24.9 7 49.2 20.2 70.1l3.1 5-13.3 48.6 49.9-13.1 4.8 2.9c20.2 12 43.4 18.4 67.1 18.4h.1c72.6 0 133.3-59.1 133.3-131.8 0-35.2-15.2-68.3-40.1-93.2-25-25-58-38.7-93.2-38.7zm77.5 188.4c-3.3 9.3-19.1 17.7-26.7 18.8-12.6 1.9-22.4.9-47.5-9.9-39.7-17.2-65.7-57.2-67.7-59.8-2-2.6-16.2-21.5-16.2-41s10.2-29.1 13.9-33.1c3.6-4 7.9-5 10.6-5 2.6 0 5.3 0 7.6.1 2.4.1 5.7-.9 8.9 6.8 3.3 7.9 11.2 27.4 12.2 29.4s1.7 4.3.3 6.9c-7.6 15.2-15.7 14.6-11.6 21.6 15.3 26.3 30.6 35.4 53.9 47.1 4 2 6.3 1.7 8.6-1 2.3-2.6 9.9-11.6 12.5-15.5 2.6-4 5.3-3.3 8.9-2 3.6 1.3 23.1 10.9 27.1 12.9s6.6 3 7.6 4.6c.9 1.9.9 9.9-2.4 19.1zM400 32H48C21.5 32 0 53.5 0 80v352c0 26.5 21.5 48 48 48h352c26.5 0 48-21.5 48-48V80c0-26.5-21.5-48-48-48zM223.9 413.2c-26.6 0-52.7-6.7-75.8-19.3L64 416l22.5-82.2c-13.9-24-21.2-51.3-21.2-79.3C65.4 167.1 136.5 96 223.9 96c42.4 0 82.2 16.5 112.2 46.5 29.9 30 47.9 69.8 47.9 112.2 0 87.4-72.7 158.5-160.1 158.5z\"><\/path><\/svg>\t\t\t<\/a>\n\t\t<\/div>\n\t\t\t\t\t\t<\/div>\n\t\t\t\t<\/div>\n\t\t\t\t\t<\/div>\n\t\t\t\t<\/div>\n\t\t<div class=\"elementor-element elementor-element-74b9132 e-flex e-con-boxed e-con e-parent\" data-id=\"74b9132\" data-element_type=\"container\" data-e-type=\"container\">\n\t\t\t\t\t<div class=\"e-con-inner\">\n\t\t\t\t<div class=\"elementor-element elementor-element-a948681 elementor-widget elementor-widget-text-editor\" data-id=\"a948681\" data-element_type=\"widget\" data-e-type=\"widget\" data-widget_type=\"text-editor.default\">\n\t\t\t\t<div class=\"elementor-widget-container\">\n\t\t\t\t\t\t\t\t\t<p>Fill in the contact information, so that we can contact you in the first time\uff01<\/p>\t\t\t\t\t\t\t\t<\/div>\n\t\t\t\t<\/div>\n\t\t\t\t<div class=\"elementor-element elementor-element-00a11bb elementor-widget__width-inherit elementor-widget elementor-widget-shortcode\" data-id=\"00a11bb\" data-element_type=\"widget\" data-e-type=\"widget\" data-widget_type=\"shortcode.default\">\n\t\t\t\t<div class=\"elementor-widget-container\">\n\t\t\t\t\t\t\t<div class=\"elementor-shortcode\"><style id=\"wpforms-css-vars-1231\">\n\t\t\t\t#wpforms-1231 {\n\t\t\t\t\n\t\t\t}\n\t\t\t<\/style><div class=\"wpforms-container wpforms-container-full wpforms-render-modern\" id=\"wpforms-1231\"><form id=\"wpforms-form-1231\" class=\"wpforms-validate wpforms-form wpforms-ajax-form\" data-formid=\"1231\" method=\"post\" enctype=\"multipart\/form-data\" action=\"\/tr\/wp-json\/wp\/v2\/pages\/112\" data-token=\"67ba97dc87cdf71d4648c63bc5a216f4\" data-token-time=\"1778606948\"><noscript class=\"wpforms-error-noscript\">Bu formu bitirebilmek i\u00e7in taray\u0131c\u0131n\u0131zda JavaScript&#039;i etkinle\u015ftirin.<\/noscript><div id=\"wpforms-error-noscript\" style=\"display: none;\">Bu formu bitirebilmek i\u00e7in taray\u0131c\u0131n\u0131zda JavaScript&#039;i etkinle\u015ftirin.<\/div><div class=\"wpforms-field-container\">\t\t<div id=\"wpforms-1231-field_4-container\"\n\t\t\tclass=\"wpforms-field wpforms-field-text\"\n\t\t\tdata-field-type=\"text\"\n\t\t\tdata-field-id=\"4\"\n\t\t\t>\n\t\t\t<label class=\"wpforms-field-label\" for=\"wpforms-1231-field_4\" >Name Email MOB<\/label>\n\t\t\t<input type=\"text\" id=\"wpforms-1231-field_4\" class=\"wpforms-field-medium\" name=\"wpforms[fields][4]\" >\n\t\t<\/div>\n\t\t<div id=\"wpforms-1231-field_1-container\" class=\"wpforms-field wpforms-field-name\" data-field-id=\"1\"><fieldset><legend class=\"wpforms-field-label\">Name <span class=\"wpforms-required-label\" aria-hidden=\"true\">*<\/span><\/legend><div class=\"wpforms-field-row wpforms-field-medium\"><div class=\"wpforms-field-row-block wpforms-first wpforms-one-half\"><input type=\"text\" id=\"wpforms-1231-field_1\" class=\"wpforms-field-name-first wpforms-field-required\" name=\"wpforms[fields][1][first]\" aria-errormessage=\"wpforms-1231-field_1-error\" required><label for=\"wpforms-1231-field_1\" class=\"wpforms-field-sublabel after\">Ad<\/label><\/div><div class=\"wpforms-field-row-block wpforms-one-half\"><input type=\"text\" id=\"wpforms-1231-field_1-last\" class=\"wpforms-field-name-last wpforms-field-required\" name=\"wpforms[fields][1][last]\" aria-errormessage=\"wpforms-1231-field_1-last-error\" required><label for=\"wpforms-1231-field_1-last\" class=\"wpforms-field-sublabel after\">Soyad<\/label><\/div><\/div><\/fieldset><\/div><div id=\"wpforms-1231-field_5-container\" class=\"wpforms-field wpforms-field-text\" data-field-id=\"5\"><label class=\"wpforms-field-label\" for=\"wpforms-1231-field_5\">MOB <span class=\"wpforms-required-label\" aria-hidden=\"true\">*<\/span><\/label><input type=\"text\" id=\"wpforms-1231-field_5\" class=\"wpforms-field-medium wpforms-field-required\" name=\"wpforms[fields][5]\" aria-errormessage=\"wpforms-1231-field_5-error\" required><\/div><div id=\"wpforms-1231-field_2-container\" class=\"wpforms-field wpforms-field-email\" data-field-id=\"2\"><label class=\"wpforms-field-label\" for=\"wpforms-1231-field_2\">Email <span class=\"wpforms-required-label\" aria-hidden=\"true\">*<\/span><\/label><input type=\"email\" id=\"wpforms-1231-field_2\" class=\"wpforms-field-medium wpforms-field-required\" name=\"wpforms[fields][2]\" spellcheck=\"false\" aria-errormessage=\"wpforms-1231-field_2-error\" required><\/div><div id=\"wpforms-1231-field_3-container\" class=\"wpforms-field wpforms-field-textarea\" data-field-id=\"3\"><label class=\"wpforms-field-label\" for=\"wpforms-1231-field_3\">Message <span class=\"wpforms-required-label\" aria-hidden=\"true\">*<\/span><\/label><textarea id=\"wpforms-1231-field_3\" class=\"wpforms-field-medium wpforms-field-required\" name=\"wpforms[fields][3]\" aria-errormessage=\"wpforms-1231-field_3-error\" required><\/textarea><\/div><script>\n\t\t\t\t( function() {\n\t\t\t\t\tconst style = document.createElement( 'style' );\n\t\t\t\t\tstyle.appendChild( document.createTextNode( '#wpforms-1231-field_4-container { position: absolute !important; overflow: hidden !important; display: inline !important; height: 1px !important; width: 1px !important; z-index: -1000 !important; padding: 0 !important; } #wpforms-1231-field_4-container input { visibility: hidden; } #wpforms-conversational-form-page #wpforms-1231-field_4-container label { counter-increment: none; }' ) );\n\t\t\t\t\tdocument.head.appendChild( style );\n\t\t\t\t\tdocument.currentScript?.remove();\n\t\t\t\t} )();\n\t\t\t<\/script><\/div><!-- .wpforms-field-container --><div class=\"wpforms-submit-container\" ><input type=\"hidden\" name=\"wpforms[id]\" value=\"1231\"><input type=\"hidden\" name=\"page_title\" value=\"\"><input type=\"hidden\" name=\"page_url\" value=\"https:\/\/chnsensor.com\/tr\/wp-json\/wp\/v2\/pages\/112\"><input type=\"hidden\" name=\"url_referer\" value=\"\"><button type=\"submit\" name=\"wpforms[submit]\" id=\"wpforms-submit-1231\" class=\"wpforms-submit\" data-alt-text=\"Sending\u2026\" data-submit-text=\"Send\uff01\" aria-live=\"assertive\" value=\"wpforms-submit\">Send\uff01<\/button><img decoding=\"async\" src=\"https:\/\/chnsensor.com\/wp-content\/plugins\/wpforms-lite\/assets\/images\/submit-spin.svg\" class=\"wpforms-submit-spinner\" style=\"display: none;\" width=\"26\" height=\"26\" alt=\"Y\u00fckleniyor\"><\/div><\/form><\/div>  <!-- .wpforms-container --><\/div>\n\t\t\t\t\t\t<\/div>\n\t\t\t\t<\/div>\n\t\t\t\t\t<\/div>\n\t\t\t\t<\/div>\n\t\t\t\t<\/div>\n\t\t","protected":false},"excerpt":{"rendered":"<p>contact us If you are interested in our products, you can leave your message, stating the products you are interested in, we will take the initiative to contact, or click the icon WhatsApp to communicate! Fill in the contact information, so that we can contact you in the first time\uff01<\/p>","protected":false},"author":255630761,"featured_media":0,"parent":0,"menu_order":0,"comment_status":"closed","ping_status":"closed","template":"","meta":{"_eb_attr":"","footnotes":""},"class_list":["post-112","page","type-page","status-publish","hentry"],"yoast_head":"<!-- This site is optimized with the Yoast SEO plugin v27.6 - https:\/\/yoast.com\/product\/yoast-seo-wordpress\/ -->\n<title>Contact Us - Professional manufacturer of sensors<\/title>\n<meta name=\"description\" content=\"Fill in your information and problem description to contact us\" \/>\n<meta name=\"robots\" content=\"index, follow, max-snippet:-1, max-image-preview:large, max-video-preview:-1\" \/>\n<link rel=\"canonical\" href=\"https:\/\/chnsensor.com\/tr\/contact-us\/\" \/>\n<meta property=\"og:locale\" content=\"tr_TR\" \/>\n<meta property=\"og:type\" content=\"article\" \/>\n<meta property=\"og:title\" content=\"Contact Us - Professional manufacturer of sensors\" \/>\n<meta property=\"og:description\" content=\"Fill in your information and problem description to contact us\" \/>\n<meta property=\"og:url\" content=\"https:\/\/chnsensor.com\/tr\/contact-us\/\" \/>\n<meta property=\"og:site_name\" content=\"Professional manufacturer of sensors\" \/>\n<meta property=\"article:modified_time\" content=\"2025-07-10T03:04:07+00:00\" \/>\n<meta name=\"twitter:card\" content=\"summary_large_image\" \/>\n<meta name=\"twitter:label1\" content=\"Tahmini okuma s\u00fcresi\" \/>\n\t<meta name=\"twitter:data1\" content=\"1 dakika\" \/>\n<script type=\"application\/ld+json\" class=\"yoast-schema-graph\">{\"@context\":\"https:\\\/\\\/schema.org\",\"@graph\":[{\"@type\":\"WebPage\",\"@id\":\"https:\\\/\\\/chnsensor.com\\\/contact-us\\\/\",\"url\":\"https:\\\/\\\/chnsensor.com\\\/contact-us\\\/\",\"name\":\"Contact Us - Professional manufacturer of sensors\",\"isPartOf\":{\"@id\":\"https:\\\/\\\/chnsensor.com\\\/#website\"},\"datePublished\":\"2024-09-13T12:29:29+00:00\",\"dateModified\":\"2025-07-10T03:04:07+00:00\",\"description\":\"Fill in your information and problem description to contact us\",\"breadcrumb\":{\"@id\":\"https:\\\/\\\/chnsensor.com\\\/contact-us\\\/#breadcrumb\"},\"inLanguage\":\"tr\",\"potentialAction\":[{\"@type\":\"ReadAction\",\"target\":[\"https:\\\/\\\/chnsensor.com\\\/contact-us\\\/\"]}]},{\"@type\":\"BreadcrumbList\",\"@id\":\"https:\\\/\\\/chnsensor.com\\\/contact-us\\\/#breadcrumb\",\"itemListElement\":[{\"@type\":\"ListItem\",\"position\":1,\"name\":\"\u9996\u9875\",\"item\":\"https:\\\/\\\/chnsensor.com\\\/\"},{\"@type\":\"ListItem\",\"position\":2,\"name\":\"Contact Us\"}]},{\"@type\":\"WebSite\",\"@id\":\"https:\\\/\\\/chnsensor.com\\\/#website\",\"url\":\"https:\\\/\\\/chnsensor.com\\\/\",\"name\":\"Professional manufacturer of sensors\",\"description\":\"20 years experience in sensors development and manufacturing\",\"publisher\":{\"@id\":\"https:\\\/\\\/chnsensor.com\\\/#organization\"},\"potentialAction\":[{\"@type\":\"SearchAction\",\"target\":{\"@type\":\"EntryPoint\",\"urlTemplate\":\"https:\\\/\\\/chnsensor.com\\\/?s={search_term_string}\"},\"query-input\":{\"@type\":\"PropertyValueSpecification\",\"valueRequired\":true,\"valueName\":\"search_term_string\"}}],\"inLanguage\":\"tr\"},{\"@type\":\"Organization\",\"@id\":\"https:\\\/\\\/chnsensor.com\\\/#organization\",\"name\":\"Foshan Shunde SAIER Sensor Co., Ltd.\",\"url\":\"https:\\\/\\\/chnsensor.com\\\/\",\"logo\":{\"@type\":\"ImageObject\",\"inLanguage\":\"tr\",\"@id\":\"https:\\\/\\\/chnsensor.com\\\/#\\\/schema\\\/logo\\\/image\\\/\",\"url\":\"https:\\\/\\\/i0.wp.com\\\/chnsensor.com\\\/wp-content\\\/uploads\\\/2024\\\/09\\\/LOGO.png?fit=1704%2C653&ssl=1\",\"contentUrl\":\"https:\\\/\\\/i0.wp.com\\\/chnsensor.com\\\/wp-content\\\/uploads\\\/2024\\\/09\\\/LOGO.png?fit=1704%2C653&ssl=1\",\"width\":1704,\"height\":653,\"caption\":\"Foshan Shunde SAIER Sensor Co., Ltd.\"},\"image\":{\"@id\":\"https:\\\/\\\/chnsensor.com\\\/#\\\/schema\\\/logo\\\/image\\\/\"}}]}<\/script>\n<!-- \/ Yoast SEO plugin. -->","yoast_head_json":{"title":"Contact Us - Professional manufacturer of sensors","description":"Fill in your information and problem description to contact us","robots":{"index":"index","follow":"follow","max-snippet":"max-snippet:-1","max-image-preview":"max-image-preview:large","max-video-preview":"max-video-preview:-1"},"canonical":"https:\/\/chnsensor.com\/tr\/contact-us\/","og_locale":"tr_TR","og_type":"article","og_title":"Contact Us - Professional manufacturer of sensors","og_description":"Fill in your information and problem description to contact us","og_url":"https:\/\/chnsensor.com\/tr\/contact-us\/","og_site_name":"Professional manufacturer of sensors","article_modified_time":"2025-07-10T03:04:07+00:00","twitter_card":"summary_large_image","twitter_misc":{"Tahmini okuma s\u00fcresi":"1 dakika"},"schema":{"@context":"https:\/\/schema.org","@graph":[{"@type":"WebPage","@id":"https:\/\/chnsensor.com\/contact-us\/","url":"https:\/\/chnsensor.com\/contact-us\/","name":"Contact Us - Professional manufacturer of sensors","isPartOf":{"@id":"https:\/\/chnsensor.com\/#website"},"datePublished":"2024-09-13T12:29:29+00:00","dateModified":"2025-07-10T03:04:07+00:00","description":"Fill in your information and problem description to contact us","breadcrumb":{"@id":"https:\/\/chnsensor.com\/contact-us\/#breadcrumb"},"inLanguage":"tr","potentialAction":[{"@type":"ReadAction","target":["https:\/\/chnsensor.com\/contact-us\/"]}]},{"@type":"BreadcrumbList","@id":"https:\/\/chnsensor.com\/contact-us\/#breadcrumb","itemListElement":[{"@type":"ListItem","position":1,"name":"\u9996\u9875","item":"https:\/\/chnsensor.com\/"},{"@type":"ListItem","position":2,"name":"Contact Us"}]},{"@type":"WebSite","@id":"https:\/\/chnsensor.com\/#website","url":"https:\/\/chnsensor.com\/","name":"Profesyonel sens\u00f6r \u00fcreticisi","description":"20 years experience in sensors development and manufacturing","publisher":{"@id":"https:\/\/chnsensor.com\/#organization"},"potentialAction":[{"@type":"SearchAction","target":{"@type":"EntryPoint","urlTemplate":"https:\/\/chnsensor.com\/?s={search_term_string}"},"query-input":{"@type":"PropertyValueSpecification","valueRequired":true,"valueName":"search_term_string"}}],"inLanguage":"tr"},{"@type":"Organization","@id":"https:\/\/chnsensor.com\/#organization","name":"Foshan Shunde SAIER Sensor Co., Ltd.","url":"https:\/\/chnsensor.com\/","logo":{"@type":"ImageObject","inLanguage":"tr","@id":"https:\/\/chnsensor.com\/#\/schema\/logo\/image\/","url":"https:\/\/i0.wp.com\/chnsensor.com\/wp-content\/uploads\/2024\/09\/LOGO.png?fit=1704%2C653&ssl=1","contentUrl":"https:\/\/i0.wp.com\/chnsensor.com\/wp-content\/uploads\/2024\/09\/LOGO.png?fit=1704%2C653&ssl=1","width":1704,"height":653,"caption":"Foshan Shunde SAIER Sensor Co., Ltd."},"image":{"@id":"https:\/\/chnsensor.com\/#\/schema\/logo\/image\/"}}]}},"jetpack_likes_enabled":true,"jetpack_sharing_enabled":true,"jetpack_shortlink":"https:\/\/wp.me\/Pg2hvW-1O","jetpack-related-posts":[],"_links":{"self":[{"href":"https:\/\/chnsensor.com\/tr\/wp-json\/wp\/v2\/pages\/112","targetHints":{"allow":["GET"]}}],"collection":[{"href":"https:\/\/chnsensor.com\/tr\/wp-json\/wp\/v2\/pages"}],"about":[{"href":"https:\/\/chnsensor.com\/tr\/wp-json\/wp\/v2\/types\/page"}],"author":[{"embeddable":true,"href":"https:\/\/chnsensor.com\/tr\/wp-json\/wp\/v2\/users\/255630761"}],"replies":[{"embeddable":true,"href":"https:\/\/chnsensor.com\/tr\/wp-json\/wp\/v2\/comments?post=112"}],"version-history":[{"count":0,"href":"https:\/\/chnsensor.com\/tr\/wp-json\/wp\/v2\/pages\/112\/revisions"}],"wp:attachment":[{"href":"https:\/\/chnsensor.com\/tr\/wp-json\/wp\/v2\/media?parent=112"}],"curies":[{"name":"wp","href":"https:\/\/api.w.org\/{rel}","templated":true}]}}