{"id":1881,"date":"2025-01-04T17:17:50","date_gmt":"2025-01-04T09:17:50","guid":{"rendered":"https:\/\/chnsensor.com\/?post_type=product&#038;p=1881"},"modified":"2025-01-07T17:09:49","modified_gmt":"2025-01-07T09:09:49","slug":"saier-water-flow-sensor-62mm-g1-4-flow-sensor-brass","status":"publish","type":"product","link":"https:\/\/chnsensor.com\/tr\/urun\/saier-water-flow-sensor-62mm-g1-4-flow-sensor-brass\/","title":{"rendered":"SAIER Su Ak\u0131\u015f Sens\u00f6r\u00fc 62mm G1\/4\u2033 Pirin\u00e7 Ak\u0131\u015f Sens\u00f6r\u00fc 3-24V"},"content":{"rendered":"<ul>\n<li><strong>The flow sensor is made of brass-colored material, which is waterproof, heat-resistant, pressure-resistant and cold-resistant<\/strong><\/li>\n<li><strong>The flowmeter is stable and reliable. It is small and easy to install.<\/strong><\/li>\n<li><strong>The flowmeter can be widely used in various instruments, such as water heaters and drinking fountains<\/strong><\/li>\n<li><strong>All materials are ROHS compliant.<\/strong><\/li>\n<\/ul>\n<h5 id=\"key-attributes\" class=\"att-title\" data-spm-anchor-id=\"a2700.details.0.i100.7eb277f8hOVa3e\">Temel nitelikler:<\/h5>\n<p><strong>Men\u015fe Yeri<\/strong>Guangdong, \u00c7in<\/p>\n<p><strong>Model Numaras\u0131<\/strong>\uff1aSEN-HZ41WC-brass<\/p>\n<p><strong>Teori<\/strong>\uff1aHall Sensor<\/p>\n<p><strong>\u00c7\u0131kt\u0131<\/strong>\uff1apulse liquid flow sensor<\/p>\n<p><strong>Uygulama<\/strong>\uff1aPump, Water Heater<\/p>\n<p><strong>Ak\u0131\u015f Aral\u0131\u011f\u0131<\/strong>\uff1a0.35-3L\/min<\/p>\n<p><strong>Pressure performance<\/strong>\uff1a1.2MPA<\/p>\n<p><strong>Water temperature<\/strong>\uff1aless than 60 \u2103<\/p>\n<p><strong>Voltage\/electirc current<\/strong>\uff1aDC4.5-18V,\u226415mA<\/p>\n<div id=\"v-YxXFRdcL-1\" class=\"video-player\"><iframe title='VideoPress Video Oynat\u0131c\u0131s\u0131' aria-label='VideoPress Video Oynat\u0131c\u0131s\u0131' width='400' height='224' src='https:\/\/videopress.com\/embed\/YxXFRdcL?hd=1&amp;cover=1&amp;loop=0&amp;autoPlay=0&amp;permalink=1&amp;muted=0&amp;controls=1&amp;playsinline=0&amp;useAverageColor=0&amp;preloadContent=metadata' frameborder='0' allowfullscreen data-resize-to-parent=\"true\" allow='clipboard-write'><\/iframe><script src='https:\/\/s0.wp.com\/wp-content\/plugins\/video\/assets\/js\/next\/videopress-iframe.js'><\/script><\/div>\n<p>&nbsp;<\/p>","protected":false},"excerpt":{"rendered":"<p>The flow sensor is made of brass material, brass material, small size, easy installation, G\/\/4 &#8220;interface, suitable for water heaters, water purifiers, drinking fountains.<\/p>","protected":false},"featured_media":1875,"comment_status":"open","ping_status":"closed","template":"","meta":{"_eb_attr":"","jetpack_publicize_message":"","jetpack_publicize_feature_enabled":true,"jetpack_social_post_already_shared":true,"jetpack_social_options":{"image_generator_settings":{"template":"highway","default_image_id":0,"font":"","enabled":false},"version":2},"_wpas_customize_per_network":false},"product_brand":[],"product_cat":[132613,132600],"product_tag":[132601,132595],"class_list":{"0":"post-1881","1":"product","2":"type-product","3":"status-publish","4":"has-post-thumbnail","6":"product_cat-brass-water-flow-sensor","7":"product_cat-flow-sensor","8":"product_tag-brass-flow-sensor","9":"product_tag-water-flow-sensor","11":"first","12":"instock","13":"shipping-taxable","14":"product-type-simple"},"yoast_head":"<!-- This site is optimized with the Yoast SEO plugin v27.6 - https:\/\/yoast.com\/product\/yoast-seo-wordpress\/ -->\n<title>SAIER Water Flow Sensor 62mm G1\/4&quot; Brass Flow Sensor 3-24V - Professional manufacturer of sensors<\/title>\n<meta name=\"description\" content=\"The water flow sensor is brass material, good quality, stable and reliable, widely used in water heaters, water purifiers, drinking machines.\" \/>\n<meta name=\"robots\" content=\"index, follow, max-snippet:-1, max-image-preview:large, max-video-preview:-1\" \/>\n<link rel=\"canonical\" href=\"https:\/\/chnsensor.com\/tr\/urun\/saier-water-flow-sensor-62mm-g1-4-flow-sensor-brass\/\" \/>\n<meta property=\"og:locale\" content=\"tr_TR\" \/>\n<meta property=\"og:type\" content=\"article\" \/>\n<meta property=\"og:title\" content=\"SAIER Water Flow Sensor 62mm G1\/4&quot; Brass Flow Sensor 3-24V - Professional manufacturer of sensors\" \/>\n<meta property=\"og:description\" content=\"The water flow sensor is brass material, good quality, stable and reliable, widely used in water heaters, water purifiers, drinking machines.\" \/>\n<meta property=\"og:url\" content=\"https:\/\/chnsensor.com\/tr\/urun\/saier-water-flow-sensor-62mm-g1-4-flow-sensor-brass\/\" \/>\n<meta property=\"og:site_name\" content=\"Professional manufacturer of sensors\" \/>\n<meta property=\"article:modified_time\" content=\"2025-01-07T09:09:49+00:00\" \/>\n<meta property=\"og:image\" content=\"https:\/\/i0.wp.com\/chnsensor.com\/wp-content\/uploads\/2025\/01\/HZ41WC-1.jpg?fit=800%2C800&ssl=1\" \/>\n\t<meta property=\"og:image:width\" content=\"800\" \/>\n\t<meta property=\"og:image:height\" content=\"800\" \/>\n\t<meta property=\"og:image:type\" content=\"image\/jpeg\" \/>\n<meta name=\"twitter:card\" content=\"summary_large_image\" \/>\n<meta name=\"twitter:label1\" content=\"Tahmini okuma s\u00fcresi\" \/>\n\t<meta name=\"twitter:data1\" content=\"1 dakika\" \/>\n<script type=\"application\/ld+json\" class=\"yoast-schema-graph\">{\"@context\":\"https:\\\/\\\/schema.org\",\"@graph\":[{\"@type\":\"WebPage\",\"@id\":\"https:\\\/\\\/chnsensor.com\\\/product\\\/saier-water-flow-sensor-62mm-g1-4-flow-sensor-brass\\\/\",\"url\":\"https:\\\/\\\/chnsensor.com\\\/product\\\/saier-water-flow-sensor-62mm-g1-4-flow-sensor-brass\\\/\",\"name\":\"SAIER Water Flow Sensor 62mm G1\\\/4\\\" Brass Flow Sensor 3-24V - Professional manufacturer of sensors\",\"isPartOf\":{\"@id\":\"https:\\\/\\\/chnsensor.com\\\/#website\"},\"primaryImageOfPage\":{\"@id\":\"https:\\\/\\\/chnsensor.com\\\/product\\\/saier-water-flow-sensor-62mm-g1-4-flow-sensor-brass\\\/#primaryimage\"},\"image\":{\"@id\":\"https:\\\/\\\/chnsensor.com\\\/product\\\/saier-water-flow-sensor-62mm-g1-4-flow-sensor-brass\\\/#primaryimage\"},\"thumbnailUrl\":\"https:\\\/\\\/i0.wp.com\\\/chnsensor.com\\\/wp-content\\\/uploads\\\/2025\\\/01\\\/HZ41WC-1.jpg?fit=800%2C800&ssl=1\",\"datePublished\":\"2025-01-04T09:17:50+00:00\",\"dateModified\":\"2025-01-07T09:09:49+00:00\",\"description\":\"The water flow sensor is brass material, good quality, stable and reliable, widely used in water heaters, water purifiers, drinking machines.\",\"breadcrumb\":{\"@id\":\"https:\\\/\\\/chnsensor.com\\\/product\\\/saier-water-flow-sensor-62mm-g1-4-flow-sensor-brass\\\/#breadcrumb\"},\"inLanguage\":\"tr\",\"potentialAction\":[{\"@type\":\"ReadAction\",\"target\":[\"https:\\\/\\\/chnsensor.com\\\/product\\\/saier-water-flow-sensor-62mm-g1-4-flow-sensor-brass\\\/\"]}]},{\"@type\":\"ImageObject\",\"inLanguage\":\"tr\",\"@id\":\"https:\\\/\\\/chnsensor.com\\\/product\\\/saier-water-flow-sensor-62mm-g1-4-flow-sensor-brass\\\/#primaryimage\",\"url\":\"https:\\\/\\\/i0.wp.com\\\/chnsensor.com\\\/wp-content\\\/uploads\\\/2025\\\/01\\\/HZ41WC-1.jpg?fit=800%2C800&ssl=1\",\"contentUrl\":\"https:\\\/\\\/i0.wp.com\\\/chnsensor.com\\\/wp-content\\\/uploads\\\/2025\\\/01\\\/HZ41WC-1.jpg?fit=800%2C800&ssl=1\",\"width\":800,\"height\":800},{\"@type\":\"BreadcrumbList\",\"@id\":\"https:\\\/\\\/chnsensor.com\\\/product\\\/saier-water-flow-sensor-62mm-g1-4-flow-sensor-brass\\\/#breadcrumb\",\"itemListElement\":[{\"@type\":\"ListItem\",\"position\":1,\"name\":\"\u9996\u9875\",\"item\":\"https:\\\/\\\/chnsensor.com\\\/\"},{\"@type\":\"ListItem\",\"position\":2,\"name\":\"Products\",\"item\":\"https:\\\/\\\/chnsensor.com\\\/blogr\\\/\"},{\"@type\":\"ListItem\",\"position\":3,\"name\":\"SAIER Water Flow Sensor 62mm G1\\\/4&#8243; Brass Flow Sensor 3-24V\"}]},{\"@type\":\"WebSite\",\"@id\":\"https:\\\/\\\/chnsensor.com\\\/#website\",\"url\":\"https:\\\/\\\/chnsensor.com\\\/\",\"name\":\"Professional manufacturer of sensors\",\"description\":\"20 years experience in sensors development and manufacturing\",\"publisher\":{\"@id\":\"https:\\\/\\\/chnsensor.com\\\/#organization\"},\"potentialAction\":[{\"@type\":\"SearchAction\",\"target\":{\"@type\":\"EntryPoint\",\"urlTemplate\":\"https:\\\/\\\/chnsensor.com\\\/?s={search_term_string}\"},\"query-input\":{\"@type\":\"PropertyValueSpecification\",\"valueRequired\":true,\"valueName\":\"search_term_string\"}}],\"inLanguage\":\"tr\"},{\"@type\":\"Organization\",\"@id\":\"https:\\\/\\\/chnsensor.com\\\/#organization\",\"name\":\"Foshan Shunde SAIER Sensor Co., Ltd.\",\"url\":\"https:\\\/\\\/chnsensor.com\\\/\",\"logo\":{\"@type\":\"ImageObject\",\"inLanguage\":\"tr\",\"@id\":\"https:\\\/\\\/chnsensor.com\\\/#\\\/schema\\\/logo\\\/image\\\/\",\"url\":\"https:\\\/\\\/i0.wp.com\\\/chnsensor.com\\\/wp-content\\\/uploads\\\/2024\\\/09\\\/LOGO.png?fit=1704%2C653&ssl=1\",\"contentUrl\":\"https:\\\/\\\/i0.wp.com\\\/chnsensor.com\\\/wp-content\\\/uploads\\\/2024\\\/09\\\/LOGO.png?fit=1704%2C653&ssl=1\",\"width\":1704,\"height\":653,\"caption\":\"Foshan Shunde SAIER Sensor Co., Ltd.\"},\"image\":{\"@id\":\"https:\\\/\\\/chnsensor.com\\\/#\\\/schema\\\/logo\\\/image\\\/\"}}]}<\/script>\n<!-- \/ Yoast SEO plugin. -->","yoast_head_json":{"title":"SAIER Water Flow Sensor 62mm G1\/4\" Brass Flow Sensor 3-24V - Professional manufacturer of sensors","description":"The water flow sensor is brass material, good quality, stable and reliable, widely used in water heaters, water purifiers, drinking machines.","robots":{"index":"index","follow":"follow","max-snippet":"max-snippet:-1","max-image-preview":"max-image-preview:large","max-video-preview":"max-video-preview:-1"},"canonical":"https:\/\/chnsensor.com\/tr\/urun\/saier-water-flow-sensor-62mm-g1-4-flow-sensor-brass\/","og_locale":"tr_TR","og_type":"article","og_title":"SAIER Water Flow Sensor 62mm G1\/4\" Brass Flow Sensor 3-24V - Professional manufacturer of sensors","og_description":"The water flow sensor is brass material, good quality, stable and reliable, widely used in water heaters, water purifiers, drinking machines.","og_url":"https:\/\/chnsensor.com\/tr\/urun\/saier-water-flow-sensor-62mm-g1-4-flow-sensor-brass\/","og_site_name":"Professional manufacturer of sensors","article_modified_time":"2025-01-07T09:09:49+00:00","og_image":[{"width":800,"height":800,"url":"https:\/\/i0.wp.com\/chnsensor.com\/wp-content\/uploads\/2025\/01\/HZ41WC-1.jpg?fit=800%2C800&ssl=1","type":"image\/jpeg"}],"twitter_card":"summary_large_image","twitter_misc":{"Tahmini okuma s\u00fcresi":"1 dakika"},"schema":{"@context":"https:\/\/schema.org","@graph":[{"@type":"WebPage","@id":"https:\/\/chnsensor.com\/product\/saier-water-flow-sensor-62mm-g1-4-flow-sensor-brass\/","url":"https:\/\/chnsensor.com\/product\/saier-water-flow-sensor-62mm-g1-4-flow-sensor-brass\/","name":"SAIER Water Flow Sensor 62mm G1\/4\" Brass Flow Sensor 3-24V - Professional manufacturer of sensors","isPartOf":{"@id":"https:\/\/chnsensor.com\/#website"},"primaryImageOfPage":{"@id":"https:\/\/chnsensor.com\/product\/saier-water-flow-sensor-62mm-g1-4-flow-sensor-brass\/#primaryimage"},"image":{"@id":"https:\/\/chnsensor.com\/product\/saier-water-flow-sensor-62mm-g1-4-flow-sensor-brass\/#primaryimage"},"thumbnailUrl":"https:\/\/i0.wp.com\/chnsensor.com\/wp-content\/uploads\/2025\/01\/HZ41WC-1.jpg?fit=800%2C800&ssl=1","datePublished":"2025-01-04T09:17:50+00:00","dateModified":"2025-01-07T09:09:49+00:00","description":"The water flow sensor is brass material, good quality, stable and reliable, widely used in water heaters, water purifiers, drinking machines.","breadcrumb":{"@id":"https:\/\/chnsensor.com\/product\/saier-water-flow-sensor-62mm-g1-4-flow-sensor-brass\/#breadcrumb"},"inLanguage":"tr","potentialAction":[{"@type":"ReadAction","target":["https:\/\/chnsensor.com\/product\/saier-water-flow-sensor-62mm-g1-4-flow-sensor-brass\/"]}]},{"@type":"ImageObject","inLanguage":"tr","@id":"https:\/\/chnsensor.com\/product\/saier-water-flow-sensor-62mm-g1-4-flow-sensor-brass\/#primaryimage","url":"https:\/\/i0.wp.com\/chnsensor.com\/wp-content\/uploads\/2025\/01\/HZ41WC-1.jpg?fit=800%2C800&ssl=1","contentUrl":"https:\/\/i0.wp.com\/chnsensor.com\/wp-content\/uploads\/2025\/01\/HZ41WC-1.jpg?fit=800%2C800&ssl=1","width":800,"height":800},{"@type":"BreadcrumbList","@id":"https:\/\/chnsensor.com\/product\/saier-water-flow-sensor-62mm-g1-4-flow-sensor-brass\/#breadcrumb","itemListElement":[{"@type":"ListItem","position":1,"name":"\u9996\u9875","item":"https:\/\/chnsensor.com\/"},{"@type":"ListItem","position":2,"name":"Products","item":"https:\/\/chnsensor.com\/blogr\/"},{"@type":"ListItem","position":3,"name":"SAIER Water Flow Sensor 62mm G1\/4&#8243; Brass Flow Sensor 3-24V"}]},{"@type":"WebSite","@id":"https:\/\/chnsensor.com\/#website","url":"https:\/\/chnsensor.com\/","name":"Profesyonel sens\u00f6r \u00fcreticisi","description":"20 years experience in sensors development and manufacturing","publisher":{"@id":"https:\/\/chnsensor.com\/#organization"},"potentialAction":[{"@type":"SearchAction","target":{"@type":"EntryPoint","urlTemplate":"https:\/\/chnsensor.com\/?s={search_term_string}"},"query-input":{"@type":"PropertyValueSpecification","valueRequired":true,"valueName":"search_term_string"}}],"inLanguage":"tr"},{"@type":"Organization","@id":"https:\/\/chnsensor.com\/#organization","name":"Foshan Shunde SAIER Sensor Co., Ltd.","url":"https:\/\/chnsensor.com\/","logo":{"@type":"ImageObject","inLanguage":"tr","@id":"https:\/\/chnsensor.com\/#\/schema\/logo\/image\/","url":"https:\/\/i0.wp.com\/chnsensor.com\/wp-content\/uploads\/2024\/09\/LOGO.png?fit=1704%2C653&ssl=1","contentUrl":"https:\/\/i0.wp.com\/chnsensor.com\/wp-content\/uploads\/2024\/09\/LOGO.png?fit=1704%2C653&ssl=1","width":1704,"height":653,"caption":"Foshan Shunde SAIER Sensor Co., Ltd."},"image":{"@id":"https:\/\/chnsensor.com\/#\/schema\/logo\/image\/"}}]}},"jetpack_publicize_connections":[],"jetpack_likes_enabled":true,"jetpack_sharing_enabled":true,"jetpack-related-posts":[],"_links":{"self":[{"href":"https:\/\/chnsensor.com\/tr\/wp-json\/wp\/v2\/product\/1881","targetHints":{"allow":["GET"]}}],"collection":[{"href":"https:\/\/chnsensor.com\/tr\/wp-json\/wp\/v2\/product"}],"about":[{"href":"https:\/\/chnsensor.com\/tr\/wp-json\/wp\/v2\/types\/product"}],"replies":[{"embeddable":true,"href":"https:\/\/chnsensor.com\/tr\/wp-json\/wp\/v2\/comments?post=1881"}],"wp:featuredmedia":[{"embeddable":true,"href":"https:\/\/chnsensor.com\/tr\/wp-json\/wp\/v2\/media\/1875"}],"wp:attachment":[{"href":"https:\/\/chnsensor.com\/tr\/wp-json\/wp\/v2\/media?parent=1881"}],"wp:term":[{"taxonomy":"product_brand","embeddable":true,"href":"https:\/\/chnsensor.com\/tr\/wp-json\/wp\/v2\/product_brand?post=1881"},{"taxonomy":"product_cat","embeddable":true,"href":"https:\/\/chnsensor.com\/tr\/wp-json\/wp\/v2\/product_cat?post=1881"},{"taxonomy":"product_tag","embeddable":true,"href":"https:\/\/chnsensor.com\/tr\/wp-json\/wp\/v2\/product_tag?post=1881"}],"curies":[{"name":"wp","href":"https:\/\/api.w.org\/{rel}","templated":true}]}}