{"id":1958,"date":"2025-02-19T17:40:45","date_gmt":"2025-02-19T09:40:45","guid":{"rendered":"https:\/\/chnsensor.com\/?post_type=product&#038;p=1958"},"modified":"2025-02-19T17:40:45","modified_gmt":"2025-02-19T09:40:45","slug":"saier-pom-material-plastic-flow-sensor-0-25-2-5l-min-flowmeter","status":"publish","type":"product","link":"https:\/\/chnsensor.com\/tr\/urun\/saier-pom-material-plastic-flow-sensor-0-25-2-5l-min-flowmeter\/","title":{"rendered":"SAIER POM Malzeme S\u0131v\u0131 Ak\u0131\u015f Sens\u00f6r\u00fc 0.25-2.5L \/ dak Debimetre"},"content":{"rendered":"<p data-spm-anchor-id=\"a2700.details.0.i100.7b7757437BvKsB\"><strong>Optimize flow control with our durable\u00a0POM plastic liquid flow sensor! Lightweight, corrosion-resistant, and reliable, it\u2019s perfect for water and low-viscosity liquids in industrial, HVAC, and domestic systems. Easy to install, low maintenance, and cost-effective\u2014upgrade your flow monitoring today!<\/strong><\/p>\n<h5 id=\"key-attributes\" class=\"att-title\" data-spm-anchor-id=\"a2700.details.0.i100.7b7757437BvKsB\">Temel \u00f6zellikler\uff1a<\/h5>\n<p>Product Name\uff1aWater Flow Sensor<\/p>\n<p>Model Number\uff1aSEN-HZ06K<\/p>\n<p>Features\uff1aFood Grade<\/p>\n<p>Theory\uff1aHall Effect<\/p>\n<p>Output\uff1aPulse Signal<\/p>\n<p>Application\uff1aCoffee Machine<\/p>\n<p>Working Voltage\uff1aDC 3-24V<\/p>\n<p>Flow Range\uff1a0.15-1.5L\/min<\/p>\n<p>Connection\uff1aOD 6.35MM<\/p>\n<p>Pressure Performance\uff1aLess Than 1.2 MPa<\/p>\n<p>Water Temperature\uff1aless than 60 \u2103<\/p>\n<div id=\"v-cIoOIqvX-1\" class=\"video-player\"><iframe title='VideoPress Video Oynat\u0131c\u0131s\u0131' aria-label='VideoPress Video Oynat\u0131c\u0131s\u0131' width='400' height='400' src='https:\/\/videopress.com\/embed\/cIoOIqvX?hd=1&amp;cover=1&amp;loop=0&amp;autoPlay=0&amp;permalink=1&amp;muted=0&amp;controls=1&amp;playsinline=0&amp;useAverageColor=0&amp;preloadContent=metadata' frameborder='0' allowfullscreen data-resize-to-parent=\"true\" allow='clipboard-write'><\/iframe><script src='https:\/\/s0.wp.com\/wp-content\/plugins\/video\/assets\/js\/next\/videopress-iframe.js'><\/script><\/div>\n<p>&nbsp;<\/p>\n<p>&nbsp;<\/p>","protected":false},"excerpt":{"rendered":"<p>Optimize flow control with our durable\u00a0POM plastic liquid flow sensor! Lightweight, corrosion-resistant, and reliable, it\u2019s perfect for water and low-viscosity liquids in industrial, HVAC, and domestic systems. Easy to install, low maintenance, and cost-effective\u2014upgrade your flow monitoring today! Key attributes\uff1a Product Name\uff1aWater Flow Sensor Model Number\uff1aSEN-HZ06K Features\uff1aFood Grade Theory\uff1aHall Effect Output\uff1aPulse Signal Application\uff1aCoffee Machine Working [&hellip;]<\/p>\n","protected":false},"featured_media":1963,"comment_status":"open","ping_status":"closed","template":"","meta":{"_eb_attr":"","jetpack_publicize_message":"","jetpack_publicize_feature_enabled":true,"jetpack_social_post_already_shared":true,"jetpack_social_options":{"image_generator_settings":{"template":"highway","default_image_id":0,"font":"","enabled":false},"version":2},"_wpas_customize_per_network":false},"product_brand":[],"product_cat":[132600,132611],"product_tag":[132595],"class_list":{"0":"post-1958","1":"product","2":"type-product","3":"status-publish","4":"has-post-thumbnail","6":"product_cat-flow-sensor","7":"product_cat-plastic-water-flow-sensor","8":"product_tag-water-flow-sensor","10":"first","11":"instock","12":"shipping-taxable","13":"product-type-simple"},"yoast_head":"<!-- This site is optimized with the Yoast SEO plugin v27.6 - https:\/\/yoast.com\/product\/yoast-seo-wordpress\/ -->\n<title>SAIER POM Material Liquid Flow Sensor 0.25-2.5L\/min Flowmeter - Professional manufacturer of sensors<\/title>\n<meta name=\"description\" content=\"Precision POM plastic liquid flow sensors\u2014lightweight, corrosion-resistant, durable. Perfect for industrial, HVAC &amp; water systems. Reliable &amp; affordable!\" \/>\n<meta name=\"robots\" content=\"index, follow, max-snippet:-1, max-image-preview:large, max-video-preview:-1\" \/>\n<link rel=\"canonical\" href=\"https:\/\/chnsensor.com\/tr\/urun\/saier-pom-material-plastic-flow-sensor-0-25-2-5l-min-flowmeter\/\" \/>\n<meta property=\"og:locale\" content=\"tr_TR\" \/>\n<meta property=\"og:type\" content=\"article\" \/>\n<meta property=\"og:title\" content=\"SAIER POM Material Liquid Flow Sensor 0.25-2.5L\/min Flowmeter - Professional manufacturer of sensors\" \/>\n<meta property=\"og:description\" content=\"Precision POM plastic liquid flow sensors\u2014lightweight, corrosion-resistant, durable. Perfect for industrial, HVAC &amp; water systems. Reliable &amp; affordable!\" \/>\n<meta property=\"og:url\" content=\"https:\/\/chnsensor.com\/tr\/urun\/saier-pom-material-plastic-flow-sensor-0-25-2-5l-min-flowmeter\/\" \/>\n<meta property=\"og:site_name\" content=\"Professional manufacturer of sensors\" \/>\n<meta property=\"og:image\" content=\"https:\/\/i0.wp.com\/chnsensor.com\/wp-content\/uploads\/2025\/01\/HZ06K%EF%BC%881%EF%BC%89.jpg?fit=800%2C800&ssl=1\" \/>\n\t<meta property=\"og:image:width\" content=\"800\" \/>\n\t<meta property=\"og:image:height\" content=\"800\" \/>\n\t<meta property=\"og:image:type\" content=\"image\/jpeg\" \/>\n<meta name=\"twitter:card\" content=\"summary_large_image\" \/>\n<meta name=\"twitter:label1\" content=\"Tahmini okuma s\u00fcresi\" \/>\n\t<meta name=\"twitter:data1\" content=\"1 dakika\" \/>\n<script type=\"application\/ld+json\" class=\"yoast-schema-graph\">{\"@context\":\"https:\\\/\\\/schema.org\",\"@graph\":[{\"@type\":\"WebPage\",\"@id\":\"https:\\\/\\\/chnsensor.com\\\/product\\\/saier-pom-material-plastic-flow-sensor-0-25-2-5l-min-flowmeter\\\/\",\"url\":\"https:\\\/\\\/chnsensor.com\\\/product\\\/saier-pom-material-plastic-flow-sensor-0-25-2-5l-min-flowmeter\\\/\",\"name\":\"SAIER POM Material Liquid Flow Sensor 0.25-2.5L\\\/min Flowmeter - Professional manufacturer of sensors\",\"isPartOf\":{\"@id\":\"https:\\\/\\\/chnsensor.com\\\/#website\"},\"primaryImageOfPage\":{\"@id\":\"https:\\\/\\\/chnsensor.com\\\/product\\\/saier-pom-material-plastic-flow-sensor-0-25-2-5l-min-flowmeter\\\/#primaryimage\"},\"image\":{\"@id\":\"https:\\\/\\\/chnsensor.com\\\/product\\\/saier-pom-material-plastic-flow-sensor-0-25-2-5l-min-flowmeter\\\/#primaryimage\"},\"thumbnailUrl\":\"https:\\\/\\\/i0.wp.com\\\/chnsensor.com\\\/wp-content\\\/uploads\\\/2025\\\/01\\\/HZ06K%EF%BC%881%EF%BC%89.jpg?fit=800%2C800&ssl=1\",\"datePublished\":\"2025-02-19T09:40:45+00:00\",\"description\":\"Precision POM plastic liquid flow sensors\u2014lightweight, corrosion-resistant, durable. Perfect for industrial, HVAC & water systems. Reliable & affordable!\",\"breadcrumb\":{\"@id\":\"https:\\\/\\\/chnsensor.com\\\/product\\\/saier-pom-material-plastic-flow-sensor-0-25-2-5l-min-flowmeter\\\/#breadcrumb\"},\"inLanguage\":\"tr\",\"potentialAction\":[{\"@type\":\"ReadAction\",\"target\":[\"https:\\\/\\\/chnsensor.com\\\/product\\\/saier-pom-material-plastic-flow-sensor-0-25-2-5l-min-flowmeter\\\/\"]}]},{\"@type\":\"ImageObject\",\"inLanguage\":\"tr\",\"@id\":\"https:\\\/\\\/chnsensor.com\\\/product\\\/saier-pom-material-plastic-flow-sensor-0-25-2-5l-min-flowmeter\\\/#primaryimage\",\"url\":\"https:\\\/\\\/i0.wp.com\\\/chnsensor.com\\\/wp-content\\\/uploads\\\/2025\\\/01\\\/HZ06K%EF%BC%881%EF%BC%89.jpg?fit=800%2C800&ssl=1\",\"contentUrl\":\"https:\\\/\\\/i0.wp.com\\\/chnsensor.com\\\/wp-content\\\/uploads\\\/2025\\\/01\\\/HZ06K%EF%BC%881%EF%BC%89.jpg?fit=800%2C800&ssl=1\",\"width\":800,\"height\":800},{\"@type\":\"BreadcrumbList\",\"@id\":\"https:\\\/\\\/chnsensor.com\\\/product\\\/saier-pom-material-plastic-flow-sensor-0-25-2-5l-min-flowmeter\\\/#breadcrumb\",\"itemListElement\":[{\"@type\":\"ListItem\",\"position\":1,\"name\":\"\u9996\u9875\",\"item\":\"https:\\\/\\\/chnsensor.com\\\/\"},{\"@type\":\"ListItem\",\"position\":2,\"name\":\"Products\",\"item\":\"https:\\\/\\\/chnsensor.com\\\/blogr\\\/\"},{\"@type\":\"ListItem\",\"position\":3,\"name\":\"SAIER POM Material Liquid Flow Sensor 0.25-2.5L\\\/min Flowmeter\"}]},{\"@type\":\"WebSite\",\"@id\":\"https:\\\/\\\/chnsensor.com\\\/#website\",\"url\":\"https:\\\/\\\/chnsensor.com\\\/\",\"name\":\"Professional manufacturer of sensors\",\"description\":\"20 years experience in sensors development and manufacturing\",\"publisher\":{\"@id\":\"https:\\\/\\\/chnsensor.com\\\/#organization\"},\"potentialAction\":[{\"@type\":\"SearchAction\",\"target\":{\"@type\":\"EntryPoint\",\"urlTemplate\":\"https:\\\/\\\/chnsensor.com\\\/?s={search_term_string}\"},\"query-input\":{\"@type\":\"PropertyValueSpecification\",\"valueRequired\":true,\"valueName\":\"search_term_string\"}}],\"inLanguage\":\"tr\"},{\"@type\":\"Organization\",\"@id\":\"https:\\\/\\\/chnsensor.com\\\/#organization\",\"name\":\"Foshan Shunde SAIER Sensor Co., Ltd.\",\"url\":\"https:\\\/\\\/chnsensor.com\\\/\",\"logo\":{\"@type\":\"ImageObject\",\"inLanguage\":\"tr\",\"@id\":\"https:\\\/\\\/chnsensor.com\\\/#\\\/schema\\\/logo\\\/image\\\/\",\"url\":\"https:\\\/\\\/i0.wp.com\\\/chnsensor.com\\\/wp-content\\\/uploads\\\/2024\\\/09\\\/LOGO.png?fit=1704%2C653&ssl=1\",\"contentUrl\":\"https:\\\/\\\/i0.wp.com\\\/chnsensor.com\\\/wp-content\\\/uploads\\\/2024\\\/09\\\/LOGO.png?fit=1704%2C653&ssl=1\",\"width\":1704,\"height\":653,\"caption\":\"Foshan Shunde SAIER Sensor Co., Ltd.\"},\"image\":{\"@id\":\"https:\\\/\\\/chnsensor.com\\\/#\\\/schema\\\/logo\\\/image\\\/\"}}]}<\/script>\n<!-- \/ Yoast SEO plugin. -->","yoast_head_json":{"title":"SAIER POM Material Liquid Flow Sensor 0.25-2.5L\/min Flowmeter - Professional manufacturer of sensors","description":"Precision POM plastic liquid flow sensors\u2014lightweight, corrosion-resistant, durable. Perfect for industrial, HVAC & water systems. Reliable & affordable!","robots":{"index":"index","follow":"follow","max-snippet":"max-snippet:-1","max-image-preview":"max-image-preview:large","max-video-preview":"max-video-preview:-1"},"canonical":"https:\/\/chnsensor.com\/tr\/urun\/saier-pom-material-plastic-flow-sensor-0-25-2-5l-min-flowmeter\/","og_locale":"tr_TR","og_type":"article","og_title":"SAIER POM Material Liquid Flow Sensor 0.25-2.5L\/min Flowmeter - Professional manufacturer of sensors","og_description":"Precision POM plastic liquid flow sensors\u2014lightweight, corrosion-resistant, durable. Perfect for industrial, HVAC & water systems. Reliable & affordable!","og_url":"https:\/\/chnsensor.com\/tr\/urun\/saier-pom-material-plastic-flow-sensor-0-25-2-5l-min-flowmeter\/","og_site_name":"Professional manufacturer of sensors","og_image":[{"width":800,"height":800,"url":"https:\/\/i0.wp.com\/chnsensor.com\/wp-content\/uploads\/2025\/01\/HZ06K%EF%BC%881%EF%BC%89.jpg?fit=800%2C800&ssl=1","type":"image\/jpeg"}],"twitter_card":"summary_large_image","twitter_misc":{"Tahmini okuma s\u00fcresi":"1 dakika"},"schema":{"@context":"https:\/\/schema.org","@graph":[{"@type":"WebPage","@id":"https:\/\/chnsensor.com\/product\/saier-pom-material-plastic-flow-sensor-0-25-2-5l-min-flowmeter\/","url":"https:\/\/chnsensor.com\/product\/saier-pom-material-plastic-flow-sensor-0-25-2-5l-min-flowmeter\/","name":"SAIER POM Material Liquid Flow Sensor 0.25-2.5L\/min Flowmeter - Professional manufacturer of sensors","isPartOf":{"@id":"https:\/\/chnsensor.com\/#website"},"primaryImageOfPage":{"@id":"https:\/\/chnsensor.com\/product\/saier-pom-material-plastic-flow-sensor-0-25-2-5l-min-flowmeter\/#primaryimage"},"image":{"@id":"https:\/\/chnsensor.com\/product\/saier-pom-material-plastic-flow-sensor-0-25-2-5l-min-flowmeter\/#primaryimage"},"thumbnailUrl":"https:\/\/i0.wp.com\/chnsensor.com\/wp-content\/uploads\/2025\/01\/HZ06K%EF%BC%881%EF%BC%89.jpg?fit=800%2C800&ssl=1","datePublished":"2025-02-19T09:40:45+00:00","description":"Precision POM plastic liquid flow sensors\u2014lightweight, corrosion-resistant, durable. Perfect for industrial, HVAC & water systems. Reliable & affordable!","breadcrumb":{"@id":"https:\/\/chnsensor.com\/product\/saier-pom-material-plastic-flow-sensor-0-25-2-5l-min-flowmeter\/#breadcrumb"},"inLanguage":"tr","potentialAction":[{"@type":"ReadAction","target":["https:\/\/chnsensor.com\/product\/saier-pom-material-plastic-flow-sensor-0-25-2-5l-min-flowmeter\/"]}]},{"@type":"ImageObject","inLanguage":"tr","@id":"https:\/\/chnsensor.com\/product\/saier-pom-material-plastic-flow-sensor-0-25-2-5l-min-flowmeter\/#primaryimage","url":"https:\/\/i0.wp.com\/chnsensor.com\/wp-content\/uploads\/2025\/01\/HZ06K%EF%BC%881%EF%BC%89.jpg?fit=800%2C800&ssl=1","contentUrl":"https:\/\/i0.wp.com\/chnsensor.com\/wp-content\/uploads\/2025\/01\/HZ06K%EF%BC%881%EF%BC%89.jpg?fit=800%2C800&ssl=1","width":800,"height":800},{"@type":"BreadcrumbList","@id":"https:\/\/chnsensor.com\/product\/saier-pom-material-plastic-flow-sensor-0-25-2-5l-min-flowmeter\/#breadcrumb","itemListElement":[{"@type":"ListItem","position":1,"name":"\u9996\u9875","item":"https:\/\/chnsensor.com\/"},{"@type":"ListItem","position":2,"name":"Products","item":"https:\/\/chnsensor.com\/blogr\/"},{"@type":"ListItem","position":3,"name":"SAIER POM Material Liquid Flow Sensor 0.25-2.5L\/min Flowmeter"}]},{"@type":"WebSite","@id":"https:\/\/chnsensor.com\/#website","url":"https:\/\/chnsensor.com\/","name":"Profesyonel sens\u00f6r \u00fcreticisi","description":"20 years experience in sensors development and manufacturing","publisher":{"@id":"https:\/\/chnsensor.com\/#organization"},"potentialAction":[{"@type":"SearchAction","target":{"@type":"EntryPoint","urlTemplate":"https:\/\/chnsensor.com\/?s={search_term_string}"},"query-input":{"@type":"PropertyValueSpecification","valueRequired":true,"valueName":"search_term_string"}}],"inLanguage":"tr"},{"@type":"Organization","@id":"https:\/\/chnsensor.com\/#organization","name":"Foshan Shunde SAIER Sensor Co., Ltd.","url":"https:\/\/chnsensor.com\/","logo":{"@type":"ImageObject","inLanguage":"tr","@id":"https:\/\/chnsensor.com\/#\/schema\/logo\/image\/","url":"https:\/\/i0.wp.com\/chnsensor.com\/wp-content\/uploads\/2024\/09\/LOGO.png?fit=1704%2C653&ssl=1","contentUrl":"https:\/\/i0.wp.com\/chnsensor.com\/wp-content\/uploads\/2024\/09\/LOGO.png?fit=1704%2C653&ssl=1","width":1704,"height":653,"caption":"Foshan Shunde SAIER Sensor Co., Ltd."},"image":{"@id":"https:\/\/chnsensor.com\/#\/schema\/logo\/image\/"}}]}},"jetpack_publicize_connections":[],"jetpack_likes_enabled":true,"jetpack_sharing_enabled":true,"jetpack-related-posts":[],"_links":{"self":[{"href":"https:\/\/chnsensor.com\/tr\/wp-json\/wp\/v2\/product\/1958","targetHints":{"allow":["GET"]}}],"collection":[{"href":"https:\/\/chnsensor.com\/tr\/wp-json\/wp\/v2\/product"}],"about":[{"href":"https:\/\/chnsensor.com\/tr\/wp-json\/wp\/v2\/types\/product"}],"replies":[{"embeddable":true,"href":"https:\/\/chnsensor.com\/tr\/wp-json\/wp\/v2\/comments?post=1958"}],"wp:featuredmedia":[{"embeddable":true,"href":"https:\/\/chnsensor.com\/tr\/wp-json\/wp\/v2\/media\/1963"}],"wp:attachment":[{"href":"https:\/\/chnsensor.com\/tr\/wp-json\/wp\/v2\/media?parent=1958"}],"wp:term":[{"taxonomy":"product_brand","embeddable":true,"href":"https:\/\/chnsensor.com\/tr\/wp-json\/wp\/v2\/product_brand?post=1958"},{"taxonomy":"product_cat","embeddable":true,"href":"https:\/\/chnsensor.com\/tr\/wp-json\/wp\/v2\/product_cat?post=1958"},{"taxonomy":"product_tag","embeddable":true,"href":"https:\/\/chnsensor.com\/tr\/wp-json\/wp\/v2\/product_tag?post=1958"}],"curies":[{"name":"wp","href":"https:\/\/api.w.org\/{rel}","templated":true}]}}