{"id":3174,"date":"2025-06-03T17:34:04","date_gmt":"2025-06-03T09:34:04","guid":{"rendered":"https:\/\/chnsensor.com\/?post_type=product&#038;p=3174"},"modified":"2025-06-03T17:34:05","modified_gmt":"2025-06-03T09:34:05","slug":"side-mounted-water-level-sensor-plastic-for-bathing-machine","status":"publish","type":"product","link":"https:\/\/chnsensor.com\/tr\/urun\/side-mounted-water-level-sensor-plastic-for-bathing-machine\/","title":{"rendered":"Banyo makinesi i\u00e7in Yana Monte Su Seviye Sens\u00f6r\u00fc Plastik"},"content":{"rendered":"<p><strong>The side mounted water level sensor is specially designed for installation on the side wall of liquid containers, made of food-grade PP, which is safe and corrosion-resistant. The T-shaped structure enables compact installation, supports single-point or multi-point liquid level detection, and provides dry contact or analog signal output. It is suitable for water dispensers, humidifiers, ice makers, bath machines, etc.<\/strong><\/p>\n<p><strong>Model Numaras\u0131\uff1a<\/strong>SEN-PPT34<\/p>\n<p><strong>\u00c7\u0131k\u0131\u015f\uff1a<\/strong>switch output<\/p>\n<p><strong>Uygulama\uff1a<\/strong>Water air conditioning<\/p>\n<p><strong>S\u0131cakl\u0131k Performans\u0131\uff1a<\/strong>0-60\u2103<\/p>\n<p><strong>Nominal Gerilim\uff1a<\/strong>DC24V'nin alt\u0131nda<\/p>\n<p><strong>Gerilim ve Ak\u0131m\uff1a<\/strong>DC200V, less than 0.5mA<\/p>\n<p><strong>Kurulum Y\u00f6ntemi\uff1a<\/strong>Side Mounting<\/p>\n<p><a href=\"https:\/\/chnsensor.com\/tr\/urun-kategori\/float-level-switch\/\"><strong>Di\u011fer Modeller: Buraya T\u0131klay\u0131n<\/strong><\/a><\/p>\n<div id=\"v-ZCAqW4wE-1\" class=\"video-player\"><iframe title='VideoPress Video Oynat\u0131c\u0131s\u0131' aria-label='VideoPress Video Oynat\u0131c\u0131s\u0131' width='400' height='400' src='https:\/\/videopress.com\/embed\/ZCAqW4wE?hd=1&amp;cover=1&amp;loop=0&amp;autoPlay=0&amp;permalink=1&amp;muted=0&amp;controls=1&amp;playsinline=0&amp;useAverageColor=0&amp;preloadContent=metadata' frameborder='0' allowfullscreen data-resize-to-parent=\"true\" allow='clipboard-write'><\/iframe><script src='https:\/\/s0.wp.com\/wp-content\/plugins\/video\/assets\/js\/next\/videopress-iframe.js'><\/script><\/div>","protected":false},"excerpt":{"rendered":"<p>The T-shaped structure side-mounted liquid level sensor is made of food-grade PP plastic. It detects the liquid level through a float ball or photoelectric principle and is specifically designed for safety monitoring of small containers such as shower machines, humidifiers, hot water machines, and environmental protection air conditioners.<\/p>","protected":false},"featured_media":3169,"comment_status":"open","ping_status":"closed","template":"","meta":{"_eb_attr":"","jetpack_post_was_ever_published":false,"jetpack_publicize_message":"","jetpack_publicize_feature_enabled":true,"jetpack_social_post_already_shared":true,"jetpack_social_options":{"image_generator_settings":{"template":"highway","default_image_id":0,"font":"","enabled":false},"version":2},"_wpas_customize_per_network":false},"product_brand":[132668],"product_cat":[132618,132620],"product_tag":[132635,132667,132755,132666,132744],"class_list":{"0":"post-3174","1":"product","2":"type-product","3":"status-publish","4":"has-post-thumbnail","6":"product_brand-saier","7":"product_cat-float-level-switch","8":"product_cat-plastic-float-switch","9":"product_tag-float-level-sensor","10":"product_tag-float-level-switch","11":"product_tag-side-mounted-float-sensor","12":"product_tag-water-level-sensor","13":"product_tag-water-level-switch","15":"first","16":"instock","17":"shipping-taxable","18":"product-type-simple"},"yoast_head":"<!-- This site is optimized with the Yoast SEO plugin v27.3 - https:\/\/yoast.com\/product\/yoast-seo-wordpress\/ -->\n<title>Side Mounted Water Level Sensor Plastic for Bathing machine - Professional manufacturer of sensors<\/title>\n<meta name=\"description\" content=\"Side mounted water level sensor, food-grade PP material T-shaped structure, reed switch contacts, ready to use upon installation and maintenance-free!\" \/>\n<meta name=\"robots\" content=\"index, follow, max-snippet:-1, max-image-preview:large, max-video-preview:-1\" \/>\n<link rel=\"canonical\" href=\"https:\/\/chnsensor.com\/tr\/urun\/side-mounted-water-level-sensor-plastic-for-bathing-machine\/\" \/>\n<meta property=\"og:locale\" content=\"tr_TR\" \/>\n<meta property=\"og:type\" content=\"article\" \/>\n<meta property=\"og:title\" content=\"Side Mounted Water Level Sensor Plastic for Bathing machine - Professional manufacturer of sensors\" \/>\n<meta property=\"og:description\" content=\"Side mounted water level sensor, food-grade PP material T-shaped structure, reed switch contacts, ready to use upon installation and maintenance-free!\" \/>\n<meta property=\"og:url\" content=\"https:\/\/chnsensor.com\/tr\/urun\/side-mounted-water-level-sensor-plastic-for-bathing-machine\/\" \/>\n<meta property=\"og:site_name\" content=\"Professional manufacturer of sensors\" \/>\n<meta property=\"article:modified_time\" content=\"2025-06-03T09:34:05+00:00\" \/>\n<meta property=\"og:image\" content=\"https:\/\/chnsensor.com\/wp-content\/uploads\/2025\/06\/PPT34\uff083\uff09.jpg\" \/>\n\t<meta property=\"og:image:width\" content=\"1000\" \/>\n\t<meta property=\"og:image:height\" content=\"1000\" \/>\n\t<meta property=\"og:image:type\" content=\"image\/jpeg\" \/>\n<meta name=\"twitter:card\" content=\"summary_large_image\" \/>\n<meta name=\"twitter:label1\" content=\"Tahmini okuma s\u00fcresi\" \/>\n\t<meta name=\"twitter:data1\" content=\"1 dakika\" \/>\n<script type=\"application\/ld+json\" class=\"yoast-schema-graph\">{\"@context\":\"https:\\\/\\\/schema.org\",\"@graph\":[{\"@type\":\"WebPage\",\"@id\":\"https:\\\/\\\/chnsensor.com\\\/product\\\/side-mounted-water-level-sensor-plastic-for-bathing-machine\\\/\",\"url\":\"https:\\\/\\\/chnsensor.com\\\/product\\\/side-mounted-water-level-sensor-plastic-for-bathing-machine\\\/\",\"name\":\"Side Mounted Water Level Sensor Plastic for Bathing machine - Professional manufacturer of sensors\",\"isPartOf\":{\"@id\":\"https:\\\/\\\/chnsensor.com\\\/#website\"},\"primaryImageOfPage\":{\"@id\":\"https:\\\/\\\/chnsensor.com\\\/product\\\/side-mounted-water-level-sensor-plastic-for-bathing-machine\\\/#primaryimage\"},\"image\":{\"@id\":\"https:\\\/\\\/chnsensor.com\\\/product\\\/side-mounted-water-level-sensor-plastic-for-bathing-machine\\\/#primaryimage\"},\"thumbnailUrl\":\"https:\\\/\\\/i0.wp.com\\\/chnsensor.com\\\/wp-content\\\/uploads\\\/2025\\\/06\\\/PPT34%EF%BC%883%EF%BC%89.jpg?fit=1000%2C1000&ssl=1\",\"datePublished\":\"2025-06-03T09:34:04+00:00\",\"dateModified\":\"2025-06-03T09:34:05+00:00\",\"description\":\"Side mounted water level sensor, food-grade PP material T-shaped structure, reed switch contacts, ready to use upon installation and maintenance-free!\",\"breadcrumb\":{\"@id\":\"https:\\\/\\\/chnsensor.com\\\/product\\\/side-mounted-water-level-sensor-plastic-for-bathing-machine\\\/#breadcrumb\"},\"inLanguage\":\"tr\",\"potentialAction\":[{\"@type\":\"ReadAction\",\"target\":[\"https:\\\/\\\/chnsensor.com\\\/product\\\/side-mounted-water-level-sensor-plastic-for-bathing-machine\\\/\"]}]},{\"@type\":\"ImageObject\",\"inLanguage\":\"tr\",\"@id\":\"https:\\\/\\\/chnsensor.com\\\/product\\\/side-mounted-water-level-sensor-plastic-for-bathing-machine\\\/#primaryimage\",\"url\":\"https:\\\/\\\/i0.wp.com\\\/chnsensor.com\\\/wp-content\\\/uploads\\\/2025\\\/06\\\/PPT34%EF%BC%883%EF%BC%89.jpg?fit=1000%2C1000&ssl=1\",\"contentUrl\":\"https:\\\/\\\/i0.wp.com\\\/chnsensor.com\\\/wp-content\\\/uploads\\\/2025\\\/06\\\/PPT34%EF%BC%883%EF%BC%89.jpg?fit=1000%2C1000&ssl=1\",\"width\":1000,\"height\":1000,\"caption\":\"The side mounted water level sensor is specially designed for installation on the side wall of liquid containers, made of food-grade PP, which is safe and corrosion-resistant. The T-shaped structure enables compact installation, supports single-point or multi-point liquid level detection, and provides dry contact or analog signal output. It is suitable for water dispensers, humidifiers, ice makers, bath machines, etc. It is easy to install and can be used immediately after installation. It is an ideal choice for liquid level control in small Spaces.\"},{\"@type\":\"BreadcrumbList\",\"@id\":\"https:\\\/\\\/chnsensor.com\\\/product\\\/side-mounted-water-level-sensor-plastic-for-bathing-machine\\\/#breadcrumb\",\"itemListElement\":[{\"@type\":\"ListItem\",\"position\":1,\"name\":\"\u9996\u9875\",\"item\":\"https:\\\/\\\/chnsensor.com\\\/\"},{\"@type\":\"ListItem\",\"position\":2,\"name\":\"Products\",\"item\":\"https:\\\/\\\/chnsensor.com\\\/blogr\\\/\"},{\"@type\":\"ListItem\",\"position\":3,\"name\":\"Side Mounted Water Level Sensor Plastic for Bathing machine\"}]},{\"@type\":\"WebSite\",\"@id\":\"https:\\\/\\\/chnsensor.com\\\/#website\",\"url\":\"https:\\\/\\\/chnsensor.com\\\/\",\"name\":\"Professional manufacturer of sensors\",\"description\":\"20 years experience in sensors development and manufacturing\",\"publisher\":{\"@id\":\"https:\\\/\\\/chnsensor.com\\\/#organization\"},\"potentialAction\":[{\"@type\":\"SearchAction\",\"target\":{\"@type\":\"EntryPoint\",\"urlTemplate\":\"https:\\\/\\\/chnsensor.com\\\/?s={search_term_string}\"},\"query-input\":{\"@type\":\"PropertyValueSpecification\",\"valueRequired\":true,\"valueName\":\"search_term_string\"}}],\"inLanguage\":\"tr\"},{\"@type\":\"Organization\",\"@id\":\"https:\\\/\\\/chnsensor.com\\\/#organization\",\"name\":\"Foshan Shunde SAIER Sensor Co., Ltd.\",\"url\":\"https:\\\/\\\/chnsensor.com\\\/\",\"logo\":{\"@type\":\"ImageObject\",\"inLanguage\":\"tr\",\"@id\":\"https:\\\/\\\/chnsensor.com\\\/#\\\/schema\\\/logo\\\/image\\\/\",\"url\":\"https:\\\/\\\/i0.wp.com\\\/chnsensor.com\\\/wp-content\\\/uploads\\\/2024\\\/09\\\/LOGO.png?fit=1704%2C653&ssl=1\",\"contentUrl\":\"https:\\\/\\\/i0.wp.com\\\/chnsensor.com\\\/wp-content\\\/uploads\\\/2024\\\/09\\\/LOGO.png?fit=1704%2C653&ssl=1\",\"width\":1704,\"height\":653,\"caption\":\"Foshan Shunde SAIER Sensor Co., Ltd.\"},\"image\":{\"@id\":\"https:\\\/\\\/chnsensor.com\\\/#\\\/schema\\\/logo\\\/image\\\/\"}}]}<\/script>\n<!-- \/ Yoast SEO plugin. -->","yoast_head_json":{"title":"Side Mounted Water Level Sensor Plastic for Bathing machine - Professional manufacturer of sensors","description":"Side mounted water level sensor, food-grade PP material T-shaped structure, reed switch contacts, ready to use upon installation and maintenance-free!","robots":{"index":"index","follow":"follow","max-snippet":"max-snippet:-1","max-image-preview":"max-image-preview:large","max-video-preview":"max-video-preview:-1"},"canonical":"https:\/\/chnsensor.com\/tr\/urun\/side-mounted-water-level-sensor-plastic-for-bathing-machine\/","og_locale":"tr_TR","og_type":"article","og_title":"Side Mounted Water Level Sensor Plastic for Bathing machine - Professional manufacturer of sensors","og_description":"Side mounted water level sensor, food-grade PP material T-shaped structure, reed switch contacts, ready to use upon installation and maintenance-free!","og_url":"https:\/\/chnsensor.com\/tr\/urun\/side-mounted-water-level-sensor-plastic-for-bathing-machine\/","og_site_name":"Professional manufacturer of sensors","article_modified_time":"2025-06-03T09:34:05+00:00","og_image":[{"width":1000,"height":1000,"url":"https:\/\/chnsensor.com\/wp-content\/uploads\/2025\/06\/PPT34\uff083\uff09.jpg","type":"image\/jpeg"}],"twitter_card":"summary_large_image","twitter_misc":{"Tahmini okuma s\u00fcresi":"1 dakika"},"schema":{"@context":"https:\/\/schema.org","@graph":[{"@type":"WebPage","@id":"https:\/\/chnsensor.com\/product\/side-mounted-water-level-sensor-plastic-for-bathing-machine\/","url":"https:\/\/chnsensor.com\/product\/side-mounted-water-level-sensor-plastic-for-bathing-machine\/","name":"Side Mounted Water Level Sensor Plastic for Bathing machine - Professional manufacturer of sensors","isPartOf":{"@id":"https:\/\/chnsensor.com\/#website"},"primaryImageOfPage":{"@id":"https:\/\/chnsensor.com\/product\/side-mounted-water-level-sensor-plastic-for-bathing-machine\/#primaryimage"},"image":{"@id":"https:\/\/chnsensor.com\/product\/side-mounted-water-level-sensor-plastic-for-bathing-machine\/#primaryimage"},"thumbnailUrl":"https:\/\/i0.wp.com\/chnsensor.com\/wp-content\/uploads\/2025\/06\/PPT34%EF%BC%883%EF%BC%89.jpg?fit=1000%2C1000&ssl=1","datePublished":"2025-06-03T09:34:04+00:00","dateModified":"2025-06-03T09:34:05+00:00","description":"Side mounted water level sensor, food-grade PP material T-shaped structure, reed switch contacts, ready to use upon installation and maintenance-free!","breadcrumb":{"@id":"https:\/\/chnsensor.com\/product\/side-mounted-water-level-sensor-plastic-for-bathing-machine\/#breadcrumb"},"inLanguage":"tr","potentialAction":[{"@type":"ReadAction","target":["https:\/\/chnsensor.com\/product\/side-mounted-water-level-sensor-plastic-for-bathing-machine\/"]}]},{"@type":"ImageObject","inLanguage":"tr","@id":"https:\/\/chnsensor.com\/product\/side-mounted-water-level-sensor-plastic-for-bathing-machine\/#primaryimage","url":"https:\/\/i0.wp.com\/chnsensor.com\/wp-content\/uploads\/2025\/06\/PPT34%EF%BC%883%EF%BC%89.jpg?fit=1000%2C1000&ssl=1","contentUrl":"https:\/\/i0.wp.com\/chnsensor.com\/wp-content\/uploads\/2025\/06\/PPT34%EF%BC%883%EF%BC%89.jpg?fit=1000%2C1000&ssl=1","width":1000,"height":1000,"caption":"The side mounted water level sensor is specially designed for installation on the side wall of liquid containers, made of food-grade PP, which is safe and corrosion-resistant. The T-shaped structure enables compact installation, supports single-point or multi-point liquid level detection, and provides dry contact or analog signal output. It is suitable for water dispensers, humidifiers, ice makers, bath machines, etc. It is easy to install and can be used immediately after installation. It is an ideal choice for liquid level control in small Spaces."},{"@type":"BreadcrumbList","@id":"https:\/\/chnsensor.com\/product\/side-mounted-water-level-sensor-plastic-for-bathing-machine\/#breadcrumb","itemListElement":[{"@type":"ListItem","position":1,"name":"\u9996\u9875","item":"https:\/\/chnsensor.com\/"},{"@type":"ListItem","position":2,"name":"Products","item":"https:\/\/chnsensor.com\/blogr\/"},{"@type":"ListItem","position":3,"name":"Side Mounted Water Level Sensor Plastic for Bathing machine"}]},{"@type":"WebSite","@id":"https:\/\/chnsensor.com\/#website","url":"https:\/\/chnsensor.com\/","name":"Profesyonel sens\u00f6r \u00fcreticisi","description":"20 years experience in sensors development and manufacturing","publisher":{"@id":"https:\/\/chnsensor.com\/#organization"},"potentialAction":[{"@type":"SearchAction","target":{"@type":"EntryPoint","urlTemplate":"https:\/\/chnsensor.com\/?s={search_term_string}"},"query-input":{"@type":"PropertyValueSpecification","valueRequired":true,"valueName":"search_term_string"}}],"inLanguage":"tr"},{"@type":"Organization","@id":"https:\/\/chnsensor.com\/#organization","name":"Foshan Shunde SAIER Sensor Co., Ltd.","url":"https:\/\/chnsensor.com\/","logo":{"@type":"ImageObject","inLanguage":"tr","@id":"https:\/\/chnsensor.com\/#\/schema\/logo\/image\/","url":"https:\/\/i0.wp.com\/chnsensor.com\/wp-content\/uploads\/2024\/09\/LOGO.png?fit=1704%2C653&ssl=1","contentUrl":"https:\/\/i0.wp.com\/chnsensor.com\/wp-content\/uploads\/2024\/09\/LOGO.png?fit=1704%2C653&ssl=1","width":1704,"height":653,"caption":"Foshan Shunde SAIER Sensor Co., Ltd."},"image":{"@id":"https:\/\/chnsensor.com\/#\/schema\/logo\/image\/"}}]}},"jetpack_publicize_connections":[],"jetpack_likes_enabled":true,"jetpack_sharing_enabled":true,"jetpack-related-posts":[],"_links":{"self":[{"href":"https:\/\/chnsensor.com\/tr\/wp-json\/wp\/v2\/product\/3174","targetHints":{"allow":["GET"]}}],"collection":[{"href":"https:\/\/chnsensor.com\/tr\/wp-json\/wp\/v2\/product"}],"about":[{"href":"https:\/\/chnsensor.com\/tr\/wp-json\/wp\/v2\/types\/product"}],"replies":[{"embeddable":true,"href":"https:\/\/chnsensor.com\/tr\/wp-json\/wp\/v2\/comments?post=3174"}],"wp:featuredmedia":[{"embeddable":true,"href":"https:\/\/chnsensor.com\/tr\/wp-json\/wp\/v2\/media\/3169"}],"wp:attachment":[{"href":"https:\/\/chnsensor.com\/tr\/wp-json\/wp\/v2\/media?parent=3174"}],"wp:term":[{"taxonomy":"product_brand","embeddable":true,"href":"https:\/\/chnsensor.com\/tr\/wp-json\/wp\/v2\/product_brand?post=3174"},{"taxonomy":"product_cat","embeddable":true,"href":"https:\/\/chnsensor.com\/tr\/wp-json\/wp\/v2\/product_cat?post=3174"},{"taxonomy":"product_tag","embeddable":true,"href":"https:\/\/chnsensor.com\/tr\/wp-json\/wp\/v2\/product_tag?post=3174"}],"curies":[{"name":"wp","href":"https:\/\/api.w.org\/{rel}","templated":true}]}}