{"id":3451,"date":"2025-06-18T10:38:46","date_gmt":"2025-06-18T02:38:46","guid":{"rendered":"https:\/\/chnsensor.com\/?post_type=product&#038;p=3451"},"modified":"2025-06-18T10:42:19","modified_gmt":"2025-06-18T02:42:19","slug":"flow-rate-sensor-g1-4hall-flow-sensor-for-water-dispenser","status":"publish","type":"product","link":"https:\/\/chnsensor.com\/tr\/urun\/flow-rate-sensor-g1-4hall-flow-sensor-for-water-dispenser\/","title":{"rendered":"Flow Rate Sensor G1\/4&#8243;Hall Flow Sensor for Water Dispenser"},"content":{"rendered":"<p><strong>Water flow rate sensor, specially designed for small flow pipelines, compatible with DN8 interface, accurately detects water flow ranging from 0.2 to 3L\/min. Made of food-grade materials, it has a compact structure and supports pulse\/analog signal output. It is suitable for flow monitoring of small devices such as water purifiers and coffee machines.<\/strong><\/p>\n<p><strong>Model numaras\u0131:<\/strong>SEN-HZ41WA<\/p>\n<p><strong>Ak\u0131\u015f aral\u0131\u011f\u0131:<\/strong>0.25-3.0L\/Min<\/p>\n<p><strong>Malzeme:<\/strong>Food grade POM<\/p>\n<p><strong>Cable length:<\/strong>350mm<\/p>\n<p><strong>Uygulama:<\/strong>Water dispenser, water purifier, water heater<\/p>\n<p><strong>Medium:<\/strong>Water \u226460\u00b0C<\/p>\n<p><strong>Electrical strength:<\/strong>AC500V,50Hz<\/p>\n<p><a href=\"https:\/\/chnsensor.com\/tr\/urun-kategori\/flow-sensor\/\"><strong>Di\u011fer Modeller: Buraya T\u0131klay\u0131n<\/strong><\/a><\/p>\n<div id=\"v-eQebbrPr-1\" class=\"video-player\"><iframe title='VideoPress Video Oynat\u0131c\u0131s\u0131' aria-label='VideoPress Video Oynat\u0131c\u0131s\u0131' width='400' height='400' src='https:\/\/videopress.com\/embed\/eQebbrPr?hd=1&amp;cover=1&amp;loop=0&amp;autoPlay=0&amp;permalink=1&amp;muted=0&amp;controls=1&amp;playsinline=0&amp;useAverageColor=0&amp;preloadContent=metadata' frameborder='0' allowfullscreen data-resize-to-parent=\"true\" allow='clipboard-write'><\/iframe><script src='https:\/\/s0.wp.com\/wp-content\/plugins\/video\/assets\/js\/next\/videopress-iframe.js'><\/script><\/div>","protected":false},"excerpt":{"rendered":"<p title=\"G1\/4&quot; Flow Sensors High Accuracy Liquid Flow Sensor Meter POM Food Grade Material Water Flow Sensor for Water Dispenser\" data-spm-anchor-id=\"a2700.details.0.i31.4e043716L8TYwd\">G1\/4&#8243; Flow Sensors High Accuracy Liquid Flow Sensor Meter POM Food Grade Material Water Flow Sensor for Water Dispenser<\/p>","protected":false},"featured_media":3447,"comment_status":"open","ping_status":"closed","template":"","meta":{"_eb_attr":"","jetpack_publicize_message":"","jetpack_publicize_feature_enabled":true,"jetpack_social_post_already_shared":true,"jetpack_social_options":{"image_generator_settings":{"template":"highway","default_image_id":0,"font":"","enabled":false},"version":2},"_wpas_customize_per_network":false},"product_brand":[132668],"product_cat":[132600,132611],"product_tag":[132754,132602,132894,132595],"class_list":{"0":"post-3451","1":"product","2":"type-product","3":"status-publish","4":"has-post-thumbnail","6":"product_brand-saier","7":"product_cat-flow-sensor","8":"product_cat-plastic-water-flow-sensor","9":"product_tag-liquid-flow-sensor","10":"product_tag-plastic-flow-sensor","11":"product_tag-water-flow-rate-sensor","12":"product_tag-water-flow-sensor","14":"first","15":"instock","16":"shipping-taxable","17":"product-type-simple"},"yoast_head":"<!-- This site is optimized with the Yoast SEO plugin v27.6 - https:\/\/yoast.com\/product\/yoast-seo-wordpress\/ -->\n<title>Flow Rate Sensor G1\/4&quot;Hall Flow Sensor for Water Dispenser - Professional manufacturer of sensors<\/title>\n<meta name=\"description\" content=\"G1\/4&quot; flow rate sensor, with a measurement range of 0.2-2L\/min, made of food-grade material, suitable for water purifiers and coffee machines.\" \/>\n<meta name=\"robots\" content=\"index, follow, max-snippet:-1, max-image-preview:large, max-video-preview:-1\" \/>\n<link rel=\"canonical\" href=\"https:\/\/chnsensor.com\/tr\/urun\/flow-rate-sensor-g1-4hall-flow-sensor-for-water-dispenser\/\" \/>\n<meta property=\"og:locale\" content=\"tr_TR\" \/>\n<meta property=\"og:type\" content=\"article\" \/>\n<meta property=\"og:title\" content=\"Flow Rate Sensor G1\/4&quot;Hall Flow Sensor for Water Dispenser - Professional manufacturer of sensors\" \/>\n<meta property=\"og:description\" content=\"G1\/4&quot; flow rate sensor, with a measurement range of 0.2-2L\/min, made of food-grade material, suitable for water purifiers and coffee machines.\" \/>\n<meta property=\"og:url\" content=\"https:\/\/chnsensor.com\/tr\/urun\/flow-rate-sensor-g1-4hall-flow-sensor-for-water-dispenser\/\" \/>\n<meta property=\"og:site_name\" content=\"Professional manufacturer of sensors\" \/>\n<meta property=\"article:modified_time\" content=\"2025-06-18T02:42:19+00:00\" \/>\n<meta property=\"og:image\" content=\"https:\/\/chnsensor.com\/wp-content\/uploads\/2025\/06\/HZ41WA\uff084\uff09.jpg\" \/>\n\t<meta property=\"og:image:width\" content=\"1000\" \/>\n\t<meta property=\"og:image:height\" content=\"1000\" \/>\n\t<meta property=\"og:image:type\" content=\"image\/jpeg\" \/>\n<meta name=\"twitter:card\" content=\"summary_large_image\" \/>\n<meta name=\"twitter:label1\" content=\"Tahmini okuma s\u00fcresi\" \/>\n\t<meta name=\"twitter:data1\" content=\"1 dakika\" \/>\n<script type=\"application\/ld+json\" class=\"yoast-schema-graph\">{\"@context\":\"https:\\\/\\\/schema.org\",\"@graph\":[{\"@type\":\"WebPage\",\"@id\":\"https:\\\/\\\/chnsensor.com\\\/product\\\/flow-rate-sensor-g1-4hall-flow-sensor-for-water-dispenser\\\/\",\"url\":\"https:\\\/\\\/chnsensor.com\\\/product\\\/flow-rate-sensor-g1-4hall-flow-sensor-for-water-dispenser\\\/\",\"name\":\"Flow Rate Sensor G1\\\/4\\\"Hall Flow Sensor for Water Dispenser - Professional manufacturer of sensors\",\"isPartOf\":{\"@id\":\"https:\\\/\\\/chnsensor.com\\\/#website\"},\"primaryImageOfPage\":{\"@id\":\"https:\\\/\\\/chnsensor.com\\\/product\\\/flow-rate-sensor-g1-4hall-flow-sensor-for-water-dispenser\\\/#primaryimage\"},\"image\":{\"@id\":\"https:\\\/\\\/chnsensor.com\\\/product\\\/flow-rate-sensor-g1-4hall-flow-sensor-for-water-dispenser\\\/#primaryimage\"},\"thumbnailUrl\":\"https:\\\/\\\/i0.wp.com\\\/chnsensor.com\\\/wp-content\\\/uploads\\\/2025\\\/06\\\/HZ41WA%EF%BC%884%EF%BC%89.jpg?fit=1000%2C1000&ssl=1\",\"datePublished\":\"2025-06-18T02:38:46+00:00\",\"dateModified\":\"2025-06-18T02:42:19+00:00\",\"description\":\"G1\\\/4\\\" flow rate sensor, with a measurement range of 0.2-2L\\\/min, made of food-grade material, suitable for water purifiers and coffee machines.\",\"breadcrumb\":{\"@id\":\"https:\\\/\\\/chnsensor.com\\\/product\\\/flow-rate-sensor-g1-4hall-flow-sensor-for-water-dispenser\\\/#breadcrumb\"},\"inLanguage\":\"tr\",\"potentialAction\":[{\"@type\":\"ReadAction\",\"target\":[\"https:\\\/\\\/chnsensor.com\\\/product\\\/flow-rate-sensor-g1-4hall-flow-sensor-for-water-dispenser\\\/\"]}]},{\"@type\":\"ImageObject\",\"inLanguage\":\"tr\",\"@id\":\"https:\\\/\\\/chnsensor.com\\\/product\\\/flow-rate-sensor-g1-4hall-flow-sensor-for-water-dispenser\\\/#primaryimage\",\"url\":\"https:\\\/\\\/i0.wp.com\\\/chnsensor.com\\\/wp-content\\\/uploads\\\/2025\\\/06\\\/HZ41WA%EF%BC%884%EF%BC%89.jpg?fit=1000%2C1000&ssl=1\",\"contentUrl\":\"https:\\\/\\\/i0.wp.com\\\/chnsensor.com\\\/wp-content\\\/uploads\\\/2025\\\/06\\\/HZ41WA%EF%BC%884%EF%BC%89.jpg?fit=1000%2C1000&ssl=1\",\"width\":1000,\"height\":1000,\"caption\":\"The DN8 water flow sensor is specially designed for small-flow pipelines. It adopts a low-power Hall effect to accurately measure the flow velocity and cumulative flow of liquids. The compact structure is suitable for the installation requirements of various small devices and is applicable to small devices such as water purifiers and coffee machines.\"},{\"@type\":\"BreadcrumbList\",\"@id\":\"https:\\\/\\\/chnsensor.com\\\/product\\\/flow-rate-sensor-g1-4hall-flow-sensor-for-water-dispenser\\\/#breadcrumb\",\"itemListElement\":[{\"@type\":\"ListItem\",\"position\":1,\"name\":\"\u9996\u9875\",\"item\":\"https:\\\/\\\/chnsensor.com\\\/\"},{\"@type\":\"ListItem\",\"position\":2,\"name\":\"Products\",\"item\":\"https:\\\/\\\/chnsensor.com\\\/blogr\\\/\"},{\"@type\":\"ListItem\",\"position\":3,\"name\":\"Flow Rate Sensor G1\\\/4&#8243;Hall Flow Sensor for Water Dispenser\"}]},{\"@type\":\"WebSite\",\"@id\":\"https:\\\/\\\/chnsensor.com\\\/#website\",\"url\":\"https:\\\/\\\/chnsensor.com\\\/\",\"name\":\"Professional manufacturer of sensors\",\"description\":\"20 years experience in sensors development and manufacturing\",\"publisher\":{\"@id\":\"https:\\\/\\\/chnsensor.com\\\/#organization\"},\"potentialAction\":[{\"@type\":\"SearchAction\",\"target\":{\"@type\":\"EntryPoint\",\"urlTemplate\":\"https:\\\/\\\/chnsensor.com\\\/?s={search_term_string}\"},\"query-input\":{\"@type\":\"PropertyValueSpecification\",\"valueRequired\":true,\"valueName\":\"search_term_string\"}}],\"inLanguage\":\"tr\"},{\"@type\":\"Organization\",\"@id\":\"https:\\\/\\\/chnsensor.com\\\/#organization\",\"name\":\"Foshan Shunde SAIER Sensor Co., Ltd.\",\"url\":\"https:\\\/\\\/chnsensor.com\\\/\",\"logo\":{\"@type\":\"ImageObject\",\"inLanguage\":\"tr\",\"@id\":\"https:\\\/\\\/chnsensor.com\\\/#\\\/schema\\\/logo\\\/image\\\/\",\"url\":\"https:\\\/\\\/i0.wp.com\\\/chnsensor.com\\\/wp-content\\\/uploads\\\/2024\\\/09\\\/LOGO.png?fit=1704%2C653&ssl=1\",\"contentUrl\":\"https:\\\/\\\/i0.wp.com\\\/chnsensor.com\\\/wp-content\\\/uploads\\\/2024\\\/09\\\/LOGO.png?fit=1704%2C653&ssl=1\",\"width\":1704,\"height\":653,\"caption\":\"Foshan Shunde SAIER Sensor Co., Ltd.\"},\"image\":{\"@id\":\"https:\\\/\\\/chnsensor.com\\\/#\\\/schema\\\/logo\\\/image\\\/\"}}]}<\/script>\n<!-- \/ Yoast SEO plugin. -->","yoast_head_json":{"title":"Flow Rate Sensor G1\/4\"Hall Flow Sensor for Water Dispenser - Professional manufacturer of sensors","description":"G1\/4\" flow rate sensor, with a measurement range of 0.2-2L\/min, made of food-grade material, suitable for water purifiers and coffee machines.","robots":{"index":"index","follow":"follow","max-snippet":"max-snippet:-1","max-image-preview":"max-image-preview:large","max-video-preview":"max-video-preview:-1"},"canonical":"https:\/\/chnsensor.com\/tr\/urun\/flow-rate-sensor-g1-4hall-flow-sensor-for-water-dispenser\/","og_locale":"tr_TR","og_type":"article","og_title":"Flow Rate Sensor G1\/4\"Hall Flow Sensor for Water Dispenser - Professional manufacturer of sensors","og_description":"G1\/4\" flow rate sensor, with a measurement range of 0.2-2L\/min, made of food-grade material, suitable for water purifiers and coffee machines.","og_url":"https:\/\/chnsensor.com\/tr\/urun\/flow-rate-sensor-g1-4hall-flow-sensor-for-water-dispenser\/","og_site_name":"Professional manufacturer of sensors","article_modified_time":"2025-06-18T02:42:19+00:00","og_image":[{"width":1000,"height":1000,"url":"https:\/\/chnsensor.com\/wp-content\/uploads\/2025\/06\/HZ41WA\uff084\uff09.jpg","type":"image\/jpeg"}],"twitter_card":"summary_large_image","twitter_misc":{"Tahmini okuma s\u00fcresi":"1 dakika"},"schema":{"@context":"https:\/\/schema.org","@graph":[{"@type":"WebPage","@id":"https:\/\/chnsensor.com\/product\/flow-rate-sensor-g1-4hall-flow-sensor-for-water-dispenser\/","url":"https:\/\/chnsensor.com\/product\/flow-rate-sensor-g1-4hall-flow-sensor-for-water-dispenser\/","name":"Flow Rate Sensor G1\/4\"Hall Flow Sensor for Water Dispenser - Professional manufacturer of sensors","isPartOf":{"@id":"https:\/\/chnsensor.com\/#website"},"primaryImageOfPage":{"@id":"https:\/\/chnsensor.com\/product\/flow-rate-sensor-g1-4hall-flow-sensor-for-water-dispenser\/#primaryimage"},"image":{"@id":"https:\/\/chnsensor.com\/product\/flow-rate-sensor-g1-4hall-flow-sensor-for-water-dispenser\/#primaryimage"},"thumbnailUrl":"https:\/\/i0.wp.com\/chnsensor.com\/wp-content\/uploads\/2025\/06\/HZ41WA%EF%BC%884%EF%BC%89.jpg?fit=1000%2C1000&ssl=1","datePublished":"2025-06-18T02:38:46+00:00","dateModified":"2025-06-18T02:42:19+00:00","description":"G1\/4\" flow rate sensor, with a measurement range of 0.2-2L\/min, made of food-grade material, suitable for water purifiers and coffee machines.","breadcrumb":{"@id":"https:\/\/chnsensor.com\/product\/flow-rate-sensor-g1-4hall-flow-sensor-for-water-dispenser\/#breadcrumb"},"inLanguage":"tr","potentialAction":[{"@type":"ReadAction","target":["https:\/\/chnsensor.com\/product\/flow-rate-sensor-g1-4hall-flow-sensor-for-water-dispenser\/"]}]},{"@type":"ImageObject","inLanguage":"tr","@id":"https:\/\/chnsensor.com\/product\/flow-rate-sensor-g1-4hall-flow-sensor-for-water-dispenser\/#primaryimage","url":"https:\/\/i0.wp.com\/chnsensor.com\/wp-content\/uploads\/2025\/06\/HZ41WA%EF%BC%884%EF%BC%89.jpg?fit=1000%2C1000&ssl=1","contentUrl":"https:\/\/i0.wp.com\/chnsensor.com\/wp-content\/uploads\/2025\/06\/HZ41WA%EF%BC%884%EF%BC%89.jpg?fit=1000%2C1000&ssl=1","width":1000,"height":1000,"caption":"The DN8 water flow sensor is specially designed for small-flow pipelines. It adopts a low-power Hall effect to accurately measure the flow velocity and cumulative flow of liquids. The compact structure is suitable for the installation requirements of various small devices and is applicable to small devices such as water purifiers and coffee machines."},{"@type":"BreadcrumbList","@id":"https:\/\/chnsensor.com\/product\/flow-rate-sensor-g1-4hall-flow-sensor-for-water-dispenser\/#breadcrumb","itemListElement":[{"@type":"ListItem","position":1,"name":"\u9996\u9875","item":"https:\/\/chnsensor.com\/"},{"@type":"ListItem","position":2,"name":"Products","item":"https:\/\/chnsensor.com\/blogr\/"},{"@type":"ListItem","position":3,"name":"Flow Rate Sensor G1\/4&#8243;Hall Flow Sensor for Water Dispenser"}]},{"@type":"WebSite","@id":"https:\/\/chnsensor.com\/#website","url":"https:\/\/chnsensor.com\/","name":"Profesyonel sens\u00f6r \u00fcreticisi","description":"20 years experience in sensors development and manufacturing","publisher":{"@id":"https:\/\/chnsensor.com\/#organization"},"potentialAction":[{"@type":"SearchAction","target":{"@type":"EntryPoint","urlTemplate":"https:\/\/chnsensor.com\/?s={search_term_string}"},"query-input":{"@type":"PropertyValueSpecification","valueRequired":true,"valueName":"search_term_string"}}],"inLanguage":"tr"},{"@type":"Organization","@id":"https:\/\/chnsensor.com\/#organization","name":"Foshan Shunde SAIER Sensor Co., Ltd.","url":"https:\/\/chnsensor.com\/","logo":{"@type":"ImageObject","inLanguage":"tr","@id":"https:\/\/chnsensor.com\/#\/schema\/logo\/image\/","url":"https:\/\/i0.wp.com\/chnsensor.com\/wp-content\/uploads\/2024\/09\/LOGO.png?fit=1704%2C653&ssl=1","contentUrl":"https:\/\/i0.wp.com\/chnsensor.com\/wp-content\/uploads\/2024\/09\/LOGO.png?fit=1704%2C653&ssl=1","width":1704,"height":653,"caption":"Foshan Shunde SAIER Sensor Co., Ltd."},"image":{"@id":"https:\/\/chnsensor.com\/#\/schema\/logo\/image\/"}}]}},"jetpack_publicize_connections":[],"jetpack_likes_enabled":true,"jetpack_sharing_enabled":true,"jetpack-related-posts":[],"_links":{"self":[{"href":"https:\/\/chnsensor.com\/tr\/wp-json\/wp\/v2\/product\/3451","targetHints":{"allow":["GET"]}}],"collection":[{"href":"https:\/\/chnsensor.com\/tr\/wp-json\/wp\/v2\/product"}],"about":[{"href":"https:\/\/chnsensor.com\/tr\/wp-json\/wp\/v2\/types\/product"}],"replies":[{"embeddable":true,"href":"https:\/\/chnsensor.com\/tr\/wp-json\/wp\/v2\/comments?post=3451"}],"wp:featuredmedia":[{"embeddable":true,"href":"https:\/\/chnsensor.com\/tr\/wp-json\/wp\/v2\/media\/3447"}],"wp:attachment":[{"href":"https:\/\/chnsensor.com\/tr\/wp-json\/wp\/v2\/media?parent=3451"}],"wp:term":[{"taxonomy":"product_brand","embeddable":true,"href":"https:\/\/chnsensor.com\/tr\/wp-json\/wp\/v2\/product_brand?post=3451"},{"taxonomy":"product_cat","embeddable":true,"href":"https:\/\/chnsensor.com\/tr\/wp-json\/wp\/v2\/product_cat?post=3451"},{"taxonomy":"product_tag","embeddable":true,"href":"https:\/\/chnsensor.com\/tr\/wp-json\/wp\/v2\/product_tag?post=3451"}],"curies":[{"name":"wp","href":"https:\/\/api.w.org\/{rel}","templated":true}]}}