{"id":3844,"date":"2025-07-01T15:56:18","date_gmt":"2025-07-01T07:56:18","guid":{"rendered":"https:\/\/chnsensor.com\/?post_type=product&#038;p=3844"},"modified":"2025-07-01T15:56:18","modified_gmt":"2025-07-01T07:56:18","slug":"water-flowmeter-sensor-0-3-3l-min-for-smart-toilet-flow-control","status":"publish","type":"product","link":"https:\/\/chnsensor.com\/tr\/urun\/water-flowmeter-sensor-0-3-3l-min-for-smart-toilet-flow-control\/","title":{"rendered":"Water Flowmeter Sensor 0.3-3L\/Min for Smart Toilet Flow Control"},"content":{"rendered":"<p><strong>1\/4&#8243; Quick-connect water flow sensor, food-grade POM plastic material, DC3-24V voltage, 0.3-3L\/Min flow range, suitable for coffee machines, water dispensers, smart toilets and other household appliances, used for detecting water flow.<\/strong><\/p>\n<p><strong>Model Numaras\u0131:<\/strong>SEN-HZ41L<\/p>\n<p><strong>Malzeme:<\/strong>POM Plastic<\/p>\n<p><strong>Ak\u0131\u015f Aral\u0131\u011f\u0131:<\/strong>0.3-3.0L\/min<\/p>\n<p><strong>Uygulama:<\/strong>Water purifier,Water heater<\/p>\n<p><strong>Port Size:<\/strong>1\/4&#8243;<\/p>\n<p><strong>\u00c7\u0131kt\u0131:<\/strong>Pulse Signal<\/p>\n<p><strong>Teori:<\/strong>Hall Effect<\/p>\n<p><strong>Working Voltage:<\/strong>DC 3-24V<\/p>\n<p><strong>Bas\u0131n\u00e7 Performans\u0131:<\/strong>Less Than 1.2 MPa<\/p>\n<p><a href=\"https:\/\/chnsensor.com\/tr\/urun-kategori\/flow-sensor\/\"><strong>Di\u011fer Modeller: Buraya T\u0131klay\u0131n<\/strong><\/a><\/p>\n<div id=\"v-B0lW4oaB-1\" class=\"video-player\"><iframe title='VideoPress Video Oynat\u0131c\u0131s\u0131' aria-label='VideoPress Video Oynat\u0131c\u0131s\u0131' width='400' height='224' src='https:\/\/videopress.com\/embed\/B0lW4oaB?hd=1&amp;cover=1&amp;loop=0&amp;autoPlay=0&amp;permalink=1&amp;muted=0&amp;controls=1&amp;playsinline=0&amp;useAverageColor=0&amp;preloadContent=metadata' frameborder='0' allowfullscreen data-resize-to-parent=\"true\" allow='clipboard-write'><\/iframe><script src='https:\/\/s0.wp.com\/wp-content\/plugins\/video\/assets\/js\/next\/videopress-iframe.js'><\/script><\/div>","protected":false},"excerpt":{"rendered":"<p>1\/4&#8243; Quick-connect water flow sensor, food-grade POM plastic material, DC3-24V voltage, 0.3-3L\/Min flow range, suitable for coffee machines, water dispensers, smart toilets and other household appliances, used for detecting water flow. Model Number:SEN-HZ41L Material:POM Plastic Flow Range:0.3-3.0L\/min Application:Water purifier,Water heater Port Size:1\/4&#8243; Output:Pulse Signal Theory:Hall Effect Working Voltage:DC 3-24V Pressure Performance:Less Than 1.2 MPa Other [&hellip;]<\/p>\n","protected":false},"featured_media":3834,"comment_status":"open","ping_status":"closed","template":"","meta":{"_eb_attr":"","jetpack_publicize_message":"","jetpack_publicize_feature_enabled":true,"jetpack_social_post_already_shared":true,"jetpack_social_options":{"image_generator_settings":{"template":"highway","default_image_id":0,"font":"","enabled":false},"version":2},"_wpas_customize_per_network":false},"product_brand":[132668],"product_cat":[132600,132611],"product_tag":[132915,132936,132937,132895,132938,132595],"class_list":{"0":"post-3844","1":"product","2":"type-product","3":"status-publish","4":"has-post-thumbnail","6":"product_brand-saier","7":"product_cat-flow-sensor","8":"product_cat-plastic-water-flow-sensor","9":"product_tag-flow-rate-sensor","10":"product_tag-flow-sensor","11":"product_tag-flow-sensor-meter","12":"product_tag-hall-effect-flow-sensor","13":"product_tag-water-flow-meter-sensor","14":"product_tag-water-flow-sensor","16":"first","17":"instock","18":"shipping-taxable","19":"product-type-simple"},"yoast_head":"<!-- This site is optimized with the Yoast SEO plugin v27.6 - https:\/\/yoast.com\/product\/yoast-seo-wordpress\/ -->\n<title>Water Flowmeter Sensor 0.3-3L\/Min for Smart Toilet Flow Control - Professional manufacturer of sensors<\/title>\n<meta name=\"description\" content=\"Water Flowmeter Sensor,food-grade POM material, with a flow range of 0.3-3L\/min, suitable for water dispensers, coffee machines, and smart toilet equipment.\" \/>\n<meta name=\"robots\" content=\"index, follow, max-snippet:-1, max-image-preview:large, max-video-preview:-1\" \/>\n<link rel=\"canonical\" href=\"https:\/\/chnsensor.com\/tr\/urun\/water-flowmeter-sensor-0-3-3l-min-for-smart-toilet-flow-control\/\" \/>\n<meta property=\"og:locale\" content=\"tr_TR\" \/>\n<meta property=\"og:type\" content=\"article\" \/>\n<meta property=\"og:title\" content=\"Water Flowmeter Sensor 0.3-3L\/Min for Smart Toilet Flow Control - Professional manufacturer of sensors\" \/>\n<meta property=\"og:description\" content=\"Water Flowmeter Sensor,food-grade POM material, with a flow range of 0.3-3L\/min, suitable for water dispensers, coffee machines, and smart toilet equipment.\" \/>\n<meta property=\"og:url\" content=\"https:\/\/chnsensor.com\/tr\/urun\/water-flowmeter-sensor-0-3-3l-min-for-smart-toilet-flow-control\/\" \/>\n<meta property=\"og:site_name\" content=\"Professional manufacturer of sensors\" \/>\n<meta property=\"og:image\" content=\"https:\/\/chnsensor.com\/wp-content\/uploads\/2025\/07\/HZ41L-2.jpg\" \/>\n\t<meta property=\"og:image:width\" content=\"1000\" \/>\n\t<meta property=\"og:image:height\" content=\"1000\" \/>\n\t<meta property=\"og:image:type\" content=\"image\/jpeg\" \/>\n<meta name=\"twitter:card\" content=\"summary_large_image\" \/>\n<meta name=\"twitter:label1\" content=\"Tahmini okuma s\u00fcresi\" \/>\n\t<meta name=\"twitter:data1\" content=\"1 dakika\" \/>\n<script type=\"application\/ld+json\" class=\"yoast-schema-graph\">{\"@context\":\"https:\\\/\\\/schema.org\",\"@graph\":[{\"@type\":\"WebPage\",\"@id\":\"https:\\\/\\\/chnsensor.com\\\/product\\\/water-flowmeter-sensor-0-3-3l-min-for-smart-toilet-flow-control\\\/\",\"url\":\"https:\\\/\\\/chnsensor.com\\\/product\\\/water-flowmeter-sensor-0-3-3l-min-for-smart-toilet-flow-control\\\/\",\"name\":\"Water Flowmeter Sensor 0.3-3L\\\/Min for Smart Toilet Flow Control - Professional manufacturer of sensors\",\"isPartOf\":{\"@id\":\"https:\\\/\\\/chnsensor.com\\\/#website\"},\"primaryImageOfPage\":{\"@id\":\"https:\\\/\\\/chnsensor.com\\\/product\\\/water-flowmeter-sensor-0-3-3l-min-for-smart-toilet-flow-control\\\/#primaryimage\"},\"image\":{\"@id\":\"https:\\\/\\\/chnsensor.com\\\/product\\\/water-flowmeter-sensor-0-3-3l-min-for-smart-toilet-flow-control\\\/#primaryimage\"},\"thumbnailUrl\":\"https:\\\/\\\/i0.wp.com\\\/chnsensor.com\\\/wp-content\\\/uploads\\\/2025\\\/07\\\/HZ41L-2.jpg?fit=1000%2C1000&ssl=1\",\"datePublished\":\"2025-07-01T07:56:18+00:00\",\"description\":\"Water Flowmeter Sensor,food-grade POM material, with a flow range of 0.3-3L\\\/min, suitable for water dispensers, coffee machines, and smart toilet equipment.\",\"breadcrumb\":{\"@id\":\"https:\\\/\\\/chnsensor.com\\\/product\\\/water-flowmeter-sensor-0-3-3l-min-for-smart-toilet-flow-control\\\/#breadcrumb\"},\"inLanguage\":\"tr\",\"potentialAction\":[{\"@type\":\"ReadAction\",\"target\":[\"https:\\\/\\\/chnsensor.com\\\/product\\\/water-flowmeter-sensor-0-3-3l-min-for-smart-toilet-flow-control\\\/\"]}]},{\"@type\":\"ImageObject\",\"inLanguage\":\"tr\",\"@id\":\"https:\\\/\\\/chnsensor.com\\\/product\\\/water-flowmeter-sensor-0-3-3l-min-for-smart-toilet-flow-control\\\/#primaryimage\",\"url\":\"https:\\\/\\\/i0.wp.com\\\/chnsensor.com\\\/wp-content\\\/uploads\\\/2025\\\/07\\\/HZ41L-2.jpg?fit=1000%2C1000&ssl=1\",\"contentUrl\":\"https:\\\/\\\/i0.wp.com\\\/chnsensor.com\\\/wp-content\\\/uploads\\\/2025\\\/07\\\/HZ41L-2.jpg?fit=1000%2C1000&ssl=1\",\"width\":1000,\"height\":1000,\"caption\":\"The water flow sensor utilizes the fluidity of water to trigger an induction between the magnetic rotor and the magnetic induction sensor, thereby outproducing a pulse signal.\"},{\"@type\":\"BreadcrumbList\",\"@id\":\"https:\\\/\\\/chnsensor.com\\\/product\\\/water-flowmeter-sensor-0-3-3l-min-for-smart-toilet-flow-control\\\/#breadcrumb\",\"itemListElement\":[{\"@type\":\"ListItem\",\"position\":1,\"name\":\"\u9996\u9875\",\"item\":\"https:\\\/\\\/chnsensor.com\\\/\"},{\"@type\":\"ListItem\",\"position\":2,\"name\":\"Products\",\"item\":\"https:\\\/\\\/chnsensor.com\\\/blogr\\\/\"},{\"@type\":\"ListItem\",\"position\":3,\"name\":\"Water Flowmeter Sensor 0.3-3L\\\/Min for Smart Toilet Flow Control\"}]},{\"@type\":\"WebSite\",\"@id\":\"https:\\\/\\\/chnsensor.com\\\/#website\",\"url\":\"https:\\\/\\\/chnsensor.com\\\/\",\"name\":\"Professional manufacturer of sensors\",\"description\":\"20 years experience in sensors development and manufacturing\",\"publisher\":{\"@id\":\"https:\\\/\\\/chnsensor.com\\\/#organization\"},\"potentialAction\":[{\"@type\":\"SearchAction\",\"target\":{\"@type\":\"EntryPoint\",\"urlTemplate\":\"https:\\\/\\\/chnsensor.com\\\/?s={search_term_string}\"},\"query-input\":{\"@type\":\"PropertyValueSpecification\",\"valueRequired\":true,\"valueName\":\"search_term_string\"}}],\"inLanguage\":\"tr\"},{\"@type\":\"Organization\",\"@id\":\"https:\\\/\\\/chnsensor.com\\\/#organization\",\"name\":\"Foshan Shunde SAIER Sensor Co., Ltd.\",\"url\":\"https:\\\/\\\/chnsensor.com\\\/\",\"logo\":{\"@type\":\"ImageObject\",\"inLanguage\":\"tr\",\"@id\":\"https:\\\/\\\/chnsensor.com\\\/#\\\/schema\\\/logo\\\/image\\\/\",\"url\":\"https:\\\/\\\/i0.wp.com\\\/chnsensor.com\\\/wp-content\\\/uploads\\\/2024\\\/09\\\/LOGO.png?fit=1704%2C653&ssl=1\",\"contentUrl\":\"https:\\\/\\\/i0.wp.com\\\/chnsensor.com\\\/wp-content\\\/uploads\\\/2024\\\/09\\\/LOGO.png?fit=1704%2C653&ssl=1\",\"width\":1704,\"height\":653,\"caption\":\"Foshan Shunde SAIER Sensor Co., Ltd.\"},\"image\":{\"@id\":\"https:\\\/\\\/chnsensor.com\\\/#\\\/schema\\\/logo\\\/image\\\/\"}}]}<\/script>\n<!-- \/ Yoast SEO plugin. -->","yoast_head_json":{"title":"Water Flowmeter Sensor 0.3-3L\/Min for Smart Toilet Flow Control - Professional manufacturer of sensors","description":"Water Flowmeter Sensor,food-grade POM material, with a flow range of 0.3-3L\/min, suitable for water dispensers, coffee machines, and smart toilet equipment.","robots":{"index":"index","follow":"follow","max-snippet":"max-snippet:-1","max-image-preview":"max-image-preview:large","max-video-preview":"max-video-preview:-1"},"canonical":"https:\/\/chnsensor.com\/tr\/urun\/water-flowmeter-sensor-0-3-3l-min-for-smart-toilet-flow-control\/","og_locale":"tr_TR","og_type":"article","og_title":"Water Flowmeter Sensor 0.3-3L\/Min for Smart Toilet Flow Control - Professional manufacturer of sensors","og_description":"Water Flowmeter Sensor,food-grade POM material, with a flow range of 0.3-3L\/min, suitable for water dispensers, coffee machines, and smart toilet equipment.","og_url":"https:\/\/chnsensor.com\/tr\/urun\/water-flowmeter-sensor-0-3-3l-min-for-smart-toilet-flow-control\/","og_site_name":"Professional manufacturer of sensors","og_image":[{"width":1000,"height":1000,"url":"https:\/\/chnsensor.com\/wp-content\/uploads\/2025\/07\/HZ41L-2.jpg","type":"image\/jpeg"}],"twitter_card":"summary_large_image","twitter_misc":{"Tahmini okuma s\u00fcresi":"1 dakika"},"schema":{"@context":"https:\/\/schema.org","@graph":[{"@type":"WebPage","@id":"https:\/\/chnsensor.com\/product\/water-flowmeter-sensor-0-3-3l-min-for-smart-toilet-flow-control\/","url":"https:\/\/chnsensor.com\/product\/water-flowmeter-sensor-0-3-3l-min-for-smart-toilet-flow-control\/","name":"Water Flowmeter Sensor 0.3-3L\/Min for Smart Toilet Flow Control - Professional manufacturer of sensors","isPartOf":{"@id":"https:\/\/chnsensor.com\/#website"},"primaryImageOfPage":{"@id":"https:\/\/chnsensor.com\/product\/water-flowmeter-sensor-0-3-3l-min-for-smart-toilet-flow-control\/#primaryimage"},"image":{"@id":"https:\/\/chnsensor.com\/product\/water-flowmeter-sensor-0-3-3l-min-for-smart-toilet-flow-control\/#primaryimage"},"thumbnailUrl":"https:\/\/i0.wp.com\/chnsensor.com\/wp-content\/uploads\/2025\/07\/HZ41L-2.jpg?fit=1000%2C1000&ssl=1","datePublished":"2025-07-01T07:56:18+00:00","description":"Water Flowmeter Sensor,food-grade POM material, with a flow range of 0.3-3L\/min, suitable for water dispensers, coffee machines, and smart toilet equipment.","breadcrumb":{"@id":"https:\/\/chnsensor.com\/product\/water-flowmeter-sensor-0-3-3l-min-for-smart-toilet-flow-control\/#breadcrumb"},"inLanguage":"tr","potentialAction":[{"@type":"ReadAction","target":["https:\/\/chnsensor.com\/product\/water-flowmeter-sensor-0-3-3l-min-for-smart-toilet-flow-control\/"]}]},{"@type":"ImageObject","inLanguage":"tr","@id":"https:\/\/chnsensor.com\/product\/water-flowmeter-sensor-0-3-3l-min-for-smart-toilet-flow-control\/#primaryimage","url":"https:\/\/i0.wp.com\/chnsensor.com\/wp-content\/uploads\/2025\/07\/HZ41L-2.jpg?fit=1000%2C1000&ssl=1","contentUrl":"https:\/\/i0.wp.com\/chnsensor.com\/wp-content\/uploads\/2025\/07\/HZ41L-2.jpg?fit=1000%2C1000&ssl=1","width":1000,"height":1000,"caption":"The water flow sensor utilizes the fluidity of water to trigger an induction between the magnetic rotor and the magnetic induction sensor, thereby outproducing a pulse signal."},{"@type":"BreadcrumbList","@id":"https:\/\/chnsensor.com\/product\/water-flowmeter-sensor-0-3-3l-min-for-smart-toilet-flow-control\/#breadcrumb","itemListElement":[{"@type":"ListItem","position":1,"name":"\u9996\u9875","item":"https:\/\/chnsensor.com\/"},{"@type":"ListItem","position":2,"name":"Products","item":"https:\/\/chnsensor.com\/blogr\/"},{"@type":"ListItem","position":3,"name":"Water Flowmeter Sensor 0.3-3L\/Min for Smart Toilet Flow Control"}]},{"@type":"WebSite","@id":"https:\/\/chnsensor.com\/#website","url":"https:\/\/chnsensor.com\/","name":"Profesyonel sens\u00f6r \u00fcreticisi","description":"20 years experience in sensors development and manufacturing","publisher":{"@id":"https:\/\/chnsensor.com\/#organization"},"potentialAction":[{"@type":"SearchAction","target":{"@type":"EntryPoint","urlTemplate":"https:\/\/chnsensor.com\/?s={search_term_string}"},"query-input":{"@type":"PropertyValueSpecification","valueRequired":true,"valueName":"search_term_string"}}],"inLanguage":"tr"},{"@type":"Organization","@id":"https:\/\/chnsensor.com\/#organization","name":"Foshan Shunde SAIER Sensor Co., Ltd.","url":"https:\/\/chnsensor.com\/","logo":{"@type":"ImageObject","inLanguage":"tr","@id":"https:\/\/chnsensor.com\/#\/schema\/logo\/image\/","url":"https:\/\/i0.wp.com\/chnsensor.com\/wp-content\/uploads\/2024\/09\/LOGO.png?fit=1704%2C653&ssl=1","contentUrl":"https:\/\/i0.wp.com\/chnsensor.com\/wp-content\/uploads\/2024\/09\/LOGO.png?fit=1704%2C653&ssl=1","width":1704,"height":653,"caption":"Foshan Shunde SAIER Sensor Co., Ltd."},"image":{"@id":"https:\/\/chnsensor.com\/#\/schema\/logo\/image\/"}}]}},"jetpack_publicize_connections":[],"jetpack_likes_enabled":true,"jetpack_sharing_enabled":true,"jetpack-related-posts":[],"_links":{"self":[{"href":"https:\/\/chnsensor.com\/tr\/wp-json\/wp\/v2\/product\/3844","targetHints":{"allow":["GET"]}}],"collection":[{"href":"https:\/\/chnsensor.com\/tr\/wp-json\/wp\/v2\/product"}],"about":[{"href":"https:\/\/chnsensor.com\/tr\/wp-json\/wp\/v2\/types\/product"}],"replies":[{"embeddable":true,"href":"https:\/\/chnsensor.com\/tr\/wp-json\/wp\/v2\/comments?post=3844"}],"wp:featuredmedia":[{"embeddable":true,"href":"https:\/\/chnsensor.com\/tr\/wp-json\/wp\/v2\/media\/3834"}],"wp:attachment":[{"href":"https:\/\/chnsensor.com\/tr\/wp-json\/wp\/v2\/media?parent=3844"}],"wp:term":[{"taxonomy":"product_brand","embeddable":true,"href":"https:\/\/chnsensor.com\/tr\/wp-json\/wp\/v2\/product_brand?post=3844"},{"taxonomy":"product_cat","embeddable":true,"href":"https:\/\/chnsensor.com\/tr\/wp-json\/wp\/v2\/product_cat?post=3844"},{"taxonomy":"product_tag","embeddable":true,"href":"https:\/\/chnsensor.com\/tr\/wp-json\/wp\/v2\/product_tag?post=3844"}],"curies":[{"name":"wp","href":"https:\/\/api.w.org\/{rel}","templated":true}]}}