{"id":4645,"date":"2025-08-18T16:58:30","date_gmt":"2025-08-18T08:58:30","guid":{"rendered":"https:\/\/chnsensor.com\/?post_type=product&#038;p=4645"},"modified":"2025-08-18T16:58:30","modified_gmt":"2025-08-18T08:58:30","slug":"magnetic-cylinder-switch-70gs-ac-dc-24-220v-cylinder-sensor","status":"publish","type":"product","link":"https:\/\/chnsensor.com\/tr\/urun\/magnetic-cylinder-switch-70gs-ac-dc-24-220v-cylinder-sensor\/","title":{"rendered":"Magnetic Cylinder Switch 70Gs AC\/DC 24-220V Cylinder Sensor"},"content":{"rendered":"<p><strong>The cylinder magnetic switch is installed and used in conjunction with the cylinder. It outputs switch signals through magnetic induction. The switch logic of the cylinder magnetic switch is SPST normally closed, with a rated voltage of AC\/DC24-220V, a maximum switch current of 100mA, a magnetic induction intensity of 70G, and a temperature range of -10 to 70\u2103.Factory direct sales!<\/strong><\/p>\n<p><strong>Model Numaras\u0131:<\/strong>SEN-DHZC<\/p>\n<p><strong>Teori:<\/strong>Cylinder proximity sensor<\/p>\n<p><strong>Uygulama:<\/strong>Industrial Automation, Magnetic cylinder<\/p>\n<p><strong>Maksimum anahtarlama ak\u0131m\u0131:<\/strong>100mA max<\/p>\n<p><strong>Switching logic:<\/strong>SPST normally open<\/p>\n<p><strong>Rated voltage range:<\/strong>AC\/DC 24-220V<\/p>\n<p><strong>Induced Magnetic Field Strength:<\/strong>70 Gs<\/p>\n<p><strong>S\u0131cakl\u0131k Aral\u0131\u011f\u0131:<\/strong>-10\u2103-70\u2103<\/p>\n<p><a href=\"https:\/\/chnsensor.com\/tr\/urun-kategori\/magnetic-switch\/\"><strong>Di\u011fer Modeller: Buraya T\u0131klay\u0131n<\/strong><\/a><\/p>\n<div id=\"v-znHSw5L9-1\" class=\"video-player\"><iframe title='VideoPress Video Oynat\u0131c\u0131s\u0131' aria-label='VideoPress Video Oynat\u0131c\u0131s\u0131' width='400' height='224' src='https:\/\/videopress.com\/embed\/znHSw5L9?hd=1&amp;cover=1&amp;loop=0&amp;autoPlay=0&amp;permalink=1&amp;muted=0&amp;controls=1&amp;playsinline=0&amp;useAverageColor=0&amp;preloadContent=metadata' frameborder='0' allowfullscreen data-resize-to-parent=\"true\" allow='clipboard-write'><\/iframe><script src='https:\/\/s0.wp.com\/wp-content\/plugins\/video\/assets\/js\/next\/videopress-iframe.js'><\/script><\/div>","protected":false},"excerpt":{"rendered":"<p>The cylinder magnetic switch is installed and used in conjunction with the cylinder. It outputs switch signals through magnetic induction. The switch logic of the cylinder magnetic switch is SPST normally closed, with a rated voltage of AC\/DC24-220V, a maximum switch current of 100mA, a magnetic induction intensity of 70G, and a temperature range of [&hellip;]<\/p>\n","protected":false},"featured_media":4222,"comment_status":"open","ping_status":"closed","template":"","meta":{"_eb_attr":"","jetpack_post_was_ever_published":false,"jetpack_publicize_message":"","jetpack_publicize_feature_enabled":true,"jetpack_social_post_already_shared":true,"jetpack_social_options":{"image_generator_settings":{"template":"highway","default_image_id":0,"font":"","enabled":false},"version":2},"_wpas_customize_per_network":false},"product_brand":[132668],"product_cat":[132651,132650],"product_tag":[132991,132882,132653,132990,132892],"class_list":{"0":"post-4645","1":"product","2":"type-product","3":"status-publish","4":"has-post-thumbnail","6":"product_brand-saier","7":"product_cat-magnetic-cylinder-switch","8":"product_cat-magnetic-switch","9":"product_tag-cylinder-magnetic-sensor","10":"product_tag-magnetic-cylinder-sensor","11":"product_tag-magnetic-cylinder-switch","12":"product_tag-pneumatic-cylinder-magnetic-sensor","13":"product_tag-pneumatic-cylinder-sensor","15":"first","16":"instock","17":"shipping-taxable","18":"product-type-simple"},"yoast_head":"<!-- This site is optimized with the Yoast SEO plugin v27.3 - https:\/\/yoast.com\/product\/yoast-seo-wordpress\/ -->\n<title>Magnetic Cylinder Switch 70Gs AC\/DC 24-220V Cylinder Sensor - Professional manufacturer of sensors<\/title>\n<meta name=\"description\" content=\"Magnetic Cylinder Switch 70Gs Pneumatic Air Cylinder Magnetic Reed Switch Sensor IP65 SPST Normally Open Cylinder Magnetic Sensor.\" \/>\n<meta name=\"robots\" content=\"index, follow, max-snippet:-1, max-image-preview:large, max-video-preview:-1\" \/>\n<link rel=\"canonical\" href=\"https:\/\/chnsensor.com\/tr\/urun\/magnetic-cylinder-switch-70gs-ac-dc-24-220v-cylinder-sensor\/\" \/>\n<meta property=\"og:locale\" content=\"tr_TR\" \/>\n<meta property=\"og:type\" content=\"article\" \/>\n<meta property=\"og:title\" content=\"Magnetic Cylinder Switch 70Gs AC\/DC 24-220V Cylinder Sensor - Professional manufacturer of sensors\" \/>\n<meta property=\"og:description\" content=\"Magnetic Cylinder Switch 70Gs Pneumatic Air Cylinder Magnetic Reed Switch Sensor IP65 SPST Normally Open Cylinder Magnetic Sensor.\" \/>\n<meta property=\"og:url\" content=\"https:\/\/chnsensor.com\/tr\/urun\/magnetic-cylinder-switch-70gs-ac-dc-24-220v-cylinder-sensor\/\" \/>\n<meta property=\"og:site_name\" content=\"Professional manufacturer of sensors\" \/>\n<meta property=\"og:image\" content=\"https:\/\/chnsensor.com\/wp-content\/uploads\/2025\/07\/DHZ\uff083\uff09.jpg\" \/>\n\t<meta property=\"og:image:width\" content=\"1000\" \/>\n\t<meta property=\"og:image:height\" content=\"1000\" \/>\n\t<meta property=\"og:image:type\" content=\"image\/jpeg\" \/>\n<meta name=\"twitter:card\" content=\"summary_large_image\" \/>\n<meta name=\"twitter:label1\" content=\"Tahmini okuma s\u00fcresi\" \/>\n\t<meta name=\"twitter:data1\" content=\"1 dakika\" \/>\n<script type=\"application\/ld+json\" class=\"yoast-schema-graph\">{\"@context\":\"https:\\\/\\\/schema.org\",\"@graph\":[{\"@type\":\"WebPage\",\"@id\":\"https:\\\/\\\/chnsensor.com\\\/product\\\/magnetic-cylinder-switch-70gs-ac-dc-24-220v-cylinder-sensor\\\/\",\"url\":\"https:\\\/\\\/chnsensor.com\\\/product\\\/magnetic-cylinder-switch-70gs-ac-dc-24-220v-cylinder-sensor\\\/\",\"name\":\"Magnetic Cylinder Switch 70Gs AC\\\/DC 24-220V Cylinder Sensor - Professional manufacturer of sensors\",\"isPartOf\":{\"@id\":\"https:\\\/\\\/chnsensor.com\\\/#website\"},\"primaryImageOfPage\":{\"@id\":\"https:\\\/\\\/chnsensor.com\\\/product\\\/magnetic-cylinder-switch-70gs-ac-dc-24-220v-cylinder-sensor\\\/#primaryimage\"},\"image\":{\"@id\":\"https:\\\/\\\/chnsensor.com\\\/product\\\/magnetic-cylinder-switch-70gs-ac-dc-24-220v-cylinder-sensor\\\/#primaryimage\"},\"thumbnailUrl\":\"https:\\\/\\\/i0.wp.com\\\/chnsensor.com\\\/wp-content\\\/uploads\\\/2025\\\/07\\\/DHZ%EF%BC%883%EF%BC%89.jpg?fit=1000%2C1000&ssl=1\",\"datePublished\":\"2025-08-18T08:58:30+00:00\",\"description\":\"Magnetic Cylinder Switch 70Gs Pneumatic Air Cylinder Magnetic Reed Switch Sensor IP65 SPST Normally Open Cylinder Magnetic Sensor.\",\"breadcrumb\":{\"@id\":\"https:\\\/\\\/chnsensor.com\\\/product\\\/magnetic-cylinder-switch-70gs-ac-dc-24-220v-cylinder-sensor\\\/#breadcrumb\"},\"inLanguage\":\"tr\",\"potentialAction\":[{\"@type\":\"ReadAction\",\"target\":[\"https:\\\/\\\/chnsensor.com\\\/product\\\/magnetic-cylinder-switch-70gs-ac-dc-24-220v-cylinder-sensor\\\/\"]}]},{\"@type\":\"ImageObject\",\"inLanguage\":\"tr\",\"@id\":\"https:\\\/\\\/chnsensor.com\\\/product\\\/magnetic-cylinder-switch-70gs-ac-dc-24-220v-cylinder-sensor\\\/#primaryimage\",\"url\":\"https:\\\/\\\/i0.wp.com\\\/chnsensor.com\\\/wp-content\\\/uploads\\\/2025\\\/07\\\/DHZ%EF%BC%883%EF%BC%89.jpg?fit=1000%2C1000&ssl=1\",\"contentUrl\":\"https:\\\/\\\/i0.wp.com\\\/chnsensor.com\\\/wp-content\\\/uploads\\\/2025\\\/07\\\/DHZ%EF%BC%883%EF%BC%89.jpg?fit=1000%2C1000&ssl=1\",\"width\":1000,\"height\":1000,\"caption\":\"cylinder magnetic switch (also known as the magnetic induction position sensor) is a highly reliable detection device specially designed for pneumatic systems. By sensing the changes in the magnetic field of the magnetic ring embedded in the cylinder piston, it non-contact detects the real-time position of the piston and is applied to equipment such as welding production lines, filling machines, and labeling machines.\"},{\"@type\":\"BreadcrumbList\",\"@id\":\"https:\\\/\\\/chnsensor.com\\\/product\\\/magnetic-cylinder-switch-70gs-ac-dc-24-220v-cylinder-sensor\\\/#breadcrumb\",\"itemListElement\":[{\"@type\":\"ListItem\",\"position\":1,\"name\":\"\u9996\u9875\",\"item\":\"https:\\\/\\\/chnsensor.com\\\/\"},{\"@type\":\"ListItem\",\"position\":2,\"name\":\"Products\",\"item\":\"https:\\\/\\\/chnsensor.com\\\/blogr\\\/\"},{\"@type\":\"ListItem\",\"position\":3,\"name\":\"Magnetic Cylinder Switch 70Gs AC\\\/DC 24-220V Cylinder Sensor\"}]},{\"@type\":\"WebSite\",\"@id\":\"https:\\\/\\\/chnsensor.com\\\/#website\",\"url\":\"https:\\\/\\\/chnsensor.com\\\/\",\"name\":\"Professional manufacturer of sensors\",\"description\":\"20 years experience in sensors development and manufacturing\",\"publisher\":{\"@id\":\"https:\\\/\\\/chnsensor.com\\\/#organization\"},\"potentialAction\":[{\"@type\":\"SearchAction\",\"target\":{\"@type\":\"EntryPoint\",\"urlTemplate\":\"https:\\\/\\\/chnsensor.com\\\/?s={search_term_string}\"},\"query-input\":{\"@type\":\"PropertyValueSpecification\",\"valueRequired\":true,\"valueName\":\"search_term_string\"}}],\"inLanguage\":\"tr\"},{\"@type\":\"Organization\",\"@id\":\"https:\\\/\\\/chnsensor.com\\\/#organization\",\"name\":\"Foshan Shunde SAIER Sensor Co., Ltd.\",\"url\":\"https:\\\/\\\/chnsensor.com\\\/\",\"logo\":{\"@type\":\"ImageObject\",\"inLanguage\":\"tr\",\"@id\":\"https:\\\/\\\/chnsensor.com\\\/#\\\/schema\\\/logo\\\/image\\\/\",\"url\":\"https:\\\/\\\/i0.wp.com\\\/chnsensor.com\\\/wp-content\\\/uploads\\\/2024\\\/09\\\/LOGO.png?fit=1704%2C653&ssl=1\",\"contentUrl\":\"https:\\\/\\\/i0.wp.com\\\/chnsensor.com\\\/wp-content\\\/uploads\\\/2024\\\/09\\\/LOGO.png?fit=1704%2C653&ssl=1\",\"width\":1704,\"height\":653,\"caption\":\"Foshan Shunde SAIER Sensor Co., Ltd.\"},\"image\":{\"@id\":\"https:\\\/\\\/chnsensor.com\\\/#\\\/schema\\\/logo\\\/image\\\/\"}}]}<\/script>\n<!-- \/ Yoast SEO plugin. -->","yoast_head_json":{"title":"Magnetic Cylinder Switch 70Gs AC\/DC 24-220V Cylinder Sensor - Professional manufacturer of sensors","description":"Magnetic Cylinder Switch 70Gs Pneumatic Air Cylinder Magnetic Reed Switch Sensor IP65 SPST Normally Open Cylinder Magnetic Sensor.","robots":{"index":"index","follow":"follow","max-snippet":"max-snippet:-1","max-image-preview":"max-image-preview:large","max-video-preview":"max-video-preview:-1"},"canonical":"https:\/\/chnsensor.com\/tr\/urun\/magnetic-cylinder-switch-70gs-ac-dc-24-220v-cylinder-sensor\/","og_locale":"tr_TR","og_type":"article","og_title":"Magnetic Cylinder Switch 70Gs AC\/DC 24-220V Cylinder Sensor - Professional manufacturer of sensors","og_description":"Magnetic Cylinder Switch 70Gs Pneumatic Air Cylinder Magnetic Reed Switch Sensor IP65 SPST Normally Open Cylinder Magnetic Sensor.","og_url":"https:\/\/chnsensor.com\/tr\/urun\/magnetic-cylinder-switch-70gs-ac-dc-24-220v-cylinder-sensor\/","og_site_name":"Professional manufacturer of sensors","og_image":[{"width":1000,"height":1000,"url":"https:\/\/chnsensor.com\/wp-content\/uploads\/2025\/07\/DHZ\uff083\uff09.jpg","type":"image\/jpeg"}],"twitter_card":"summary_large_image","twitter_misc":{"Tahmini okuma s\u00fcresi":"1 dakika"},"schema":{"@context":"https:\/\/schema.org","@graph":[{"@type":"WebPage","@id":"https:\/\/chnsensor.com\/product\/magnetic-cylinder-switch-70gs-ac-dc-24-220v-cylinder-sensor\/","url":"https:\/\/chnsensor.com\/product\/magnetic-cylinder-switch-70gs-ac-dc-24-220v-cylinder-sensor\/","name":"Magnetic Cylinder Switch 70Gs AC\/DC 24-220V Cylinder Sensor - Professional manufacturer of sensors","isPartOf":{"@id":"https:\/\/chnsensor.com\/#website"},"primaryImageOfPage":{"@id":"https:\/\/chnsensor.com\/product\/magnetic-cylinder-switch-70gs-ac-dc-24-220v-cylinder-sensor\/#primaryimage"},"image":{"@id":"https:\/\/chnsensor.com\/product\/magnetic-cylinder-switch-70gs-ac-dc-24-220v-cylinder-sensor\/#primaryimage"},"thumbnailUrl":"https:\/\/i0.wp.com\/chnsensor.com\/wp-content\/uploads\/2025\/07\/DHZ%EF%BC%883%EF%BC%89.jpg?fit=1000%2C1000&ssl=1","datePublished":"2025-08-18T08:58:30+00:00","description":"Magnetic Cylinder Switch 70Gs Pneumatic Air Cylinder Magnetic Reed Switch Sensor IP65 SPST Normally Open Cylinder Magnetic Sensor.","breadcrumb":{"@id":"https:\/\/chnsensor.com\/product\/magnetic-cylinder-switch-70gs-ac-dc-24-220v-cylinder-sensor\/#breadcrumb"},"inLanguage":"tr","potentialAction":[{"@type":"ReadAction","target":["https:\/\/chnsensor.com\/product\/magnetic-cylinder-switch-70gs-ac-dc-24-220v-cylinder-sensor\/"]}]},{"@type":"ImageObject","inLanguage":"tr","@id":"https:\/\/chnsensor.com\/product\/magnetic-cylinder-switch-70gs-ac-dc-24-220v-cylinder-sensor\/#primaryimage","url":"https:\/\/i0.wp.com\/chnsensor.com\/wp-content\/uploads\/2025\/07\/DHZ%EF%BC%883%EF%BC%89.jpg?fit=1000%2C1000&ssl=1","contentUrl":"https:\/\/i0.wp.com\/chnsensor.com\/wp-content\/uploads\/2025\/07\/DHZ%EF%BC%883%EF%BC%89.jpg?fit=1000%2C1000&ssl=1","width":1000,"height":1000,"caption":"cylinder magnetic switch (also known as the magnetic induction position sensor) is a highly reliable detection device specially designed for pneumatic systems. By sensing the changes in the magnetic field of the magnetic ring embedded in the cylinder piston, it non-contact detects the real-time position of the piston and is applied to equipment such as welding production lines, filling machines, and labeling machines."},{"@type":"BreadcrumbList","@id":"https:\/\/chnsensor.com\/product\/magnetic-cylinder-switch-70gs-ac-dc-24-220v-cylinder-sensor\/#breadcrumb","itemListElement":[{"@type":"ListItem","position":1,"name":"\u9996\u9875","item":"https:\/\/chnsensor.com\/"},{"@type":"ListItem","position":2,"name":"Products","item":"https:\/\/chnsensor.com\/blogr\/"},{"@type":"ListItem","position":3,"name":"Magnetic Cylinder Switch 70Gs AC\/DC 24-220V Cylinder Sensor"}]},{"@type":"WebSite","@id":"https:\/\/chnsensor.com\/#website","url":"https:\/\/chnsensor.com\/","name":"Profesyonel sens\u00f6r \u00fcreticisi","description":"20 years experience in sensors development and manufacturing","publisher":{"@id":"https:\/\/chnsensor.com\/#organization"},"potentialAction":[{"@type":"SearchAction","target":{"@type":"EntryPoint","urlTemplate":"https:\/\/chnsensor.com\/?s={search_term_string}"},"query-input":{"@type":"PropertyValueSpecification","valueRequired":true,"valueName":"search_term_string"}}],"inLanguage":"tr"},{"@type":"Organization","@id":"https:\/\/chnsensor.com\/#organization","name":"Foshan Shunde SAIER Sensor Co., Ltd.","url":"https:\/\/chnsensor.com\/","logo":{"@type":"ImageObject","inLanguage":"tr","@id":"https:\/\/chnsensor.com\/#\/schema\/logo\/image\/","url":"https:\/\/i0.wp.com\/chnsensor.com\/wp-content\/uploads\/2024\/09\/LOGO.png?fit=1704%2C653&ssl=1","contentUrl":"https:\/\/i0.wp.com\/chnsensor.com\/wp-content\/uploads\/2024\/09\/LOGO.png?fit=1704%2C653&ssl=1","width":1704,"height":653,"caption":"Foshan Shunde SAIER Sensor Co., Ltd."},"image":{"@id":"https:\/\/chnsensor.com\/#\/schema\/logo\/image\/"}}]}},"jetpack_publicize_connections":[],"jetpack_likes_enabled":true,"jetpack_sharing_enabled":true,"jetpack-related-posts":[],"_links":{"self":[{"href":"https:\/\/chnsensor.com\/tr\/wp-json\/wp\/v2\/product\/4645","targetHints":{"allow":["GET"]}}],"collection":[{"href":"https:\/\/chnsensor.com\/tr\/wp-json\/wp\/v2\/product"}],"about":[{"href":"https:\/\/chnsensor.com\/tr\/wp-json\/wp\/v2\/types\/product"}],"replies":[{"embeddable":true,"href":"https:\/\/chnsensor.com\/tr\/wp-json\/wp\/v2\/comments?post=4645"}],"wp:featuredmedia":[{"embeddable":true,"href":"https:\/\/chnsensor.com\/tr\/wp-json\/wp\/v2\/media\/4222"}],"wp:attachment":[{"href":"https:\/\/chnsensor.com\/tr\/wp-json\/wp\/v2\/media?parent=4645"}],"wp:term":[{"taxonomy":"product_brand","embeddable":true,"href":"https:\/\/chnsensor.com\/tr\/wp-json\/wp\/v2\/product_brand?post=4645"},{"taxonomy":"product_cat","embeddable":true,"href":"https:\/\/chnsensor.com\/tr\/wp-json\/wp\/v2\/product_cat?post=4645"},{"taxonomy":"product_tag","embeddable":true,"href":"https:\/\/chnsensor.com\/tr\/wp-json\/wp\/v2\/product_tag?post=4645"}],"curies":[{"name":"wp","href":"https:\/\/api.w.org\/{rel}","templated":true}]}}