{"id":4659,"date":"2025-08-20T09:46:27","date_gmt":"2025-08-20T01:46:27","guid":{"rendered":"https:\/\/chnsensor.com\/?post_type=product&#038;p=4659"},"modified":"2025-08-20T09:46:27","modified_gmt":"2025-08-20T01:46:27","slug":"brass-flow-sensors-g-or-npt-teeth-1-30l-min-flowmeter-sensor","status":"publish","type":"product","link":"https:\/\/chnsensor.com\/tr\/urun\/brass-flow-sensors-g-or-npt-teeth-1-30l-min-flowmeter-sensor\/","title":{"rendered":"Brass Flow Sensors G or NPT Teeth 1-30L\/Min Flowmeter Sensor"},"content":{"rendered":"<p><strong>Brass water flow sensors, made of brass material, designed in 44mm length, supports customization, with G1\/2&#8243; standard thread. Hall effect detection, wide range 1-30L\/min, withstand voltage 1.75MPa, medium temperature -10\u2103 to 80\u2103, suitable for household appliances such as water purification equipment, water dispensers, and water purifiers. Factory direct sales, supports custom G or NPT teeth!<\/strong><\/p>\n<p><strong>Model numaras\u0131:<\/strong>SEN-HZ21WI<\/p>\n<p><strong>Malzeme:<\/strong>brass<\/p>\n<p><strong>Ak\u0131\u015f Aral\u0131\u011f\u0131:<\/strong>1~30L\/Min<\/p>\n<p><strong>Ba\u011flant\u0131:<\/strong>G1\/2, straight structure<\/p>\n<p><strong>Specifictation:<\/strong>26.5*66mm also have length 44mm, 48mm, 60mm<\/p>\n<p><strong>Flow conversion<\/strong>:1L Water=553\/596 pulse\u00b110%<\/p>\n<p><strong>Pressure performance:<\/strong>1.75MPA<\/p>\n<p><strong>Water temperature:<\/strong>less than 80 \u2103<\/p>\n<p><strong>Insulated resistor:<\/strong>&gt;100M\u03a9<\/p>\n<p><strong>Line specification and install direction:<\/strong>could be Customized<\/p>\n<p><a href=\"https:\/\/chnsensor.com\/tr\/urun-kategori\/flow-sensor\/\"><strong>Di\u011fer Modeller: Buraya T\u0131klay\u0131n<\/strong><\/a><\/p>\n<div id=\"v-whF2S97X-1\" class=\"video-player\"><iframe title='VideoPress Video Oynat\u0131c\u0131s\u0131' aria-label='VideoPress Video Oynat\u0131c\u0131s\u0131' width='400' height='224' src='https:\/\/videopress.com\/embed\/whF2S97X?hd=1&amp;cover=1&amp;loop=0&amp;autoPlay=0&amp;permalink=1&amp;muted=0&amp;controls=1&amp;playsinline=0&amp;useAverageColor=0&amp;preloadContent=metadata' frameborder='0' allowfullscreen data-resize-to-parent=\"true\" allow='clipboard-write'><\/iframe><script src='https:\/\/s0.wp.com\/wp-content\/plugins\/video\/assets\/js\/next\/videopress-iframe.js'><\/script><\/div>\n<p>&nbsp;<\/p>\n<p>&nbsp;<\/p>","protected":false},"excerpt":{"rendered":"<p>Brass water flow sensors, made of brass material, designed in 44mm length, supports customization, with G1\/2&#8243; standard thread. Hall effect detection, wide range 1-30L\/min, withstand voltage 1.75MPa, medium temperature -10\u2103 to 80\u2103, suitable for household appliances such as water purification equipment, water dispensers, and water purifiers. Factory direct sales, supports custom G or NPT teeth! [&hellip;]<\/p>\n","protected":false},"featured_media":4661,"comment_status":"open","ping_status":"closed","template":"","meta":{"_eb_attr":"","jetpack_post_was_ever_published":false,"jetpack_publicize_message":"","jetpack_publicize_feature_enabled":true,"jetpack_social_post_already_shared":true,"jetpack_social_options":{"image_generator_settings":{"template":"highway","default_image_id":0,"font":"","enabled":false},"version":2},"_wpas_customize_per_network":false},"product_brand":[132668],"product_cat":[132613,132600],"product_tag":[132976,132754,132899,132894,132595],"class_list":{"0":"post-4659","1":"product","2":"type-product","3":"status-publish","4":"has-post-thumbnail","6":"product_brand-saier","7":"product_cat-brass-water-flow-sensor","8":"product_cat-flow-sensor","9":"product_tag-flowmeter-sensor","10":"product_tag-liquid-flow-sensor","11":"product_tag-pulse-flow-sensor","12":"product_tag-water-flow-rate-sensor","13":"product_tag-water-flow-sensor","15":"first","16":"instock","17":"shipping-taxable","18":"product-type-simple"},"yoast_head":"<!-- This site is optimized with the Yoast SEO plugin v27.3 - https:\/\/yoast.com\/product\/yoast-seo-wordpress\/ -->\n<title>Brass Flow Sensors G or NPT Teeth 1-30L\/Min Flowmeter Sensor - Professional manufacturer of sensors<\/title>\n<meta name=\"description\" content=\"Brass Flow Sensors ,44mm body, G1\/2&quot; standard thread, wide range 1-30L\/min, suitable for water purification equipment, supports custom G or NPT thread.\" \/>\n<meta name=\"robots\" content=\"index, follow, max-snippet:-1, max-image-preview:large, max-video-preview:-1\" \/>\n<link rel=\"canonical\" href=\"https:\/\/chnsensor.com\/tr\/urun\/brass-flow-sensors-g-or-npt-teeth-1-30l-min-flowmeter-sensor\/\" \/>\n<meta property=\"og:locale\" content=\"tr_TR\" \/>\n<meta property=\"og:type\" content=\"article\" \/>\n<meta property=\"og:title\" content=\"Brass Flow Sensors G or NPT Teeth 1-30L\/Min Flowmeter Sensor - Professional manufacturer of sensors\" \/>\n<meta property=\"og:description\" content=\"Brass Flow Sensors ,44mm body, G1\/2&quot; standard thread, wide range 1-30L\/min, suitable for water purification equipment, supports custom G or NPT thread.\" \/>\n<meta property=\"og:url\" content=\"https:\/\/chnsensor.com\/tr\/urun\/brass-flow-sensors-g-or-npt-teeth-1-30l-min-flowmeter-sensor\/\" \/>\n<meta property=\"og:site_name\" content=\"Professional manufacturer of sensors\" \/>\n<meta property=\"og:image\" content=\"https:\/\/chnsensor.com\/wp-content\/uploads\/2025\/08\/HZ21WI-44\uff082\uff09-1.jpg\" \/>\n\t<meta property=\"og:image:width\" content=\"1000\" \/>\n\t<meta property=\"og:image:height\" content=\"1000\" \/>\n\t<meta property=\"og:image:type\" content=\"image\/jpeg\" \/>\n<meta name=\"twitter:card\" content=\"summary_large_image\" \/>\n<meta name=\"twitter:label1\" content=\"Tahmini okuma s\u00fcresi\" \/>\n\t<meta name=\"twitter:data1\" content=\"1 dakika\" \/>\n<script type=\"application\/ld+json\" class=\"yoast-schema-graph\">{\"@context\":\"https:\\\/\\\/schema.org\",\"@graph\":[{\"@type\":\"WebPage\",\"@id\":\"https:\\\/\\\/chnsensor.com\\\/product\\\/brass-flow-sensors-g-or-npt-teeth-1-30l-min-flowmeter-sensor\\\/\",\"url\":\"https:\\\/\\\/chnsensor.com\\\/product\\\/brass-flow-sensors-g-or-npt-teeth-1-30l-min-flowmeter-sensor\\\/\",\"name\":\"Brass Flow Sensors G or NPT Teeth 1-30L\\\/Min Flowmeter Sensor - Professional manufacturer of sensors\",\"isPartOf\":{\"@id\":\"https:\\\/\\\/chnsensor.com\\\/#website\"},\"primaryImageOfPage\":{\"@id\":\"https:\\\/\\\/chnsensor.com\\\/product\\\/brass-flow-sensors-g-or-npt-teeth-1-30l-min-flowmeter-sensor\\\/#primaryimage\"},\"image\":{\"@id\":\"https:\\\/\\\/chnsensor.com\\\/product\\\/brass-flow-sensors-g-or-npt-teeth-1-30l-min-flowmeter-sensor\\\/#primaryimage\"},\"thumbnailUrl\":\"https:\\\/\\\/i0.wp.com\\\/chnsensor.com\\\/wp-content\\\/uploads\\\/2025\\\/08\\\/HZ21WI-44%EF%BC%882%EF%BC%89-1.jpg?fit=1000%2C1000&ssl=1\",\"datePublished\":\"2025-08-20T01:46:27+00:00\",\"description\":\"Brass Flow Sensors ,44mm body, G1\\\/2\\\" standard thread, wide range 1-30L\\\/min, suitable for water purification equipment, supports custom G or NPT thread.\",\"breadcrumb\":{\"@id\":\"https:\\\/\\\/chnsensor.com\\\/product\\\/brass-flow-sensors-g-or-npt-teeth-1-30l-min-flowmeter-sensor\\\/#breadcrumb\"},\"inLanguage\":\"tr\",\"potentialAction\":[{\"@type\":\"ReadAction\",\"target\":[\"https:\\\/\\\/chnsensor.com\\\/product\\\/brass-flow-sensors-g-or-npt-teeth-1-30l-min-flowmeter-sensor\\\/\"]}]},{\"@type\":\"ImageObject\",\"inLanguage\":\"tr\",\"@id\":\"https:\\\/\\\/chnsensor.com\\\/product\\\/brass-flow-sensors-g-or-npt-teeth-1-30l-min-flowmeter-sensor\\\/#primaryimage\",\"url\":\"https:\\\/\\\/i0.wp.com\\\/chnsensor.com\\\/wp-content\\\/uploads\\\/2025\\\/08\\\/HZ21WI-44%EF%BC%882%EF%BC%89-1.jpg?fit=1000%2C1000&ssl=1\",\"contentUrl\":\"https:\\\/\\\/i0.wp.com\\\/chnsensor.com\\\/wp-content\\\/uploads\\\/2025\\\/08\\\/HZ21WI-44%EF%BC%882%EF%BC%89-1.jpg?fit=1000%2C1000&ssl=1\",\"width\":1000,\"height\":1000,\"caption\":\"Brass water flow sensor. Made of brass, designed in 44mm length, customizable, with G1\\\/2\\\" standard thread. Hall effect detection, with a wide measurement range of 1-30L\\\/min, withstand voltage of 1.75MPa, and medium temperature range of -10\u2103 to 80\u2103, is suitable for household appliances such as water purification equipment, water dispensers, and water purifiers.\"},{\"@type\":\"BreadcrumbList\",\"@id\":\"https:\\\/\\\/chnsensor.com\\\/product\\\/brass-flow-sensors-g-or-npt-teeth-1-30l-min-flowmeter-sensor\\\/#breadcrumb\",\"itemListElement\":[{\"@type\":\"ListItem\",\"position\":1,\"name\":\"\u9996\u9875\",\"item\":\"https:\\\/\\\/chnsensor.com\\\/\"},{\"@type\":\"ListItem\",\"position\":2,\"name\":\"Products\",\"item\":\"https:\\\/\\\/chnsensor.com\\\/blogr\\\/\"},{\"@type\":\"ListItem\",\"position\":3,\"name\":\"Brass Flow Sensors G or NPT Teeth 1-30L\\\/Min Flowmeter Sensor\"}]},{\"@type\":\"WebSite\",\"@id\":\"https:\\\/\\\/chnsensor.com\\\/#website\",\"url\":\"https:\\\/\\\/chnsensor.com\\\/\",\"name\":\"Professional manufacturer of sensors\",\"description\":\"20 years experience in sensors development and manufacturing\",\"publisher\":{\"@id\":\"https:\\\/\\\/chnsensor.com\\\/#organization\"},\"potentialAction\":[{\"@type\":\"SearchAction\",\"target\":{\"@type\":\"EntryPoint\",\"urlTemplate\":\"https:\\\/\\\/chnsensor.com\\\/?s={search_term_string}\"},\"query-input\":{\"@type\":\"PropertyValueSpecification\",\"valueRequired\":true,\"valueName\":\"search_term_string\"}}],\"inLanguage\":\"tr\"},{\"@type\":\"Organization\",\"@id\":\"https:\\\/\\\/chnsensor.com\\\/#organization\",\"name\":\"Foshan Shunde SAIER Sensor Co., Ltd.\",\"url\":\"https:\\\/\\\/chnsensor.com\\\/\",\"logo\":{\"@type\":\"ImageObject\",\"inLanguage\":\"tr\",\"@id\":\"https:\\\/\\\/chnsensor.com\\\/#\\\/schema\\\/logo\\\/image\\\/\",\"url\":\"https:\\\/\\\/i0.wp.com\\\/chnsensor.com\\\/wp-content\\\/uploads\\\/2024\\\/09\\\/LOGO.png?fit=1704%2C653&ssl=1\",\"contentUrl\":\"https:\\\/\\\/i0.wp.com\\\/chnsensor.com\\\/wp-content\\\/uploads\\\/2024\\\/09\\\/LOGO.png?fit=1704%2C653&ssl=1\",\"width\":1704,\"height\":653,\"caption\":\"Foshan Shunde SAIER Sensor Co., Ltd.\"},\"image\":{\"@id\":\"https:\\\/\\\/chnsensor.com\\\/#\\\/schema\\\/logo\\\/image\\\/\"}}]}<\/script>\n<!-- \/ Yoast SEO plugin. -->","yoast_head_json":{"title":"Brass Flow Sensors G or NPT Teeth 1-30L\/Min Flowmeter Sensor - Professional manufacturer of sensors","description":"Brass Flow Sensors ,44mm body, G1\/2\" standard thread, wide range 1-30L\/min, suitable for water purification equipment, supports custom G or NPT thread.","robots":{"index":"index","follow":"follow","max-snippet":"max-snippet:-1","max-image-preview":"max-image-preview:large","max-video-preview":"max-video-preview:-1"},"canonical":"https:\/\/chnsensor.com\/tr\/urun\/brass-flow-sensors-g-or-npt-teeth-1-30l-min-flowmeter-sensor\/","og_locale":"tr_TR","og_type":"article","og_title":"Brass Flow Sensors G or NPT Teeth 1-30L\/Min Flowmeter Sensor - Professional manufacturer of sensors","og_description":"Brass Flow Sensors ,44mm body, G1\/2\" standard thread, wide range 1-30L\/min, suitable for water purification equipment, supports custom G or NPT thread.","og_url":"https:\/\/chnsensor.com\/tr\/urun\/brass-flow-sensors-g-or-npt-teeth-1-30l-min-flowmeter-sensor\/","og_site_name":"Professional manufacturer of sensors","og_image":[{"width":1000,"height":1000,"url":"https:\/\/chnsensor.com\/wp-content\/uploads\/2025\/08\/HZ21WI-44\uff082\uff09-1.jpg","type":"image\/jpeg"}],"twitter_card":"summary_large_image","twitter_misc":{"Tahmini okuma s\u00fcresi":"1 dakika"},"schema":{"@context":"https:\/\/schema.org","@graph":[{"@type":"WebPage","@id":"https:\/\/chnsensor.com\/product\/brass-flow-sensors-g-or-npt-teeth-1-30l-min-flowmeter-sensor\/","url":"https:\/\/chnsensor.com\/product\/brass-flow-sensors-g-or-npt-teeth-1-30l-min-flowmeter-sensor\/","name":"Brass Flow Sensors G or NPT Teeth 1-30L\/Min Flowmeter Sensor - Professional manufacturer of sensors","isPartOf":{"@id":"https:\/\/chnsensor.com\/#website"},"primaryImageOfPage":{"@id":"https:\/\/chnsensor.com\/product\/brass-flow-sensors-g-or-npt-teeth-1-30l-min-flowmeter-sensor\/#primaryimage"},"image":{"@id":"https:\/\/chnsensor.com\/product\/brass-flow-sensors-g-or-npt-teeth-1-30l-min-flowmeter-sensor\/#primaryimage"},"thumbnailUrl":"https:\/\/i0.wp.com\/chnsensor.com\/wp-content\/uploads\/2025\/08\/HZ21WI-44%EF%BC%882%EF%BC%89-1.jpg?fit=1000%2C1000&ssl=1","datePublished":"2025-08-20T01:46:27+00:00","description":"Brass Flow Sensors ,44mm body, G1\/2\" standard thread, wide range 1-30L\/min, suitable for water purification equipment, supports custom G or NPT thread.","breadcrumb":{"@id":"https:\/\/chnsensor.com\/product\/brass-flow-sensors-g-or-npt-teeth-1-30l-min-flowmeter-sensor\/#breadcrumb"},"inLanguage":"tr","potentialAction":[{"@type":"ReadAction","target":["https:\/\/chnsensor.com\/product\/brass-flow-sensors-g-or-npt-teeth-1-30l-min-flowmeter-sensor\/"]}]},{"@type":"ImageObject","inLanguage":"tr","@id":"https:\/\/chnsensor.com\/product\/brass-flow-sensors-g-or-npt-teeth-1-30l-min-flowmeter-sensor\/#primaryimage","url":"https:\/\/i0.wp.com\/chnsensor.com\/wp-content\/uploads\/2025\/08\/HZ21WI-44%EF%BC%882%EF%BC%89-1.jpg?fit=1000%2C1000&ssl=1","contentUrl":"https:\/\/i0.wp.com\/chnsensor.com\/wp-content\/uploads\/2025\/08\/HZ21WI-44%EF%BC%882%EF%BC%89-1.jpg?fit=1000%2C1000&ssl=1","width":1000,"height":1000,"caption":"Brass water flow sensor. Made of brass, designed in 44mm length, customizable, with G1\/2\" standard thread. Hall effect detection, with a wide measurement range of 1-30L\/min, withstand voltage of 1.75MPa, and medium temperature range of -10\u2103 to 80\u2103, is suitable for household appliances such as water purification equipment, water dispensers, and water purifiers."},{"@type":"BreadcrumbList","@id":"https:\/\/chnsensor.com\/product\/brass-flow-sensors-g-or-npt-teeth-1-30l-min-flowmeter-sensor\/#breadcrumb","itemListElement":[{"@type":"ListItem","position":1,"name":"\u9996\u9875","item":"https:\/\/chnsensor.com\/"},{"@type":"ListItem","position":2,"name":"Products","item":"https:\/\/chnsensor.com\/blogr\/"},{"@type":"ListItem","position":3,"name":"Brass Flow Sensors G or NPT Teeth 1-30L\/Min Flowmeter Sensor"}]},{"@type":"WebSite","@id":"https:\/\/chnsensor.com\/#website","url":"https:\/\/chnsensor.com\/","name":"Profesyonel sens\u00f6r \u00fcreticisi","description":"20 years experience in sensors development and manufacturing","publisher":{"@id":"https:\/\/chnsensor.com\/#organization"},"potentialAction":[{"@type":"SearchAction","target":{"@type":"EntryPoint","urlTemplate":"https:\/\/chnsensor.com\/?s={search_term_string}"},"query-input":{"@type":"PropertyValueSpecification","valueRequired":true,"valueName":"search_term_string"}}],"inLanguage":"tr"},{"@type":"Organization","@id":"https:\/\/chnsensor.com\/#organization","name":"Foshan Shunde SAIER Sensor Co., Ltd.","url":"https:\/\/chnsensor.com\/","logo":{"@type":"ImageObject","inLanguage":"tr","@id":"https:\/\/chnsensor.com\/#\/schema\/logo\/image\/","url":"https:\/\/i0.wp.com\/chnsensor.com\/wp-content\/uploads\/2024\/09\/LOGO.png?fit=1704%2C653&ssl=1","contentUrl":"https:\/\/i0.wp.com\/chnsensor.com\/wp-content\/uploads\/2024\/09\/LOGO.png?fit=1704%2C653&ssl=1","width":1704,"height":653,"caption":"Foshan Shunde SAIER Sensor Co., Ltd."},"image":{"@id":"https:\/\/chnsensor.com\/#\/schema\/logo\/image\/"}}]}},"jetpack_publicize_connections":[],"jetpack_likes_enabled":true,"jetpack_sharing_enabled":true,"jetpack-related-posts":[],"_links":{"self":[{"href":"https:\/\/chnsensor.com\/tr\/wp-json\/wp\/v2\/product\/4659","targetHints":{"allow":["GET"]}}],"collection":[{"href":"https:\/\/chnsensor.com\/tr\/wp-json\/wp\/v2\/product"}],"about":[{"href":"https:\/\/chnsensor.com\/tr\/wp-json\/wp\/v2\/types\/product"}],"replies":[{"embeddable":true,"href":"https:\/\/chnsensor.com\/tr\/wp-json\/wp\/v2\/comments?post=4659"}],"wp:featuredmedia":[{"embeddable":true,"href":"https:\/\/chnsensor.com\/tr\/wp-json\/wp\/v2\/media\/4661"}],"wp:attachment":[{"href":"https:\/\/chnsensor.com\/tr\/wp-json\/wp\/v2\/media?parent=4659"}],"wp:term":[{"taxonomy":"product_brand","embeddable":true,"href":"https:\/\/chnsensor.com\/tr\/wp-json\/wp\/v2\/product_brand?post=4659"},{"taxonomy":"product_cat","embeddable":true,"href":"https:\/\/chnsensor.com\/tr\/wp-json\/wp\/v2\/product_cat?post=4659"},{"taxonomy":"product_tag","embeddable":true,"href":"https:\/\/chnsensor.com\/tr\/wp-json\/wp\/v2\/product_tag?post=4659"}],"curies":[{"name":"wp","href":"https:\/\/api.w.org\/{rel}","templated":true}]}}