{"id":4689,"date":"2025-08-20T17:11:38","date_gmt":"2025-08-20T09:11:38","guid":{"rendered":"https:\/\/chnsensor.com\/?post_type=product&#038;p=4689"},"modified":"2025-08-20T17:11:39","modified_gmt":"2025-08-20T09:11:39","slug":"cable-float-level-sensor-water-pump-float-switch-for-oil-tank","status":"publish","type":"product","link":"https:\/\/chnsensor.com\/tr\/urun\/cable-float-level-sensor-water-pump-float-switch-for-oil-tank\/","title":{"rendered":"Cable Float Level Sensor Water Pump Float Switch For Oil Tank"},"content":{"rendered":"<p><strong>Cable float level sensor, a mechanical liquid level control device that operates based on the principle of buoyancy. The cable length can be customized from 1 to 10 meters. It is used in complex working conditions such as water tanks and sewage treatment, and can work stably at 0\u2103 to 80\u2103.<\/strong><\/p>\n<p><strong>Model Numaras\u0131<\/strong>:SEN-FS1078P<\/p>\n<p><strong>\u00c7\u0131kt\u0131:<\/strong>ON\/OFF Control<\/p>\n<p><strong>Uygulama:<\/strong>Water Pump Control<\/p>\n<p><strong>Malzeme<\/strong>:PP Plastic<\/p>\n<p><strong>Tip:<\/strong>Normally Open\/Closed<\/p>\n<p><strong>Operating Voltage Range<\/strong>:250V(380V)<\/p>\n<p><strong>Output Signal:<\/strong>Anahtar Sinyali, Kontak Sinyali<\/p>\n<p><strong>Su s\u0131cakl\u0131\u011f\u0131:<\/strong>Less than 80 \u2103<\/p>\n<p><strong>Line Specification and Install Direction:<\/strong>2M, 3M, 4M, 5M, could be Customized<\/p>\n<p><strong>Mechanical Endurance:<\/strong>\u226550000 times<\/p>\n<p><a href=\"https:\/\/chnsensor.com\/tr\/urun-kategori\/float-level-switch\/\"><strong>Di\u011fer Modeller: Buraya T\u0131klay\u0131n<\/strong><\/a><\/p>\n<div id=\"v-3FAA6Rnn-1\" class=\"video-player\"><iframe title='VideoPress Video Oynat\u0131c\u0131s\u0131' aria-label='VideoPress Video Oynat\u0131c\u0131s\u0131' width='400' height='224' src='https:\/\/videopress.com\/embed\/3FAA6Rnn?hd=1&amp;cover=1&amp;loop=0&amp;autoPlay=0&amp;permalink=1&amp;muted=0&amp;controls=1&amp;playsinline=0&amp;useAverageColor=0&amp;preloadContent=metadata' frameborder='0' allowfullscreen data-resize-to-parent=\"true\" allow='clipboard-write'><\/iframe><script src='https:\/\/s0.wp.com\/wp-content\/plugins\/video\/assets\/js\/next\/videopress-iframe.js'><\/script><\/div>","protected":false},"excerpt":{"rendered":"<p>Cable float level sensor, a mechanical liquid level control device that operates based on the principle of buoyancy. The cable length can be customized from 1 to 10 meters. It is used in complex working conditions such as water tanks and sewage treatment, and can work stably at 0\u2103 to 80\u2103. Model Number:SEN-FS1078P Output:ON\/OFF Control [&hellip;]<\/p>\n","protected":false},"featured_media":3738,"comment_status":"open","ping_status":"closed","template":"","meta":{"_eb_attr":"","jetpack_publicize_message":"","jetpack_publicize_feature_enabled":true,"jetpack_social_post_already_shared":true,"jetpack_social_options":{"image_generator_settings":{"template":"highway","default_image_id":0,"font":"","enabled":false},"version":2},"_wpas_customize_per_network":false},"product_brand":[132668],"product_cat":[132618,132620],"product_tag":[133040,132921],"class_list":{"0":"post-4689","1":"product","2":"type-product","3":"status-publish","4":"has-post-thumbnail","6":"product_brand-saier","7":"product_cat-float-level-switch","8":"product_cat-plastic-float-switch","9":"product_tag-cable-float-level-sensor","10":"product_tag-cable-float-level-switch","12":"first","13":"instock","14":"shipping-taxable","15":"product-type-simple"},"yoast_head":"<!-- This site is optimized with the Yoast SEO plugin v27.6 - https:\/\/yoast.com\/product\/yoast-seo-wordpress\/ -->\n<title>Cable Float Level Sensor Water Pump Float Switch For Oil Tank - Professional manufacturer of sensors<\/title>\n<meta name=\"description\" content=\"Cable float level sensor, customizable in length from 1 to 10 meters, is used in complex working conditions such as water tanks and sewage treatment.\" \/>\n<meta name=\"robots\" content=\"index, follow, max-snippet:-1, max-image-preview:large, max-video-preview:-1\" \/>\n<link rel=\"canonical\" href=\"https:\/\/chnsensor.com\/tr\/urun\/cable-float-level-sensor-water-pump-float-switch-for-oil-tank\/\" \/>\n<meta property=\"og:locale\" content=\"tr_TR\" \/>\n<meta property=\"og:type\" content=\"article\" \/>\n<meta property=\"og:title\" content=\"Cable Float Level Sensor Water Pump Float Switch For Oil Tank - Professional manufacturer of sensors\" \/>\n<meta property=\"og:description\" content=\"Cable float level sensor, customizable in length from 1 to 10 meters, is used in complex working conditions such as water tanks and sewage treatment.\" \/>\n<meta property=\"og:url\" content=\"https:\/\/chnsensor.com\/tr\/urun\/cable-float-level-sensor-water-pump-float-switch-for-oil-tank\/\" \/>\n<meta property=\"og:site_name\" content=\"Professional manufacturer of sensors\" \/>\n<meta property=\"article:modified_time\" content=\"2025-08-20T09:11:39+00:00\" \/>\n<meta property=\"og:image\" content=\"https:\/\/chnsensor.com\/wp-content\/uploads\/2025\/06\/FS1078P\uff083\uff09.jpg\" \/>\n\t<meta property=\"og:image:width\" content=\"1000\" \/>\n\t<meta property=\"og:image:height\" content=\"1000\" \/>\n\t<meta property=\"og:image:type\" content=\"image\/jpeg\" \/>\n<meta name=\"twitter:card\" content=\"summary_large_image\" \/>\n<meta name=\"twitter:label1\" content=\"Tahmini okuma s\u00fcresi\" \/>\n\t<meta name=\"twitter:data1\" content=\"1 dakika\" \/>\n<script type=\"application\/ld+json\" class=\"yoast-schema-graph\">{\"@context\":\"https:\\\/\\\/schema.org\",\"@graph\":[{\"@type\":\"WebPage\",\"@id\":\"https:\\\/\\\/chnsensor.com\\\/product\\\/cable-float-level-sensor-water-pump-float-switch-for-oil-tank\\\/\",\"url\":\"https:\\\/\\\/chnsensor.com\\\/product\\\/cable-float-level-sensor-water-pump-float-switch-for-oil-tank\\\/\",\"name\":\"Cable Float Level Sensor Water Pump Float Switch For Oil Tank - Professional manufacturer of sensors\",\"isPartOf\":{\"@id\":\"https:\\\/\\\/chnsensor.com\\\/#website\"},\"primaryImageOfPage\":{\"@id\":\"https:\\\/\\\/chnsensor.com\\\/product\\\/cable-float-level-sensor-water-pump-float-switch-for-oil-tank\\\/#primaryimage\"},\"image\":{\"@id\":\"https:\\\/\\\/chnsensor.com\\\/product\\\/cable-float-level-sensor-water-pump-float-switch-for-oil-tank\\\/#primaryimage\"},\"thumbnailUrl\":\"https:\\\/\\\/i0.wp.com\\\/chnsensor.com\\\/wp-content\\\/uploads\\\/2025\\\/06\\\/FS1078P%EF%BC%883%EF%BC%89.jpg?fit=1000%2C1000&ssl=1\",\"datePublished\":\"2025-08-20T09:11:38+00:00\",\"dateModified\":\"2025-08-20T09:11:39+00:00\",\"description\":\"Cable float level sensor, customizable in length from 1 to 10 meters, is used in complex working conditions such as water tanks and sewage treatment.\",\"breadcrumb\":{\"@id\":\"https:\\\/\\\/chnsensor.com\\\/product\\\/cable-float-level-sensor-water-pump-float-switch-for-oil-tank\\\/#breadcrumb\"},\"inLanguage\":\"tr\",\"potentialAction\":[{\"@type\":\"ReadAction\",\"target\":[\"https:\\\/\\\/chnsensor.com\\\/product\\\/cable-float-level-sensor-water-pump-float-switch-for-oil-tank\\\/\"]}]},{\"@type\":\"ImageObject\",\"inLanguage\":\"tr\",\"@id\":\"https:\\\/\\\/chnsensor.com\\\/product\\\/cable-float-level-sensor-water-pump-float-switch-for-oil-tank\\\/#primaryimage\",\"url\":\"https:\\\/\\\/i0.wp.com\\\/chnsensor.com\\\/wp-content\\\/uploads\\\/2025\\\/06\\\/FS1078P%EF%BC%883%EF%BC%89.jpg?fit=1000%2C1000&ssl=1\",\"contentUrl\":\"https:\\\/\\\/i0.wp.com\\\/chnsensor.com\\\/wp-content\\\/uploads\\\/2025\\\/06\\\/FS1078P%EF%BC%883%EF%BC%89.jpg?fit=1000%2C1000&ssl=1\",\"width\":1000,\"height\":1000,\"caption\":\"Apply to 220V Submersible Sewage 1-10m Cable Pump Water Level Sensor PP Float Ball Float Level Switch Water Level Instrument.\"},{\"@type\":\"BreadcrumbList\",\"@id\":\"https:\\\/\\\/chnsensor.com\\\/product\\\/cable-float-level-sensor-water-pump-float-switch-for-oil-tank\\\/#breadcrumb\",\"itemListElement\":[{\"@type\":\"ListItem\",\"position\":1,\"name\":\"\u9996\u9875\",\"item\":\"https:\\\/\\\/chnsensor.com\\\/\"},{\"@type\":\"ListItem\",\"position\":2,\"name\":\"Products\",\"item\":\"https:\\\/\\\/chnsensor.com\\\/blogr\\\/\"},{\"@type\":\"ListItem\",\"position\":3,\"name\":\"Cable Float Level Sensor Water Pump Float Switch For Oil Tank\"}]},{\"@type\":\"WebSite\",\"@id\":\"https:\\\/\\\/chnsensor.com\\\/#website\",\"url\":\"https:\\\/\\\/chnsensor.com\\\/\",\"name\":\"Professional manufacturer of sensors\",\"description\":\"20 years experience in sensors development and manufacturing\",\"publisher\":{\"@id\":\"https:\\\/\\\/chnsensor.com\\\/#organization\"},\"potentialAction\":[{\"@type\":\"SearchAction\",\"target\":{\"@type\":\"EntryPoint\",\"urlTemplate\":\"https:\\\/\\\/chnsensor.com\\\/?s={search_term_string}\"},\"query-input\":{\"@type\":\"PropertyValueSpecification\",\"valueRequired\":true,\"valueName\":\"search_term_string\"}}],\"inLanguage\":\"tr\"},{\"@type\":\"Organization\",\"@id\":\"https:\\\/\\\/chnsensor.com\\\/#organization\",\"name\":\"Foshan Shunde SAIER Sensor Co., Ltd.\",\"url\":\"https:\\\/\\\/chnsensor.com\\\/\",\"logo\":{\"@type\":\"ImageObject\",\"inLanguage\":\"tr\",\"@id\":\"https:\\\/\\\/chnsensor.com\\\/#\\\/schema\\\/logo\\\/image\\\/\",\"url\":\"https:\\\/\\\/i0.wp.com\\\/chnsensor.com\\\/wp-content\\\/uploads\\\/2024\\\/09\\\/LOGO.png?fit=1704%2C653&ssl=1\",\"contentUrl\":\"https:\\\/\\\/i0.wp.com\\\/chnsensor.com\\\/wp-content\\\/uploads\\\/2024\\\/09\\\/LOGO.png?fit=1704%2C653&ssl=1\",\"width\":1704,\"height\":653,\"caption\":\"Foshan Shunde SAIER Sensor Co., Ltd.\"},\"image\":{\"@id\":\"https:\\\/\\\/chnsensor.com\\\/#\\\/schema\\\/logo\\\/image\\\/\"}}]}<\/script>\n<!-- \/ Yoast SEO plugin. -->","yoast_head_json":{"title":"Cable Float Level Sensor Water Pump Float Switch For Oil Tank - Professional manufacturer of sensors","description":"Cable float level sensor, customizable in length from 1 to 10 meters, is used in complex working conditions such as water tanks and sewage treatment.","robots":{"index":"index","follow":"follow","max-snippet":"max-snippet:-1","max-image-preview":"max-image-preview:large","max-video-preview":"max-video-preview:-1"},"canonical":"https:\/\/chnsensor.com\/tr\/urun\/cable-float-level-sensor-water-pump-float-switch-for-oil-tank\/","og_locale":"tr_TR","og_type":"article","og_title":"Cable Float Level Sensor Water Pump Float Switch For Oil Tank - Professional manufacturer of sensors","og_description":"Cable float level sensor, customizable in length from 1 to 10 meters, is used in complex working conditions such as water tanks and sewage treatment.","og_url":"https:\/\/chnsensor.com\/tr\/urun\/cable-float-level-sensor-water-pump-float-switch-for-oil-tank\/","og_site_name":"Professional manufacturer of sensors","article_modified_time":"2025-08-20T09:11:39+00:00","og_image":[{"width":1000,"height":1000,"url":"https:\/\/chnsensor.com\/wp-content\/uploads\/2025\/06\/FS1078P\uff083\uff09.jpg","type":"image\/jpeg"}],"twitter_card":"summary_large_image","twitter_misc":{"Tahmini okuma s\u00fcresi":"1 dakika"},"schema":{"@context":"https:\/\/schema.org","@graph":[{"@type":"WebPage","@id":"https:\/\/chnsensor.com\/product\/cable-float-level-sensor-water-pump-float-switch-for-oil-tank\/","url":"https:\/\/chnsensor.com\/product\/cable-float-level-sensor-water-pump-float-switch-for-oil-tank\/","name":"Cable Float Level Sensor Water Pump Float Switch For Oil Tank - Professional manufacturer of sensors","isPartOf":{"@id":"https:\/\/chnsensor.com\/#website"},"primaryImageOfPage":{"@id":"https:\/\/chnsensor.com\/product\/cable-float-level-sensor-water-pump-float-switch-for-oil-tank\/#primaryimage"},"image":{"@id":"https:\/\/chnsensor.com\/product\/cable-float-level-sensor-water-pump-float-switch-for-oil-tank\/#primaryimage"},"thumbnailUrl":"https:\/\/i0.wp.com\/chnsensor.com\/wp-content\/uploads\/2025\/06\/FS1078P%EF%BC%883%EF%BC%89.jpg?fit=1000%2C1000&ssl=1","datePublished":"2025-08-20T09:11:38+00:00","dateModified":"2025-08-20T09:11:39+00:00","description":"Cable float level sensor, customizable in length from 1 to 10 meters, is used in complex working conditions such as water tanks and sewage treatment.","breadcrumb":{"@id":"https:\/\/chnsensor.com\/product\/cable-float-level-sensor-water-pump-float-switch-for-oil-tank\/#breadcrumb"},"inLanguage":"tr","potentialAction":[{"@type":"ReadAction","target":["https:\/\/chnsensor.com\/product\/cable-float-level-sensor-water-pump-float-switch-for-oil-tank\/"]}]},{"@type":"ImageObject","inLanguage":"tr","@id":"https:\/\/chnsensor.com\/product\/cable-float-level-sensor-water-pump-float-switch-for-oil-tank\/#primaryimage","url":"https:\/\/i0.wp.com\/chnsensor.com\/wp-content\/uploads\/2025\/06\/FS1078P%EF%BC%883%EF%BC%89.jpg?fit=1000%2C1000&ssl=1","contentUrl":"https:\/\/i0.wp.com\/chnsensor.com\/wp-content\/uploads\/2025\/06\/FS1078P%EF%BC%883%EF%BC%89.jpg?fit=1000%2C1000&ssl=1","width":1000,"height":1000,"caption":"Apply to 220V Submersible Sewage 1-10m Cable Pump Water Level Sensor PP Float Ball Float Level Switch Water Level Instrument."},{"@type":"BreadcrumbList","@id":"https:\/\/chnsensor.com\/product\/cable-float-level-sensor-water-pump-float-switch-for-oil-tank\/#breadcrumb","itemListElement":[{"@type":"ListItem","position":1,"name":"\u9996\u9875","item":"https:\/\/chnsensor.com\/"},{"@type":"ListItem","position":2,"name":"Products","item":"https:\/\/chnsensor.com\/blogr\/"},{"@type":"ListItem","position":3,"name":"Cable Float Level Sensor Water Pump Float Switch For Oil Tank"}]},{"@type":"WebSite","@id":"https:\/\/chnsensor.com\/#website","url":"https:\/\/chnsensor.com\/","name":"Profesyonel sens\u00f6r \u00fcreticisi","description":"20 years experience in sensors development and manufacturing","publisher":{"@id":"https:\/\/chnsensor.com\/#organization"},"potentialAction":[{"@type":"SearchAction","target":{"@type":"EntryPoint","urlTemplate":"https:\/\/chnsensor.com\/?s={search_term_string}"},"query-input":{"@type":"PropertyValueSpecification","valueRequired":true,"valueName":"search_term_string"}}],"inLanguage":"tr"},{"@type":"Organization","@id":"https:\/\/chnsensor.com\/#organization","name":"Foshan Shunde SAIER Sensor Co., Ltd.","url":"https:\/\/chnsensor.com\/","logo":{"@type":"ImageObject","inLanguage":"tr","@id":"https:\/\/chnsensor.com\/#\/schema\/logo\/image\/","url":"https:\/\/i0.wp.com\/chnsensor.com\/wp-content\/uploads\/2024\/09\/LOGO.png?fit=1704%2C653&ssl=1","contentUrl":"https:\/\/i0.wp.com\/chnsensor.com\/wp-content\/uploads\/2024\/09\/LOGO.png?fit=1704%2C653&ssl=1","width":1704,"height":653,"caption":"Foshan Shunde SAIER Sensor Co., Ltd."},"image":{"@id":"https:\/\/chnsensor.com\/#\/schema\/logo\/image\/"}}]}},"jetpack_publicize_connections":[],"jetpack_likes_enabled":true,"jetpack_sharing_enabled":true,"jetpack-related-posts":[],"_links":{"self":[{"href":"https:\/\/chnsensor.com\/tr\/wp-json\/wp\/v2\/product\/4689","targetHints":{"allow":["GET"]}}],"collection":[{"href":"https:\/\/chnsensor.com\/tr\/wp-json\/wp\/v2\/product"}],"about":[{"href":"https:\/\/chnsensor.com\/tr\/wp-json\/wp\/v2\/types\/product"}],"replies":[{"embeddable":true,"href":"https:\/\/chnsensor.com\/tr\/wp-json\/wp\/v2\/comments?post=4689"}],"wp:featuredmedia":[{"embeddable":true,"href":"https:\/\/chnsensor.com\/tr\/wp-json\/wp\/v2\/media\/3738"}],"wp:attachment":[{"href":"https:\/\/chnsensor.com\/tr\/wp-json\/wp\/v2\/media?parent=4689"}],"wp:term":[{"taxonomy":"product_brand","embeddable":true,"href":"https:\/\/chnsensor.com\/tr\/wp-json\/wp\/v2\/product_brand?post=4689"},{"taxonomy":"product_cat","embeddable":true,"href":"https:\/\/chnsensor.com\/tr\/wp-json\/wp\/v2\/product_cat?post=4689"},{"taxonomy":"product_tag","embeddable":true,"href":"https:\/\/chnsensor.com\/tr\/wp-json\/wp\/v2\/product_tag?post=4689"}],"curies":[{"name":"wp","href":"https:\/\/api.w.org\/{rel}","templated":true}]}}