{"id":5434,"date":"2025-12-24T10:27:33","date_gmt":"2025-12-24T02:27:33","guid":{"rendered":"https:\/\/chnsensor.com\/?post_type=product&#038;p=5434"},"modified":"2025-12-31T09:45:17","modified_gmt":"2025-12-31T01:45:17","slug":"float-switches-110v-for-air-conditioner","status":"publish","type":"product","link":"https:\/\/chnsensor.com\/tr\/urun\/float-switches-110v-for-air-conditioner\/","title":{"rendered":"Float Switches 110V for Air conditioner"},"content":{"rendered":"<p><strong>Float Switches with a one-year warranty , made of PP Plastic material, M10 threaded interface, 10W\/70W power is customizable, with a 70mm ultra-short rod body design, reed switch contact, high or low alarm selectable, suitable for water purifiers, water dispensers, water heaters, water tanks and other equipment.For more products, please feel free to contact us.<\/strong><\/p>\n<p><strong>Model Numaras\u0131:<\/strong>SEN-PPI70<\/p>\n<p><strong>Teori<\/strong>:Float level switch<\/p>\n<p><strong>Installation:<\/strong>fix upright<\/p>\n<p><strong>Malzeme:<\/strong>PP<\/p>\n<p><strong>Operating Voltage Range:<\/strong>Below DC110V<\/p>\n<p><strong>Medium requirement:<\/strong>Water or Liquid No Damage to the Float Ball, 0~60\u2103<\/p>\n<p><strong>Specifictation:<\/strong>Float Ball Diameter 24mm, Fixed Screw M10<\/p>\n<p><strong>Switch Power:<\/strong>10W, Normally Open Type<\/p>\n<p><strong><span class=\"tran-text\">working life<\/span><\/strong><strong>:<\/strong>300,000 cycles, mechanical life: 10 million cycles<\/p>\n<p><a href=\"https:\/\/chnsensor.com\/tr\/urun-kategori\/float-level-switch\/\"><strong>Di\u011fer Modeller: Buraya T\u0131klay\u0131n<\/strong><\/a><\/p>\n<div style=\"width: 1280px;\" class=\"wp-video\"><video class=\"wp-video-shortcode\" id=\"video-5434-1\" width=\"1280\" height=\"720\" preload=\"metadata\" controls=\"controls\"><source type=\"video\/mp4\" src=\"https:\/\/chnsensor.com\/wp-content\/uploads\/2025\/12\/FLOAT-SWITCH.mp4?_=1\" \/><a href=\"https:\/\/chnsensor.com\/wp-content\/uploads\/2025\/12\/FLOAT-SWITCH.mp4\">https:\/\/chnsensor.com\/wp-content\/uploads\/2025\/12\/FLOAT-SWITCH.mp4<\/a><\/video><\/div>\n<p>&nbsp;<\/p>","protected":false},"excerpt":{"rendered":"<p>Float Switches with a one-year warranty , made of PP Plastic material, M10 threaded interface, 10W\/70W power is customizable, with a 70mm ultra-short rod body design, reed switch contact, high or low alarm selectable, suitable for water purifiers, water dispensers, water heaters, water tanks and other equipment.For more products, please feel free to contact us. [&hellip;]<\/p>\n","protected":false},"featured_media":5439,"comment_status":"open","ping_status":"closed","template":"","meta":{"_eb_attr":"","jetpack_publicize_message":"","jetpack_publicize_feature_enabled":true,"jetpack_social_post_already_shared":true,"jetpack_social_options":{"image_generator_settings":{"template":"highway","default_image_id":0,"font":"","enabled":false},"version":2},"_wpas_customize_per_network":false},"product_brand":[132668],"product_cat":[132620],"product_tag":[132855,132635,133045,132852,133018],"class_list":{"0":"post-5434","1":"product","2":"type-product","3":"status-publish","4":"has-post-thumbnail","6":"product_brand-saier","7":"product_cat-plastic-float-switch","8":"product_tag-float-ball-level-switch","9":"product_tag-float-level-sensor","10":"product_tag-float-switch-for-air-conditioner","11":"product_tag-liquid-level-sensor","12":"product_tag-water-tank-float-switch","14":"first","15":"instock","16":"shipping-taxable","17":"product-type-simple"},"yoast_head":"<!-- This site is optimized with the Yoast SEO plugin v27.6 - https:\/\/yoast.com\/product\/yoast-seo-wordpress\/ -->\n<title>Float Switches 110V for Air conditioner - Professional manufacturer of sensors<\/title>\n<meta name=\"description\" content=\"Float Switches with a one-year warranty , with a 70mm ultra-short rod body design,made of PP Plastic material, M10 threaded interface, 10W\/70W power.\" \/>\n<meta name=\"robots\" content=\"index, follow, max-snippet:-1, max-image-preview:large, max-video-preview:-1\" \/>\n<link rel=\"canonical\" href=\"https:\/\/chnsensor.com\/tr\/urun\/float-switches-110v-for-air-conditioner\/\" \/>\n<meta property=\"og:locale\" content=\"tr_TR\" \/>\n<meta property=\"og:type\" content=\"article\" \/>\n<meta property=\"og:title\" content=\"Float Switches 110V for Air conditioner - Professional manufacturer of sensors\" \/>\n<meta property=\"og:description\" content=\"Float Switches with a one-year warranty , with a 70mm ultra-short rod body design,made of PP Plastic material, M10 threaded interface, 10W\/70W power.\" \/>\n<meta property=\"og:url\" content=\"https:\/\/chnsensor.com\/tr\/urun\/float-switches-110v-for-air-conditioner\/\" \/>\n<meta property=\"og:site_name\" content=\"Professional manufacturer of sensors\" \/>\n<meta property=\"article:modified_time\" content=\"2025-12-31T01:45:17+00:00\" \/>\n<meta property=\"og:image\" content=\"https:\/\/chnsensor.com\/wp-content\/uploads\/2025\/12\/PPI70-4.png\" \/>\n\t<meta property=\"og:image:width\" content=\"1000\" \/>\n\t<meta property=\"og:image:height\" content=\"1000\" \/>\n\t<meta property=\"og:image:type\" content=\"image\/png\" \/>\n<meta name=\"twitter:card\" content=\"summary_large_image\" \/>\n<meta name=\"twitter:label1\" content=\"Tahmini okuma s\u00fcresi\" \/>\n\t<meta name=\"twitter:data1\" content=\"1 dakika\" \/>\n<script type=\"application\/ld+json\" class=\"yoast-schema-graph\">{\"@context\":\"https:\\\/\\\/schema.org\",\"@graph\":[{\"@type\":\"WebPage\",\"@id\":\"https:\\\/\\\/chnsensor.com\\\/product\\\/float-switches-110v-for-air-conditioner\\\/\",\"url\":\"https:\\\/\\\/chnsensor.com\\\/product\\\/float-switches-110v-for-air-conditioner\\\/\",\"name\":\"Float Switches 110V for Air conditioner - Professional manufacturer of sensors\",\"isPartOf\":{\"@id\":\"https:\\\/\\\/chnsensor.com\\\/#website\"},\"primaryImageOfPage\":{\"@id\":\"https:\\\/\\\/chnsensor.com\\\/product\\\/float-switches-110v-for-air-conditioner\\\/#primaryimage\"},\"image\":{\"@id\":\"https:\\\/\\\/chnsensor.com\\\/product\\\/float-switches-110v-for-air-conditioner\\\/#primaryimage\"},\"thumbnailUrl\":\"https:\\\/\\\/i0.wp.com\\\/chnsensor.com\\\/wp-content\\\/uploads\\\/2025\\\/12\\\/PPI70-4.png?fit=1000%2C1000&ssl=1\",\"datePublished\":\"2025-12-24T02:27:33+00:00\",\"dateModified\":\"2025-12-31T01:45:17+00:00\",\"description\":\"Float Switches with a one-year warranty , with a 70mm ultra-short rod body design,made of PP Plastic material, M10 threaded interface, 10W\\\/70W power.\",\"breadcrumb\":{\"@id\":\"https:\\\/\\\/chnsensor.com\\\/product\\\/float-switches-110v-for-air-conditioner\\\/#breadcrumb\"},\"inLanguage\":\"tr\",\"potentialAction\":[{\"@type\":\"ReadAction\",\"target\":[\"https:\\\/\\\/chnsensor.com\\\/product\\\/float-switches-110v-for-air-conditioner\\\/\"]}]},{\"@type\":\"ImageObject\",\"inLanguage\":\"tr\",\"@id\":\"https:\\\/\\\/chnsensor.com\\\/product\\\/float-switches-110v-for-air-conditioner\\\/#primaryimage\",\"url\":\"https:\\\/\\\/i0.wp.com\\\/chnsensor.com\\\/wp-content\\\/uploads\\\/2025\\\/12\\\/PPI70-4.png?fit=1000%2C1000&ssl=1\",\"contentUrl\":\"https:\\\/\\\/i0.wp.com\\\/chnsensor.com\\\/wp-content\\\/uploads\\\/2025\\\/12\\\/PPI70-4.png?fit=1000%2C1000&ssl=1\",\"width\":1000,\"height\":1000,\"caption\":\"SAIER Float level switch with a 70mm ultra-short rod body design, M10 threaded interface, 110V\\\/220V customizable\"},{\"@type\":\"BreadcrumbList\",\"@id\":\"https:\\\/\\\/chnsensor.com\\\/product\\\/float-switches-110v-for-air-conditioner\\\/#breadcrumb\",\"itemListElement\":[{\"@type\":\"ListItem\",\"position\":1,\"name\":\"\u9996\u9875\",\"item\":\"https:\\\/\\\/chnsensor.com\\\/\"},{\"@type\":\"ListItem\",\"position\":2,\"name\":\"Products\",\"item\":\"https:\\\/\\\/chnsensor.com\\\/blogr\\\/\"},{\"@type\":\"ListItem\",\"position\":3,\"name\":\"Float Switches 110V for Air conditioner\"}]},{\"@type\":\"WebSite\",\"@id\":\"https:\\\/\\\/chnsensor.com\\\/#website\",\"url\":\"https:\\\/\\\/chnsensor.com\\\/\",\"name\":\"Professional manufacturer of sensors\",\"description\":\"20 years experience in sensors development and manufacturing\",\"publisher\":{\"@id\":\"https:\\\/\\\/chnsensor.com\\\/#organization\"},\"potentialAction\":[{\"@type\":\"SearchAction\",\"target\":{\"@type\":\"EntryPoint\",\"urlTemplate\":\"https:\\\/\\\/chnsensor.com\\\/?s={search_term_string}\"},\"query-input\":{\"@type\":\"PropertyValueSpecification\",\"valueRequired\":true,\"valueName\":\"search_term_string\"}}],\"inLanguage\":\"tr\"},{\"@type\":\"Organization\",\"@id\":\"https:\\\/\\\/chnsensor.com\\\/#organization\",\"name\":\"Foshan Shunde SAIER Sensor Co., Ltd.\",\"url\":\"https:\\\/\\\/chnsensor.com\\\/\",\"logo\":{\"@type\":\"ImageObject\",\"inLanguage\":\"tr\",\"@id\":\"https:\\\/\\\/chnsensor.com\\\/#\\\/schema\\\/logo\\\/image\\\/\",\"url\":\"https:\\\/\\\/i0.wp.com\\\/chnsensor.com\\\/wp-content\\\/uploads\\\/2024\\\/09\\\/LOGO.png?fit=1704%2C653&ssl=1\",\"contentUrl\":\"https:\\\/\\\/i0.wp.com\\\/chnsensor.com\\\/wp-content\\\/uploads\\\/2024\\\/09\\\/LOGO.png?fit=1704%2C653&ssl=1\",\"width\":1704,\"height\":653,\"caption\":\"Foshan Shunde SAIER Sensor Co., Ltd.\"},\"image\":{\"@id\":\"https:\\\/\\\/chnsensor.com\\\/#\\\/schema\\\/logo\\\/image\\\/\"}}]}<\/script>\n<!-- \/ Yoast SEO plugin. -->","yoast_head_json":{"title":"Float Switches 110V for Air conditioner - Professional manufacturer of sensors","description":"Float Switches with a one-year warranty , with a 70mm ultra-short rod body design,made of PP Plastic material, M10 threaded interface, 10W\/70W power.","robots":{"index":"index","follow":"follow","max-snippet":"max-snippet:-1","max-image-preview":"max-image-preview:large","max-video-preview":"max-video-preview:-1"},"canonical":"https:\/\/chnsensor.com\/tr\/urun\/float-switches-110v-for-air-conditioner\/","og_locale":"tr_TR","og_type":"article","og_title":"Float Switches 110V for Air conditioner - Professional manufacturer of sensors","og_description":"Float Switches with a one-year warranty , with a 70mm ultra-short rod body design,made of PP Plastic material, M10 threaded interface, 10W\/70W power.","og_url":"https:\/\/chnsensor.com\/tr\/urun\/float-switches-110v-for-air-conditioner\/","og_site_name":"Professional manufacturer of sensors","article_modified_time":"2025-12-31T01:45:17+00:00","og_image":[{"width":1000,"height":1000,"url":"https:\/\/chnsensor.com\/wp-content\/uploads\/2025\/12\/PPI70-4.png","type":"image\/png"}],"twitter_card":"summary_large_image","twitter_misc":{"Tahmini okuma s\u00fcresi":"1 dakika"},"schema":{"@context":"https:\/\/schema.org","@graph":[{"@type":"WebPage","@id":"https:\/\/chnsensor.com\/product\/float-switches-110v-for-air-conditioner\/","url":"https:\/\/chnsensor.com\/product\/float-switches-110v-for-air-conditioner\/","name":"Float Switches 110V for Air conditioner - Professional manufacturer of sensors","isPartOf":{"@id":"https:\/\/chnsensor.com\/#website"},"primaryImageOfPage":{"@id":"https:\/\/chnsensor.com\/product\/float-switches-110v-for-air-conditioner\/#primaryimage"},"image":{"@id":"https:\/\/chnsensor.com\/product\/float-switches-110v-for-air-conditioner\/#primaryimage"},"thumbnailUrl":"https:\/\/i0.wp.com\/chnsensor.com\/wp-content\/uploads\/2025\/12\/PPI70-4.png?fit=1000%2C1000&ssl=1","datePublished":"2025-12-24T02:27:33+00:00","dateModified":"2025-12-31T01:45:17+00:00","description":"Float Switches with a one-year warranty , with a 70mm ultra-short rod body design,made of PP Plastic material, M10 threaded interface, 10W\/70W power.","breadcrumb":{"@id":"https:\/\/chnsensor.com\/product\/float-switches-110v-for-air-conditioner\/#breadcrumb"},"inLanguage":"tr","potentialAction":[{"@type":"ReadAction","target":["https:\/\/chnsensor.com\/product\/float-switches-110v-for-air-conditioner\/"]}]},{"@type":"ImageObject","inLanguage":"tr","@id":"https:\/\/chnsensor.com\/product\/float-switches-110v-for-air-conditioner\/#primaryimage","url":"https:\/\/i0.wp.com\/chnsensor.com\/wp-content\/uploads\/2025\/12\/PPI70-4.png?fit=1000%2C1000&ssl=1","contentUrl":"https:\/\/i0.wp.com\/chnsensor.com\/wp-content\/uploads\/2025\/12\/PPI70-4.png?fit=1000%2C1000&ssl=1","width":1000,"height":1000,"caption":"SAIER Float level switch with a 70mm ultra-short rod body design, M10 threaded interface, 110V\/220V customizable"},{"@type":"BreadcrumbList","@id":"https:\/\/chnsensor.com\/product\/float-switches-110v-for-air-conditioner\/#breadcrumb","itemListElement":[{"@type":"ListItem","position":1,"name":"\u9996\u9875","item":"https:\/\/chnsensor.com\/"},{"@type":"ListItem","position":2,"name":"Products","item":"https:\/\/chnsensor.com\/blogr\/"},{"@type":"ListItem","position":3,"name":"Float Switches 110V for Air conditioner"}]},{"@type":"WebSite","@id":"https:\/\/chnsensor.com\/#website","url":"https:\/\/chnsensor.com\/","name":"Profesyonel sens\u00f6r \u00fcreticisi","description":"20 years experience in sensors development and manufacturing","publisher":{"@id":"https:\/\/chnsensor.com\/#organization"},"potentialAction":[{"@type":"SearchAction","target":{"@type":"EntryPoint","urlTemplate":"https:\/\/chnsensor.com\/?s={search_term_string}"},"query-input":{"@type":"PropertyValueSpecification","valueRequired":true,"valueName":"search_term_string"}}],"inLanguage":"tr"},{"@type":"Organization","@id":"https:\/\/chnsensor.com\/#organization","name":"Foshan Shunde SAIER Sensor Co., Ltd.","url":"https:\/\/chnsensor.com\/","logo":{"@type":"ImageObject","inLanguage":"tr","@id":"https:\/\/chnsensor.com\/#\/schema\/logo\/image\/","url":"https:\/\/i0.wp.com\/chnsensor.com\/wp-content\/uploads\/2024\/09\/LOGO.png?fit=1704%2C653&ssl=1","contentUrl":"https:\/\/i0.wp.com\/chnsensor.com\/wp-content\/uploads\/2024\/09\/LOGO.png?fit=1704%2C653&ssl=1","width":1704,"height":653,"caption":"Foshan Shunde SAIER Sensor Co., Ltd."},"image":{"@id":"https:\/\/chnsensor.com\/#\/schema\/logo\/image\/"}}]}},"jetpack_publicize_connections":[],"jetpack_likes_enabled":true,"jetpack_sharing_enabled":true,"jetpack-related-posts":[],"_links":{"self":[{"href":"https:\/\/chnsensor.com\/tr\/wp-json\/wp\/v2\/product\/5434","targetHints":{"allow":["GET"]}}],"collection":[{"href":"https:\/\/chnsensor.com\/tr\/wp-json\/wp\/v2\/product"}],"about":[{"href":"https:\/\/chnsensor.com\/tr\/wp-json\/wp\/v2\/types\/product"}],"replies":[{"embeddable":true,"href":"https:\/\/chnsensor.com\/tr\/wp-json\/wp\/v2\/comments?post=5434"}],"wp:featuredmedia":[{"embeddable":true,"href":"https:\/\/chnsensor.com\/tr\/wp-json\/wp\/v2\/media\/5439"}],"wp:attachment":[{"href":"https:\/\/chnsensor.com\/tr\/wp-json\/wp\/v2\/media?parent=5434"}],"wp:term":[{"taxonomy":"product_brand","embeddable":true,"href":"https:\/\/chnsensor.com\/tr\/wp-json\/wp\/v2\/product_brand?post=5434"},{"taxonomy":"product_cat","embeddable":true,"href":"https:\/\/chnsensor.com\/tr\/wp-json\/wp\/v2\/product_cat?post=5434"},{"taxonomy":"product_tag","embeddable":true,"href":"https:\/\/chnsensor.com\/tr\/wp-json\/wp\/v2\/product_tag?post=5434"}],"curies":[{"name":"wp","href":"https:\/\/api.w.org\/{rel}","templated":true}]}}